{"id":32164,"date":"2026-02-04T14:12:41","date_gmt":"2026-02-04T11:12:41","guid":{"rendered":"https:\/\/a-pant.ee\/product\/akkumulyatornaya-drel-makita-hp332d-12v\/"},"modified":"2026-02-22T12:19:33","modified_gmt":"2026-02-22T09:19:33","slug":"akkumulyatornaya-drel-makita-hp332d-12v-aku","status":"publish","type":"product","link":"https:\/\/a-pant.ee\/ru\/product\/akkumulyatornaya-drel-makita-hp332d-12v-aku\/","title":{"rendered":"\u0410\u043a\u043a\u0443\u043c\u0443\u043b\u044f\u0442\u043e\u0440\u043d\u0430\u044f \u0434\u0440\u0435\u043b\u044c Makita HP332D 12v + \u0410\u043a\u0443"},"content":{"rendered":"\n<p> Akutrell Makita HP332D 12v + Aku\u00a0, heas seisu- ja t\u00f6\u00f6korras! <\/p><p> KIRJELDUS <\/p><p> T\u00f6\u00f6riista t\u00fc\u00fcp:\u00a0akuga l\u00f6\u00f6kpuur-kruvikeeraja <br \/> Pinge:\u00a012 V (CXT s\u00fcsteem) <br \/> Maksimaalne p\u00f6\u00f6rdemoment:\u00a0kuni 35 Nm <br \/> P\u00f6\u00f6rded minutis: <\/p><ul><li><ol><li> kiirus: kuni 450 p\/min <\/li><\/ol><\/li><li><ol><li> kiirus: kuni 1500 p\/min <\/li><\/ol><\/li><\/ul><p> L\u00f6\u00f6gire\u017eiim:\u00a0kuni 22 500 l\u00f6\u00f6ki\/min <br \/> Puurimisv\u00f5ime: <\/p><ul><li> Puit: kuni 28 mm <\/li><li> Metall: kuni 10 mm <\/li><li> Kivi\/telliskivi: kuni 8 mm <\/li><\/ul><p> Padrun:\u00a0kiirkinnitusega 10 mm <br \/> P\u00f6\u00f6rdemomendi reguleerimine:\u00a0olemas, mitmeastmeline <br \/> T\u00f6\u00f6ala LED-valgustus:\u00a0olemas <br \/> Revers:\u00a0olemas <br \/> Kaal:\u00a0umbes 1,1 kg (olenevalt akust) <\/p>\n","protected":false},"excerpt":{"rendered":"<p>Akutrell Makita HP332D 12v + Aku\u00a0, heas seisu- ja t\u00f6\u00f6korras! KIRJELDUS T\u00f6\u00f6riista t\u00fc\u00fcp:\u00a0akuga l\u00f6\u00f6kpuur-kruvikeeraja Pinge:\u00a012 V (CXT s\u00fcsteem) Maksimaalne p\u00f6\u00f6rdemoment:\u00a0kuni 35 Nm P\u00f6\u00f6rded minutis: kiirus: kuni 450 p\/min kiirus: kuni 1500 p\/min L\u00f6\u00f6gire\u017eiim:\u00a0kuni 22 500 l\u00f6\u00f6ki\/min Puurimisv\u00f5ime: Puit: kuni 28 mm Metall: kuni 10 mm Kivi\/telliskivi: kuni 8 mm Padrun:\u00a0kiirkinnitusega 10 mm P\u00f6\u00f6rdemomendi reguleerimine:\u00a0olemas, mitmeastmeline [&hellip;]<\/p>\n","protected":false},"featured_media":32165,"comment_status":"closed","ping_status":"open","template":"","meta":{"inline_featured_image":false},"product_brand":[],"product_cat":[221],"product_tag":[],"class_list":{"0":"post-32164","1":"product","2":"type-product","3":"status-publish","4":"has-post-thumbnail","6":"product_cat-akkumulyatornye-dreli","7":"pa_asukoht-mustamae","8":"pa_seisukord-ispolzovano","10":"first","11":"instock","12":"taxable","13":"shipping-taxable","14":"purchasable","15":"product-type-simple"},"_links":{"self":[{"href":"https:\/\/a-pant.ee\/ru\/wp-json\/wp\/v2\/product\/32164","targetHints":{"allow":["GET"]}}],"collection":[{"href":"https:\/\/a-pant.ee\/ru\/wp-json\/wp\/v2\/product"}],"about":[{"href":"https:\/\/a-pant.ee\/ru\/wp-json\/wp\/v2\/types\/product"}],"replies":[{"embeddable":true,"href":"https:\/\/a-pant.ee\/ru\/wp-json\/wp\/v2\/comments?post=32164"}],"wp:featuredmedia":[{"embeddable":true,"href":"https:\/\/a-pant.ee\/ru\/wp-json\/wp\/v2\/media\/32165"}],"wp:attachment":[{"href":"https:\/\/a-pant.ee\/ru\/wp-json\/wp\/v2\/media?parent=32164"}],"wp:term":[{"taxonomy":"product_brand","embeddable":true,"href":"https:\/\/a-pant.ee\/ru\/wp-json\/wp\/v2\/product_brand?post=32164"},{"taxonomy":"product_cat","embeddable":true,"href":"https:\/\/a-pant.ee\/ru\/wp-json\/wp\/v2\/product_cat?post=32164"},{"taxonomy":"product_tag","embeddable":true,"href":"https:\/\/a-pant.ee\/ru\/wp-json\/wp\/v2\/product_tag?post=32164"}],"curies":[{"name":"wp","href":"https:\/\/api.w.org\/{rel}","templated":true}]}}