{"id":32158,"date":"2026-02-04T14:08:10","date_gmt":"2026-02-04T11:08:10","guid":{"rendered":"https:\/\/a-pant.ee\/product\/trimmer-demon-rq580\/"},"modified":"2026-02-22T12:19:39","modified_gmt":"2026-02-22T09:19:39","slug":"trimmer-demon-rq580","status":"publish","type":"product","link":"https:\/\/a-pant.ee\/ru\/product\/trimmer-demon-rq580\/","title":{"rendered":"\u0422\u0440\u0438\u043c\u043c\u0435\u0440 Demon RQ580"},"content":{"rendered":"\n<p> Murutrimmer Demon RQ580, heas seisu- ja t\u00f6\u00f6korras! <\/p><p> KIRJELDUS <\/p><ul><li> T\u00fc\u00fcp: bensiinimootoriga trimmer \/ v\u00f5sal\u00f5ikur <\/li><li> Mootor: 2-taktiline, \u00f5hkjahutusega <\/li><li> T\u00f6\u00f6maht: 51,7 cm\u00b3 <\/li><li> V\u00f5imsus: umbes 1,4 kW (u 5,2 hj) <\/li><li> Maksimaalsed p\u00f6\u00f6rded: kuni 9500 p\/min <\/li><li> T\u00fchik\u00e4igup\u00f6\u00f6rded: umbes 3000 p\/min <\/li><li> L\u00f5ikes\u00fcsteem: 2\u20132,4 mm trimmerij\u00f5hv ja metallist nuga \/ ketas <\/li><li> Vars: umbes 150 cm <\/li><li> K\u00fctusesegu: 25:1 (bensiin : \u00f5li) <\/li><li> Vibraatsiooniv\u00e4hendus: olemas <\/li><li> Kaal: umbes 7 kg <\/li><li> M\u00fcra tase: umbes 96 dB(A) <\/li><\/ul>\n","protected":false},"excerpt":{"rendered":"<p>Murutrimmer Demon RQ580, heas seisu- ja t\u00f6\u00f6korras! KIRJELDUS T\u00fc\u00fcp: bensiinimootoriga trimmer \/ v\u00f5sal\u00f5ikur Mootor: 2-taktiline, \u00f5hkjahutusega T\u00f6\u00f6maht: 51,7 cm\u00b3 V\u00f5imsus: umbes 1,4 kW (u 5,2 hj) Maksimaalsed p\u00f6\u00f6rded: kuni 9500 p\/min T\u00fchik\u00e4igup\u00f6\u00f6rded: umbes 3000 p\/min L\u00f5ikes\u00fcsteem: 2\u20132,4 mm trimmerij\u00f5hv ja metallist nuga \/ ketas Vars: umbes 150 cm K\u00fctusesegu: 25:1 (bensiin : \u00f5li) Vibraatsiooniv\u00e4hendus: olemas [&hellip;]<\/p>\n","protected":false},"featured_media":32159,"comment_status":"closed","ping_status":"closed","template":"","meta":{"inline_featured_image":false},"product_brand":[],"product_cat":[220],"product_tag":[],"class_list":{"0":"post-32158","1":"product","2":"type-product","3":"status-publish","4":"has-post-thumbnail","6":"product_cat-sadovye-instrumenty","7":"product_shipping_class-oversize","8":"pa_asukoht-mustamae","9":"pa_seisukord-ispolzovano","11":"first","12":"instock","13":"taxable","14":"shipping-taxable","15":"purchasable","16":"product-type-simple"},"_links":{"self":[{"href":"https:\/\/a-pant.ee\/ru\/wp-json\/wp\/v2\/product\/32158","targetHints":{"allow":["GET"]}}],"collection":[{"href":"https:\/\/a-pant.ee\/ru\/wp-json\/wp\/v2\/product"}],"about":[{"href":"https:\/\/a-pant.ee\/ru\/wp-json\/wp\/v2\/types\/product"}],"replies":[{"embeddable":true,"href":"https:\/\/a-pant.ee\/ru\/wp-json\/wp\/v2\/comments?post=32158"}],"wp:featuredmedia":[{"embeddable":true,"href":"https:\/\/a-pant.ee\/ru\/wp-json\/wp\/v2\/media\/32159"}],"wp:attachment":[{"href":"https:\/\/a-pant.ee\/ru\/wp-json\/wp\/v2\/media?parent=32158"}],"wp:term":[{"taxonomy":"product_brand","embeddable":true,"href":"https:\/\/a-pant.ee\/ru\/wp-json\/wp\/v2\/product_brand?post=32158"},{"taxonomy":"product_cat","embeddable":true,"href":"https:\/\/a-pant.ee\/ru\/wp-json\/wp\/v2\/product_cat?post=32158"},{"taxonomy":"product_tag","embeddable":true,"href":"https:\/\/a-pant.ee\/ru\/wp-json\/wp\/v2\/product_tag?post=32158"}],"curies":[{"name":"wp","href":"https:\/\/api.w.org\/{rel}","templated":true}]}}