{"id":32145,"date":"2026-02-04T14:08:10","date_gmt":"2026-02-04T11:08:10","guid":{"rendered":"https:\/\/a-pant.ee\/product\/trimmer-texas-2-stroke-43-cc\/"},"modified":"2026-02-22T12:19:38","modified_gmt":"2026-02-22T09:19:38","slug":"trimmer-texas-2-stroke-43-cc","status":"publish","type":"product","link":"https:\/\/a-pant.ee\/ru\/product\/trimmer-texas-2-stroke-43-cc\/","title":{"rendered":"\u0422\u0440\u0438\u043c\u043c\u0435\u0440 Texas 2 Stroke 43 CC"},"content":{"rendered":"\n<p> Trimmer Texas 2 Stroke 43 CC, heas seisu- ja t\u00f6\u00f6korras! <\/p><p> KIRJELDUS <\/p><p> Mootor: Texas, 43 cm\u00b3 <br \/> Mootor: Kahetaktiline, \u00f5hkjahutusega <br \/> V\u00f5imsus: 1,25 kW <br \/> K\u00e4epide: Topelt <br \/> Ketta l\u00f5ikelaius: 25 cm <br \/> L\u00f5ikelaius: 43 cm <br \/> Kaal: 7,8 kg <\/p>\n","protected":false},"excerpt":{"rendered":"<p>Trimmer Texas 2 Stroke 43 CC, heas seisu- ja t\u00f6\u00f6korras! KIRJELDUS Mootor: Texas, 43 cm\u00b3 Mootor: Kahetaktiline, \u00f5hkjahutusega V\u00f5imsus: 1,25 kW K\u00e4epide: Topelt Ketta l\u00f5ikelaius: 25 cm L\u00f5ikelaius: 43 cm Kaal: 7,8 kg<\/p>\n","protected":false},"featured_media":32146,"comment_status":"closed","ping_status":"closed","template":"","meta":{"inline_featured_image":false},"product_brand":[],"product_cat":[220],"product_tag":[],"class_list":{"0":"post-32145","1":"product","2":"type-product","3":"status-publish","4":"has-post-thumbnail","6":"product_cat-sadovye-instrumenty","7":"product_shipping_class-oversize","8":"pa_asukoht-mustamae","9":"pa_seisukord-ispolzovano","11":"first","12":"instock","13":"taxable","14":"shipping-taxable","15":"purchasable","16":"product-type-simple"},"_links":{"self":[{"href":"https:\/\/a-pant.ee\/ru\/wp-json\/wp\/v2\/product\/32145","targetHints":{"allow":["GET"]}}],"collection":[{"href":"https:\/\/a-pant.ee\/ru\/wp-json\/wp\/v2\/product"}],"about":[{"href":"https:\/\/a-pant.ee\/ru\/wp-json\/wp\/v2\/types\/product"}],"replies":[{"embeddable":true,"href":"https:\/\/a-pant.ee\/ru\/wp-json\/wp\/v2\/comments?post=32145"}],"wp:featuredmedia":[{"embeddable":true,"href":"https:\/\/a-pant.ee\/ru\/wp-json\/wp\/v2\/media\/32146"}],"wp:attachment":[{"href":"https:\/\/a-pant.ee\/ru\/wp-json\/wp\/v2\/media?parent=32145"}],"wp:term":[{"taxonomy":"product_brand","embeddable":true,"href":"https:\/\/a-pant.ee\/ru\/wp-json\/wp\/v2\/product_brand?post=32145"},{"taxonomy":"product_cat","embeddable":true,"href":"https:\/\/a-pant.ee\/ru\/wp-json\/wp\/v2\/product_cat?post=32145"},{"taxonomy":"product_tag","embeddable":true,"href":"https:\/\/a-pant.ee\/ru\/wp-json\/wp\/v2\/product_tag?post=32145"}],"curies":[{"name":"wp","href":"https:\/\/api.w.org\/{rel}","templated":true}]}}