{"id":32133,"date":"2026-02-04T14:08:10","date_gmt":"2026-02-04T11:08:10","guid":{"rendered":"https:\/\/a-pant.ee\/product\/lobzik-bosch-pst-800-pel-compact\/"},"modified":"2026-02-22T12:19:38","modified_gmt":"2026-02-22T09:19:38","slug":"lobzik-bosch-pst-800-pel-compact","status":"publish","type":"product","link":"https:\/\/a-pant.ee\/ru\/product\/lobzik-bosch-pst-800-pel-compact\/","title":{"rendered":"\u041b\u043e\u0431\u0437\u0438\u043a Bosch PST 800 PEL Compact"},"content":{"rendered":"\n<p> Tikksaag Bosch PST 800 PEL Compact + kohver\u00a0heas seisu- ja t\u00f6\u00f6korras! <\/p><p> KIRJELDUS <\/p><p> Sisendv\u00f5imsus 530 W, v\u00e4ljund 290 W. <br \/> P\u00f6\u00f6rded 500\u20133000 p\/min. <br \/> L\u00f5ikes\u00fcgavus: puit 80 mm, teras 5 mm. <br \/> Kaal 2 kg, terasest tald. <\/p>\n","protected":false},"excerpt":{"rendered":"<p>Tikksaag Bosch PST 800 PEL Compact + kohver\u00a0heas seisu- ja t\u00f6\u00f6korras! KIRJELDUS Sisendv\u00f5imsus 530 W, v\u00e4ljund 290 W. P\u00f6\u00f6rded 500\u20133000 p\/min. L\u00f5ikes\u00fcgavus: puit 80 mm, teras 5 mm. Kaal 2 kg, terasest tald.<\/p>\n","protected":false},"featured_media":32134,"comment_status":"closed","ping_status":"open","template":"","meta":{"inline_featured_image":false},"product_brand":[],"product_cat":[244],"product_tag":[],"class_list":{"0":"post-32133","1":"product","2":"type-product","3":"status-publish","4":"has-post-thumbnail","6":"product_cat-lobziki","7":"pa_asukoht-lasnamae","8":"pa_seisukord-ispolzovano","10":"first","11":"instock","12":"taxable","13":"shipping-taxable","14":"purchasable","15":"product-type-simple"},"_links":{"self":[{"href":"https:\/\/a-pant.ee\/ru\/wp-json\/wp\/v2\/product\/32133","targetHints":{"allow":["GET"]}}],"collection":[{"href":"https:\/\/a-pant.ee\/ru\/wp-json\/wp\/v2\/product"}],"about":[{"href":"https:\/\/a-pant.ee\/ru\/wp-json\/wp\/v2\/types\/product"}],"replies":[{"embeddable":true,"href":"https:\/\/a-pant.ee\/ru\/wp-json\/wp\/v2\/comments?post=32133"}],"wp:featuredmedia":[{"embeddable":true,"href":"https:\/\/a-pant.ee\/ru\/wp-json\/wp\/v2\/media\/32134"}],"wp:attachment":[{"href":"https:\/\/a-pant.ee\/ru\/wp-json\/wp\/v2\/media?parent=32133"}],"wp:term":[{"taxonomy":"product_brand","embeddable":true,"href":"https:\/\/a-pant.ee\/ru\/wp-json\/wp\/v2\/product_brand?post=32133"},{"taxonomy":"product_cat","embeddable":true,"href":"https:\/\/a-pant.ee\/ru\/wp-json\/wp\/v2\/product_cat?post=32133"},{"taxonomy":"product_tag","embeddable":true,"href":"https:\/\/a-pant.ee\/ru\/wp-json\/wp\/v2\/product_tag?post=32133"}],"curies":[{"name":"wp","href":"https:\/\/api.w.org\/{rel}","templated":true}]}}