{"id":32127,"date":"2026-02-04T14:08:10","date_gmt":"2026-02-04T11:08:10","guid":{"rendered":"https:\/\/a-pant.ee\/product\/shlifovalnyy-stanok-scheppach-ds-930\/"},"modified":"2026-02-22T12:19:38","modified_gmt":"2026-02-22T09:19:38","slug":"shlifovalnyj-stanok-scheppach-ds-930-710-vt","status":"publish","type":"product","link":"https:\/\/a-pant.ee\/ru\/product\/shlifovalnyj-stanok-scheppach-ds-930-710-vt\/","title":{"rendered":"\u0428\u043b\u0438\u0444\u043e\u0432\u0430\u043b\u044c\u043d\u044b\u0439 \u0441\u0442\u0430\u043d\u043e\u043a Scheppach DS 930, 710 \u0412\u0442"},"content":{"rendered":"\n<p> Lihvimismasin Scheppach DS 930, 710 W + karp + ostik\u00a0, heas seisu- ja t\u00f6\u00f6korras! <\/p><p> KIRJELDUS <\/p><p> Scheppach lihvmasin, v\u00f5imsus 710 W. <br \/> Talla l\u00e4bim\u00f5\u00f5t \u00d8215 mm, kiirusereguleerimine 7500\u201312000. <br \/> Teleskoopk\u00e4epide. Kaal 4,5 kg. <\/p>\n","protected":false},"excerpt":{"rendered":"<p>Lihvimismasin Scheppach DS 930, 710 W + karp + ostik\u00a0, heas seisu- ja t\u00f6\u00f6korras! KIRJELDUS Scheppach lihvmasin, v\u00f5imsus 710 W. Talla l\u00e4bim\u00f5\u00f5t \u00d8215 mm, kiirusereguleerimine 7500\u201312000. Teleskoopk\u00e4epide. Kaal 4,5 kg.<\/p>\n","protected":false},"featured_media":32128,"comment_status":"closed","ping_status":"open","template":"","meta":{"inline_featured_image":false},"product_brand":[],"product_cat":[233],"product_tag":[],"class_list":{"0":"post-32127","1":"product","2":"type-product","3":"status-publish","4":"has-post-thumbnail","6":"product_cat-shlifovalnyj-instrument","7":"pa_asukoht-lasnamae","8":"pa_seisukord-ispolzovano","10":"first","11":"instock","12":"taxable","13":"shipping-taxable","14":"purchasable","15":"product-type-simple"},"_links":{"self":[{"href":"https:\/\/a-pant.ee\/ru\/wp-json\/wp\/v2\/product\/32127","targetHints":{"allow":["GET"]}}],"collection":[{"href":"https:\/\/a-pant.ee\/ru\/wp-json\/wp\/v2\/product"}],"about":[{"href":"https:\/\/a-pant.ee\/ru\/wp-json\/wp\/v2\/types\/product"}],"replies":[{"embeddable":true,"href":"https:\/\/a-pant.ee\/ru\/wp-json\/wp\/v2\/comments?post=32127"}],"wp:featuredmedia":[{"embeddable":true,"href":"https:\/\/a-pant.ee\/ru\/wp-json\/wp\/v2\/media\/32128"}],"wp:attachment":[{"href":"https:\/\/a-pant.ee\/ru\/wp-json\/wp\/v2\/media?parent=32127"}],"wp:term":[{"taxonomy":"product_brand","embeddable":true,"href":"https:\/\/a-pant.ee\/ru\/wp-json\/wp\/v2\/product_brand?post=32127"},{"taxonomy":"product_cat","embeddable":true,"href":"https:\/\/a-pant.ee\/ru\/wp-json\/wp\/v2\/product_cat?post=32127"},{"taxonomy":"product_tag","embeddable":true,"href":"https:\/\/a-pant.ee\/ru\/wp-json\/wp\/v2\/product_tag?post=32127"}],"curies":[{"name":"wp","href":"https:\/\/api.w.org\/{rel}","templated":true}]}}