{"id":32120,"date":"2026-02-04T14:08:10","date_gmt":"2026-02-04T11:08:10","guid":{"rendered":"https:\/\/a-pant.ee\/product\/lazernyj-nivelir-nedo-sirius1-hv\/"},"modified":"2026-02-22T12:19:38","modified_gmt":"2026-02-22T09:19:38","slug":"lazernyj-nivelir-nedo-sirius1-hvpolnyj-komplekt","status":"publish","type":"product","link":"https:\/\/a-pant.ee\/ru\/product\/lazernyj-nivelir-nedo-sirius1-hvpolnyj-komplekt\/","title":{"rendered":"\u041b\u0430\u0437\u0435\u0440\u043d\u044b\u0439 \u043d\u0438\u0432\u0435\u043b\u0438\u0440 Nedo SIRIUS1 HV(\u043f\u043e\u043b\u043d\u044b\u0439 \u043a\u043e\u043c\u043f\u043b\u0435\u043a\u0442)"},"content":{"rendered":"\n<p> Lasernivelliir Nedo Sirius 1 HV(taisekomplekt) + votja + laadija + ostik + kohver\u00a0heas seisu- ja t\u00f6\u00f6korras! <\/p><p> KIRJELDUS <\/p><p> Professionaalne laser kuni 300 m vastuv\u00f5tjaga. <br \/> T\u00e4psus \u00b10,1 mm\/m, punane kiir. <br \/> Horisontaalne\/vertikaalne m\u00e4rgistus, kalde seadmine X\/Y teljel, \u00fclavertikaal. <br \/> Servo-kompensaator \u00b15\u00b0, 4 kiirust (60\u2013600 p\/min), skaneerimine 6\u00b0\u201390\u00b0. <br \/> T\u00f6\u00f6aeg kuni 30 h (NiMH). IP65. <br \/> Komplekt: vastuv\u00f5tja ACCEPTOR1, pult SIRIUS1, aku, laadija, plastkorpus. <\/p>\n","protected":false},"excerpt":{"rendered":"<p>Lasernivelliir Nedo Sirius 1 HV(taisekomplekt) + votja + laadija + ostik + kohver\u00a0heas seisu- ja t\u00f6\u00f6korras! KIRJELDUS Professionaalne laser kuni 300 m vastuv\u00f5tjaga. T\u00e4psus \u00b10,1 mm\/m, punane kiir. Horisontaalne\/vertikaalne m\u00e4rgistus, kalde seadmine X\/Y teljel, \u00fclavertikaal. Servo-kompensaator \u00b15\u00b0, 4 kiirust (60\u2013600 p\/min), skaneerimine 6\u00b0\u201390\u00b0. T\u00f6\u00f6aeg kuni 30 h (NiMH). IP65. Komplekt: vastuv\u00f5tja ACCEPTOR1, pult SIRIUS1, aku, [&hellip;]<\/p>\n","protected":false},"featured_media":32121,"comment_status":"closed","ping_status":"open","template":"","meta":{"inline_featured_image":false},"product_brand":[],"product_cat":[232],"product_tag":[],"class_list":{"0":"post-32120","1":"product","2":"type-product","3":"status-publish","4":"has-post-thumbnail","6":"product_cat-lazernye-niveliry","7":"pa_asukoht-lasnamae","8":"pa_seisukord-ispolzovano","10":"first","11":"instock","12":"taxable","13":"shipping-taxable","14":"purchasable","15":"product-type-simple"},"_links":{"self":[{"href":"https:\/\/a-pant.ee\/ru\/wp-json\/wp\/v2\/product\/32120","targetHints":{"allow":["GET"]}}],"collection":[{"href":"https:\/\/a-pant.ee\/ru\/wp-json\/wp\/v2\/product"}],"about":[{"href":"https:\/\/a-pant.ee\/ru\/wp-json\/wp\/v2\/types\/product"}],"replies":[{"embeddable":true,"href":"https:\/\/a-pant.ee\/ru\/wp-json\/wp\/v2\/comments?post=32120"}],"wp:featuredmedia":[{"embeddable":true,"href":"https:\/\/a-pant.ee\/ru\/wp-json\/wp\/v2\/media\/32121"}],"wp:attachment":[{"href":"https:\/\/a-pant.ee\/ru\/wp-json\/wp\/v2\/media?parent=32120"}],"wp:term":[{"taxonomy":"product_brand","embeddable":true,"href":"https:\/\/a-pant.ee\/ru\/wp-json\/wp\/v2\/product_brand?post=32120"},{"taxonomy":"product_cat","embeddable":true,"href":"https:\/\/a-pant.ee\/ru\/wp-json\/wp\/v2\/product_cat?post=32120"},{"taxonomy":"product_tag","embeddable":true,"href":"https:\/\/a-pant.ee\/ru\/wp-json\/wp\/v2\/product_tag?post=32120"}],"curies":[{"name":"wp","href":"https:\/\/api.w.org\/{rel}","templated":true}]}}