{"id":32108,"date":"2026-02-04T14:08:10","date_gmt":"2026-02-04T11:08:10","guid":{"rendered":"https:\/\/a-pant.ee\/product\/velosiped-ktm-ultra-fun-29\/"},"modified":"2026-02-22T12:19:38","modified_gmt":"2026-02-22T09:19:38","slug":"velosiped-ktm-ultra-fun-29-dokumenty-chek","status":"publish","type":"product","link":"https:\/\/a-pant.ee\/ru\/product\/velosiped-ktm-ultra-fun-29-dokumenty-chek\/","title":{"rendered":"\u0412\u0435\u043b\u043e\u0441\u0438\u043f\u0435\u0434 KTM Ultra FUN 29 + \u0434\u043e\u043a\u0443\u043c\u0435\u043d\u0442\u044b + \u0447\u0435\u043a"},"content":{"rendered":"\n<p> Jalgrattas KTM Ultra FUN 29 + dok + tsekk, heas seisu- ja t\u00f6\u00f6korras! <\/p><p> KIRJELDUS <\/p><p> K\u00e4igu Kiirused 12 <\/p><p> Raam suurus L 50cm &#187; Pikkusele 178-185cm <\/p><p> Rattad 29 <br \/> Esiamort <\/p>\n","protected":false},"excerpt":{"rendered":"<p>Jalgrattas KTM Ultra FUN 29 + dok + tsekk, heas seisu- ja t\u00f6\u00f6korras! KIRJELDUS K\u00e4igu Kiirused 12 Raam suurus L 50cm &#187; Pikkusele 178-185cm Rattad 29 Esiamort<\/p>\n","protected":false},"featured_media":32109,"comment_status":"closed","ping_status":"closed","template":"","meta":{"inline_featured_image":false},"product_brand":[],"product_cat":[216],"product_tag":[],"class_list":{"0":"post-32108","1":"product","2":"type-product","3":"status-publish","4":"has-post-thumbnail","6":"product_cat-velosipedy","7":"product_shipping_class-oversize","8":"pa_asukoht-mustamae","9":"pa_seisukord-ispolzovano","11":"first","12":"outofstock","13":"taxable","14":"shipping-taxable","15":"purchasable","16":"product-type-simple"},"_links":{"self":[{"href":"https:\/\/a-pant.ee\/ru\/wp-json\/wp\/v2\/product\/32108","targetHints":{"allow":["GET"]}}],"collection":[{"href":"https:\/\/a-pant.ee\/ru\/wp-json\/wp\/v2\/product"}],"about":[{"href":"https:\/\/a-pant.ee\/ru\/wp-json\/wp\/v2\/types\/product"}],"replies":[{"embeddable":true,"href":"https:\/\/a-pant.ee\/ru\/wp-json\/wp\/v2\/comments?post=32108"}],"wp:featuredmedia":[{"embeddable":true,"href":"https:\/\/a-pant.ee\/ru\/wp-json\/wp\/v2\/media\/32109"}],"wp:attachment":[{"href":"https:\/\/a-pant.ee\/ru\/wp-json\/wp\/v2\/media?parent=32108"}],"wp:term":[{"taxonomy":"product_brand","embeddable":true,"href":"https:\/\/a-pant.ee\/ru\/wp-json\/wp\/v2\/product_brand?post=32108"},{"taxonomy":"product_cat","embeddable":true,"href":"https:\/\/a-pant.ee\/ru\/wp-json\/wp\/v2\/product_cat?post=32108"},{"taxonomy":"product_tag","embeddable":true,"href":"https:\/\/a-pant.ee\/ru\/wp-json\/wp\/v2\/product_tag?post=32108"}],"curies":[{"name":"wp","href":"https:\/\/api.w.org\/{rel}","templated":true}]}}