{"id":32097,"date":"2026-02-04T14:08:10","date_gmt":"2026-02-04T11:08:10","guid":{"rendered":"https:\/\/a-pant.ee\/product\/benzopila-hpg-ld825c-hpgctcs25\/"},"modified":"2026-02-22T12:19:37","modified_gmt":"2026-02-22T09:19:37","slug":"benzopila-hpg-ld825c-hpgctcs25","status":"publish","type":"product","link":"https:\/\/a-pant.ee\/ru\/product\/benzopila-hpg-ld825c-hpgctcs25\/","title":{"rendered":"\u0411\u0435\u043d\u0437\u043e\u043f\u0438\u043b\u0430 HPG LD825C\/HPGCTCS25"},"content":{"rendered":"\n<p> Motorsaag HPG LD825C\/HPGCTCS25\u00a0, heas seisu- ja t\u00f6\u00f6korras! <\/p><p> KIRJELDUS <\/p><ul><li> Kahetaktiline bensiinimootor <\/li><li> Mootori t\u00f6\u00f6maht: 26.4 cm\u00b3 <\/li><li> Nimiv\u00f5imsus: 0.8 kW (max 11200 p\/min) <\/li><li> Juhtplaat: 10&#8243; <\/li><li> M\u00fcratase: 113 dB <\/li><li> K\u00fctusesegu: 40:1 <\/li><li> K\u00fctusepaak: 230 ml <\/li><li> Kaal: 3.5 kg <\/li><\/ul>\n","protected":false},"excerpt":{"rendered":"<p>Motorsaag HPG LD825C\/HPGCTCS25\u00a0, heas seisu- ja t\u00f6\u00f6korras! KIRJELDUS Kahetaktiline bensiinimootor Mootori t\u00f6\u00f6maht: 26.4 cm\u00b3 Nimiv\u00f5imsus: 0.8 kW (max 11200 p\/min) Juhtplaat: 10&#8243; M\u00fcratase: 113 dB K\u00fctusesegu: 40:1 K\u00fctusepaak: 230 ml Kaal: 3.5 kg<\/p>\n","protected":false},"featured_media":32098,"comment_status":"closed","ping_status":"closed","template":"","meta":{"inline_featured_image":false},"product_brand":[],"product_cat":[220],"product_tag":[],"class_list":{"0":"post-32097","1":"product","2":"type-product","3":"status-publish","4":"has-post-thumbnail","6":"product_cat-sadovye-instrumenty","7":"pa_asukoht-mustamae","8":"pa_seisukord-ispolzovano","10":"first","11":"outofstock","12":"taxable","13":"shipping-taxable","14":"purchasable","15":"product-type-simple"},"_links":{"self":[{"href":"https:\/\/a-pant.ee\/ru\/wp-json\/wp\/v2\/product\/32097","targetHints":{"allow":["GET"]}}],"collection":[{"href":"https:\/\/a-pant.ee\/ru\/wp-json\/wp\/v2\/product"}],"about":[{"href":"https:\/\/a-pant.ee\/ru\/wp-json\/wp\/v2\/types\/product"}],"replies":[{"embeddable":true,"href":"https:\/\/a-pant.ee\/ru\/wp-json\/wp\/v2\/comments?post=32097"}],"wp:featuredmedia":[{"embeddable":true,"href":"https:\/\/a-pant.ee\/ru\/wp-json\/wp\/v2\/media\/32098"}],"wp:attachment":[{"href":"https:\/\/a-pant.ee\/ru\/wp-json\/wp\/v2\/media?parent=32097"}],"wp:term":[{"taxonomy":"product_brand","embeddable":true,"href":"https:\/\/a-pant.ee\/ru\/wp-json\/wp\/v2\/product_brand?post=32097"},{"taxonomy":"product_cat","embeddable":true,"href":"https:\/\/a-pant.ee\/ru\/wp-json\/wp\/v2\/product_cat?post=32097"},{"taxonomy":"product_tag","embeddable":true,"href":"https:\/\/a-pant.ee\/ru\/wp-json\/wp\/v2\/product_tag?post=32097"}],"curies":[{"name":"wp","href":"https:\/\/api.w.org\/{rel}","templated":true}]}}