{"id":32091,"date":"2026-02-04T14:08:10","date_gmt":"2026-02-04T11:08:10","guid":{"rendered":"https:\/\/a-pant.ee\/product\/vibratsionnaya-shlifovalnaya-mashina-ferm-fdos-150\/"},"modified":"2026-02-22T12:19:37","modified_gmt":"2026-02-22T09:19:37","slug":"vibraczionnaya-shlifovalnaya-mashina-ferm-fdos-150","status":"publish","type":"product","link":"https:\/\/a-pant.ee\/ru\/product\/vibraczionnaya-shlifovalnaya-mashina-ferm-fdos-150\/","title":{"rendered":"\u0412\u0438\u0431\u0440\u0430\u0446\u0438\u043e\u043d\u043d\u0430\u044f \u0448\u043b\u0438\u0444\u043e\u0432\u0430\u043b\u044c\u043d\u0430\u044f \u043c\u0430\u0448\u0438\u043d\u0430 Ferm FDOS-150"},"content":{"rendered":"\n<p> Lihvmasin Ferm FDOS-150\u00a0, heas seisu- ja t\u00f6\u00f6korras! <\/p><p> KIRJELDUS <\/p><p> V\u00f5imsus: 150 W <\/p>\n","protected":false},"excerpt":{"rendered":"<p>Lihvmasin Ferm FDOS-150\u00a0, heas seisu- ja t\u00f6\u00f6korras! KIRJELDUS V\u00f5imsus: 150 W<\/p>\n","protected":false},"featured_media":32092,"comment_status":"closed","ping_status":"closed","template":"","meta":{"inline_featured_image":false},"product_brand":[],"product_cat":[233],"product_tag":[],"class_list":{"0":"post-32091","1":"product","2":"type-product","3":"status-publish","4":"has-post-thumbnail","6":"product_cat-shlifovalnyj-instrument","7":"pa_asukoht-mustamae","8":"pa_seisukord-ispolzovano","10":"first","11":"outofstock","12":"taxable","13":"shipping-taxable","14":"purchasable","15":"product-type-simple"},"_links":{"self":[{"href":"https:\/\/a-pant.ee\/ru\/wp-json\/wp\/v2\/product\/32091","targetHints":{"allow":["GET"]}}],"collection":[{"href":"https:\/\/a-pant.ee\/ru\/wp-json\/wp\/v2\/product"}],"about":[{"href":"https:\/\/a-pant.ee\/ru\/wp-json\/wp\/v2\/types\/product"}],"replies":[{"embeddable":true,"href":"https:\/\/a-pant.ee\/ru\/wp-json\/wp\/v2\/comments?post=32091"}],"wp:featuredmedia":[{"embeddable":true,"href":"https:\/\/a-pant.ee\/ru\/wp-json\/wp\/v2\/media\/32092"}],"wp:attachment":[{"href":"https:\/\/a-pant.ee\/ru\/wp-json\/wp\/v2\/media?parent=32091"}],"wp:term":[{"taxonomy":"product_brand","embeddable":true,"href":"https:\/\/a-pant.ee\/ru\/wp-json\/wp\/v2\/product_brand?post=32091"},{"taxonomy":"product_cat","embeddable":true,"href":"https:\/\/a-pant.ee\/ru\/wp-json\/wp\/v2\/product_cat?post=32091"},{"taxonomy":"product_tag","embeddable":true,"href":"https:\/\/a-pant.ee\/ru\/wp-json\/wp\/v2\/product_tag?post=32091"}],"curies":[{"name":"wp","href":"https:\/\/api.w.org\/{rel}","templated":true}]}}