{"id":32086,"date":"2026-02-04T14:08:10","date_gmt":"2026-02-04T11:08:10","guid":{"rendered":"https:\/\/a-pant.ee\/product\/perforator-makita-m8701\/"},"modified":"2026-02-22T12:19:37","modified_gmt":"2026-02-22T09:19:37","slug":"perfartor-makita-m8701","status":"publish","type":"product","link":"https:\/\/a-pant.ee\/ru\/product\/perfartor-makita-m8701\/","title":{"rendered":"\u041f\u0435\u0440\u0444\u0430\u0440\u0442\u043e\u0440 Makita M8701"},"content":{"rendered":"\n<p> Puurvasar Makita M8701\u00a0, heas seisu- ja t\u00f6\u00f6korras! <\/p><p> KIRJELDUS <\/p><ul><li> V\u00f5imsus: 800 W <\/li><li> L\u00f6\u00f6gienergia: 2.3 J (EPTA 05\/2009) <\/li><li> Betooni puurimisl\u00e4bim\u00f5\u00f5t: kuni 26 mm <\/li><li> L\u00f6\u00f6gisagedus: 0\u20134500 l\/min <\/li><li> T\u00fchik\u00e4igu p\u00f6\u00f6rded: 0\u20131200 p\/min <\/li><li> Vibratsioon betooni puurimisel: 16.5 m\/s\u00b2 <\/li><li> Helir\u00f5hutase: 90 dB(A) <\/li><li> Heliv\u00f5imsustase: 101 dB(A) <\/li><\/ul>\n","protected":false},"excerpt":{"rendered":"<p>Puurvasar Makita M8701\u00a0, heas seisu- ja t\u00f6\u00f6korras! KIRJELDUS V\u00f5imsus: 800 W L\u00f6\u00f6gienergia: 2.3 J (EPTA 05\/2009) Betooni puurimisl\u00e4bim\u00f5\u00f5t: kuni 26 mm L\u00f6\u00f6gisagedus: 0\u20134500 l\/min T\u00fchik\u00e4igu p\u00f6\u00f6rded: 0\u20131200 p\/min Vibratsioon betooni puurimisel: 16.5 m\/s\u00b2 Helir\u00f5hutase: 90 dB(A) Heliv\u00f5imsustase: 101 dB(A)<\/p>\n","protected":false},"featured_media":32087,"comment_status":"closed","ping_status":"open","template":"","meta":{"inline_featured_image":false},"product_brand":[],"product_cat":[239],"product_tag":[],"class_list":{"0":"post-32086","1":"product","2":"type-product","3":"status-publish","4":"has-post-thumbnail","6":"product_cat-perforatory-i-dreli","7":"pa_asukoht-mustamae","8":"pa_seisukord-ispolzovano","10":"first","11":"instock","12":"taxable","13":"shipping-taxable","14":"purchasable","15":"product-type-simple"},"_links":{"self":[{"href":"https:\/\/a-pant.ee\/ru\/wp-json\/wp\/v2\/product\/32086","targetHints":{"allow":["GET"]}}],"collection":[{"href":"https:\/\/a-pant.ee\/ru\/wp-json\/wp\/v2\/product"}],"about":[{"href":"https:\/\/a-pant.ee\/ru\/wp-json\/wp\/v2\/types\/product"}],"replies":[{"embeddable":true,"href":"https:\/\/a-pant.ee\/ru\/wp-json\/wp\/v2\/comments?post=32086"}],"wp:featuredmedia":[{"embeddable":true,"href":"https:\/\/a-pant.ee\/ru\/wp-json\/wp\/v2\/media\/32087"}],"wp:attachment":[{"href":"https:\/\/a-pant.ee\/ru\/wp-json\/wp\/v2\/media?parent=32086"}],"wp:term":[{"taxonomy":"product_brand","embeddable":true,"href":"https:\/\/a-pant.ee\/ru\/wp-json\/wp\/v2\/product_brand?post=32086"},{"taxonomy":"product_cat","embeddable":true,"href":"https:\/\/a-pant.ee\/ru\/wp-json\/wp\/v2\/product_cat?post=32086"},{"taxonomy":"product_tag","embeddable":true,"href":"https:\/\/a-pant.ee\/ru\/wp-json\/wp\/v2\/product_tag?post=32086"}],"curies":[{"name":"wp","href":"https:\/\/api.w.org\/{rel}","templated":true}]}}