{"id":32069,"date":"2026-02-04T14:08:10","date_gmt":"2026-02-04T11:08:10","guid":{"rendered":"https:\/\/a-pant.ee\/product\/monitor-msi-optix-ag321cqr\/"},"modified":"2026-02-22T12:19:37","modified_gmt":"2026-02-22T09:19:37","slug":"monitor-msi-optix-ag321cqr-korobka-hdmi","status":"publish","type":"product","link":"https:\/\/a-pant.ee\/ru\/product\/monitor-msi-optix-ag321cqr-korobka-hdmi\/","title":{"rendered":"\u041c\u043e\u043d\u0438\u0442\u043e\u0440 MSI Optix AG321CQR + \u041a\u043e\u0440\u043e\u0431\u043a\u0430 + Hdmi"},"content":{"rendered":"\n<p> Monitor MSI Optix AG321CQR + Karp + Hdmi\u00a0, heas seisu- ja t\u00f6\u00f6korras! <\/p><p> KIRJELDUS <\/p><p><br \/> \u00dcldn\u00e4itajad <br \/> Toote t\u00fc\u00fcp: Monitorid <br \/> Kaubam\u00e4rk: MSI <br \/> Monitori t\u00fc\u00fcp: LED monitor <br \/> Mudel: Optix MAG321CQR <br \/> V\u00e4rv: Must <br \/> Energiaklass: A\u2013G <\/p><p> Ekraan <br \/> Paneeli t\u00fc\u00fcp: VA <br \/> Ekraani diagonaal: 31,5&#8243; <br \/> Ekraani eraldusv\u00f5ime: 2560 \u00d7 1440 <br \/> Ekraani kuju: N\u00f5gus <br \/> V\u00e4rskendussagedus: 144 Hz <br \/> Ekraani kate: Matt <br \/> Reaktsiooniaeg: 1 ms <br \/> Horisontaalne vaatenurk: 178\u00b0 <br \/> Vertikaalne vaatenurk: 178\u00b0 <br \/> Kontrastsus: 3000 : 1 <br \/> Heledus: 300 cd\/m\u00b2 <br \/> Puutetundlik ekraan: Ei <br \/> 3D funktsioon: Ei <\/p><p> Liidesed ja \u00fchenduvus <br \/> Liidesed: 2 \u00d7 HDMI, DisplayPort <\/p><p> Sisseehitatud lisaseadmed <br \/> Sisseehitatud k\u00f5larid: Ei <\/p><p> M\u00f5\u00f5tmed ja kaal <br \/> Kaal: 7,3 kg <\/p><p> Lisainfo <br \/> Reguleeritav: Kalle <br \/> nVidia G-Sync: Ei <br \/> AMD FreeSync: Jah <\/p>\n","protected":false},"excerpt":{"rendered":"<p>Monitor MSI Optix AG321CQR + Karp + Hdmi\u00a0, heas seisu- ja t\u00f6\u00f6korras! KIRJELDUS \u00dcldn\u00e4itajad Toote t\u00fc\u00fcp: Monitorid Kaubam\u00e4rk: MSI Monitori t\u00fc\u00fcp: LED monitor Mudel: Optix MAG321CQR V\u00e4rv: Must Energiaklass: A\u2013G Ekraan Paneeli t\u00fc\u00fcp: VA Ekraani diagonaal: 31,5&#8243; Ekraani eraldusv\u00f5ime: 2560 \u00d7 1440 Ekraani kuju: N\u00f5gus V\u00e4rskendussagedus: 144 Hz Ekraani kate: Matt Reaktsiooniaeg: 1 ms Horisontaalne [&hellip;]<\/p>\n","protected":false},"featured_media":32070,"comment_status":"closed","ping_status":"open","template":"","meta":{"inline_featured_image":false},"product_brand":[],"product_cat":[173],"product_tag":[],"class_list":{"0":"post-32069","1":"product","2":"type-product","3":"status-publish","4":"has-post-thumbnail","6":"product_cat-monitory","7":"pa_asukoht-lasnamae","8":"pa_seisukord-ispolzovano","10":"first","11":"outofstock","12":"taxable","13":"shipping-taxable","14":"purchasable","15":"product-type-simple"},"_links":{"self":[{"href":"https:\/\/a-pant.ee\/ru\/wp-json\/wp\/v2\/product\/32069","targetHints":{"allow":["GET"]}}],"collection":[{"href":"https:\/\/a-pant.ee\/ru\/wp-json\/wp\/v2\/product"}],"about":[{"href":"https:\/\/a-pant.ee\/ru\/wp-json\/wp\/v2\/types\/product"}],"replies":[{"embeddable":true,"href":"https:\/\/a-pant.ee\/ru\/wp-json\/wp\/v2\/comments?post=32069"}],"wp:featuredmedia":[{"embeddable":true,"href":"https:\/\/a-pant.ee\/ru\/wp-json\/wp\/v2\/media\/32070"}],"wp:attachment":[{"href":"https:\/\/a-pant.ee\/ru\/wp-json\/wp\/v2\/media?parent=32069"}],"wp:term":[{"taxonomy":"product_brand","embeddable":true,"href":"https:\/\/a-pant.ee\/ru\/wp-json\/wp\/v2\/product_brand?post=32069"},{"taxonomy":"product_cat","embeddable":true,"href":"https:\/\/a-pant.ee\/ru\/wp-json\/wp\/v2\/product_cat?post=32069"},{"taxonomy":"product_tag","embeddable":true,"href":"https:\/\/a-pant.ee\/ru\/wp-json\/wp\/v2\/product_tag?post=32069"}],"curies":[{"name":"wp","href":"https:\/\/api.w.org\/{rel}","templated":true}]}}