{"id":32061,"date":"2026-02-04T14:08:10","date_gmt":"2026-02-04T11:08:10","guid":{"rendered":"https:\/\/a-pant.ee\/product\/maska-3m-scott-safety-duraflow-akku-zaryadka\/"},"modified":"2026-02-22T12:19:36","modified_gmt":"2026-02-22T09:19:36","slug":"maska-3m-scott-safety-duraflow-aku-zaryadka","status":"publish","type":"product","link":"https:\/\/a-pant.ee\/ru\/product\/maska-3m-scott-safety-duraflow-aku-zaryadka\/","title":{"rendered":"\u041c\u0430\u0441\u043a\u0430 3m Scott Safety Duraflow + \u0410\u043a\u0443 + \u0417\u0430\u0440\u044f\u0434\u043a\u0430"},"content":{"rendered":"\n<p> Mask 3m Scott Safety Duraflow + Aku + Laadija, heas seisu- ja t\u00f6\u00f6korras! <\/p><p> Maskil on pragu <\/p><p> KIRJELDUS <\/p><p> 3M Scott Duraflow tehnilised andmed <\/p><p> Parameeter <\/p><p> V\u00e4\u00e4rtus \/ kirjeldus <\/p><p> T\u00fc\u00fcp <\/p><p> Mootoriga \u00f5hupuhastiga respiraator (PAPR) <\/p><p> Kaal <\/p><p> ~600 g ilma filtrite ja akuta <\/p><p> \u00d5huvool (vooluhulk) <\/p><p> Minimaalselt 160 l\/min automaatse reguleerimisega <\/p><p> Aku <\/p><p> Vahetatav liitium-ioon aku <\/p><p> T\u00f6\u00f6aeg (s\u00f5ltuvalt akust) <\/p><p> \u2014 Standardaku: kuni 8 tundi <br \/> \u2014 Pikendatud t\u00f6\u00f6ajaga aku: kuni 16 tundi <\/p><p> Kaitseklass (Ingress Protection) <\/p><p> IP67 (k\u00f5rge kaitse, sobib pesemiseks ja l\u00fchiajaliseks vee all puhastamiseks) <\/p><p> Mootori t\u00fc\u00fcp <\/p><p> Harjadeta mootor <\/p><p> H\u00e4ire- ja hoiatussignaalid <\/p><p> Heli- ja visuaalsed hoiatused: madal \u00f5huvool, n\u00f5rk aku jne <\/p><p> Filtrite \u00fchilduvus <\/p><p> Sobib kombineeritud filtritega (gaasid, aurud) ja osakestefiltritega (tolm, osakesed) <\/p><p> \u00dchilduvad peakatte variandid <\/p><p> FH1, FH2, FH21, FH22, FH31 ja teised kapuutsid\/peakatte elemendid <\/p><p> Hooldus <\/p><p> P\u00f5hikomponendid (korpus, mootor, aku) on hooldatavad; saadaval volitatud hoolduskeskused <\/p><p> Hingamiskaitse tase <\/p><p> FH1 komplekti puhul \u2014 kaitseklass TH3, APF 40 <\/p><p> Hooldus ja puhastamine <\/p><p> Tootja juhendis on toodud puhastus- ja desinfitseerimisjuhised <\/p>\n","protected":false},"excerpt":{"rendered":"<p>Mask 3m Scott Safety Duraflow + Aku + Laadija, heas seisu- ja t\u00f6\u00f6korras! Maskil on pragu KIRJELDUS 3M Scott Duraflow tehnilised andmed Parameeter V\u00e4\u00e4rtus \/ kirjeldus T\u00fc\u00fcp Mootoriga \u00f5hupuhastiga respiraator (PAPR) Kaal ~600 g ilma filtrite ja akuta \u00d5huvool (vooluhulk) Minimaalselt 160 l\/min automaatse reguleerimisega Aku Vahetatav liitium-ioon aku T\u00f6\u00f6aeg (s\u00f5ltuvalt akust) \u2014 Standardaku: kuni [&hellip;]<\/p>\n","protected":false},"featured_media":32062,"comment_status":"closed","ping_status":"open","template":"","meta":{"inline_featured_image":false},"product_brand":[],"product_cat":[246],"product_tag":[],"class_list":{"0":"post-32061","1":"product","2":"type-product","3":"status-publish","4":"has-post-thumbnail","6":"product_cat-instrumenty-drugoe","7":"pa_asukoht-lasnamae","8":"pa_seisukord-ispolzovano","10":"first","11":"instock","12":"taxable","13":"shipping-taxable","14":"purchasable","15":"product-type-simple"},"_links":{"self":[{"href":"https:\/\/a-pant.ee\/ru\/wp-json\/wp\/v2\/product\/32061","targetHints":{"allow":["GET"]}}],"collection":[{"href":"https:\/\/a-pant.ee\/ru\/wp-json\/wp\/v2\/product"}],"about":[{"href":"https:\/\/a-pant.ee\/ru\/wp-json\/wp\/v2\/types\/product"}],"replies":[{"embeddable":true,"href":"https:\/\/a-pant.ee\/ru\/wp-json\/wp\/v2\/comments?post=32061"}],"wp:featuredmedia":[{"embeddable":true,"href":"https:\/\/a-pant.ee\/ru\/wp-json\/wp\/v2\/media\/32062"}],"wp:attachment":[{"href":"https:\/\/a-pant.ee\/ru\/wp-json\/wp\/v2\/media?parent=32061"}],"wp:term":[{"taxonomy":"product_brand","embeddable":true,"href":"https:\/\/a-pant.ee\/ru\/wp-json\/wp\/v2\/product_brand?post=32061"},{"taxonomy":"product_cat","embeddable":true,"href":"https:\/\/a-pant.ee\/ru\/wp-json\/wp\/v2\/product_cat?post=32061"},{"taxonomy":"product_tag","embeddable":true,"href":"https:\/\/a-pant.ee\/ru\/wp-json\/wp\/v2\/product_tag?post=32061"}],"curies":[{"name":"wp","href":"https:\/\/api.w.org\/{rel}","templated":true}]}}