{"id":32055,"date":"2026-02-04T14:08:10","date_gmt":"2026-02-04T11:08:10","guid":{"rendered":"https:\/\/a-pant.ee\/product\/akkumulyatornaya-tsirkulyarnaya-pila-makita-dhs900\/"},"modified":"2026-02-22T12:19:36","modified_gmt":"2026-02-22T09:19:36","slug":"akkumulyatornaya-czirkulyarnaya-pila-makita-dhs900","status":"publish","type":"product","link":"https:\/\/a-pant.ee\/ru\/product\/akkumulyatornaya-czirkulyarnaya-pila-makita-dhs900\/","title":{"rendered":"\u0410\u043a\u043a\u0443\u043c\u0443\u043b\u044f\u0442\u043e\u0440\u043d\u0430\u044f \u0446\u0438\u0440\u043a\u0443\u043b\u044f\u0440\u043d\u0430\u044f \u043f\u0438\u043b\u0430 Makita DHS900"},"content":{"rendered":"\n<div><div><div><div><p> Akuketassaag Makita DHS900\u00a0, heas seisu- ja t\u00f6\u00f6korras! <\/p><p> KIRJELDUS <\/p><p> TEHNILISED ANDMED: <br \/> Maks. l\u00f5ikes\u00fcgavus 90\u00b0: 85 mm <br \/> Maks. l\u00f5ikes\u00fcgavus 45\u00b0: 61 mm <br \/> P\u00f6\u00f6retearv: 4500 min\u207b\u00b9 <br \/> Aku nominaalpinge: 2\u00d718 v <br \/> Aku kaitses\u00fcsteem <br \/> Kaal koos standardse akuga (EPTA-Protseduur 01\/2003): 5,3 \u2013 6,0 kg <br \/> M\u00f5\u00f5dud (PxLxK): 413 x 196 x 316 mm <br \/> Maks. l\u00f5ikes\u00fcgavus 60\u00b0: 44 mm <br \/> Tera: 235\u00d730 mm <\/p><p> TERVIST M\u00d5JUTAVAD N\u00c4ITAJAD: <br \/> Heliv\u00f5imsuse tase (LWA): 104 dB(A) <br \/> Helir\u00f5hu tase (LpA): 93 dB(A) <br \/> M\u00e4\u00e4ramatu m\u00fcra (K faktor): 3 dB(A) <br \/> Vibratsioonitase (3 teljel): \u2264 2,5 m\/sec\u00b2 <\/p><\/div><\/div><\/div><\/div><div><div><h3> Lisad <\/h3><\/div><\/div>\n","protected":false},"excerpt":{"rendered":"<p>Akuketassaag Makita DHS900\u00a0, heas seisu- ja t\u00f6\u00f6korras! KIRJELDUS TEHNILISED ANDMED: Maks. l\u00f5ikes\u00fcgavus 90\u00b0: 85 mm Maks. l\u00f5ikes\u00fcgavus 45\u00b0: 61 mm P\u00f6\u00f6retearv: 4500 min\u207b\u00b9 Aku nominaalpinge: 2\u00d718 v Aku kaitses\u00fcsteem Kaal koos standardse akuga (EPTA-Protseduur 01\/2003): 5,3 \u2013 6,0 kg M\u00f5\u00f5dud (PxLxK): 413 x 196 x 316 mm Maks. l\u00f5ikes\u00fcgavus 60\u00b0: 44 mm Tera: 235\u00d730 mm [&hellip;]<\/p>\n","protected":false},"featured_media":32056,"comment_status":"closed","ping_status":"open","template":"","meta":{"inline_featured_image":false},"product_brand":[],"product_cat":[230],"product_tag":[],"class_list":{"0":"post-32055","1":"product","2":"type-product","3":"status-publish","4":"has-post-thumbnail","6":"product_cat-czirkulyarnye-pily","7":"pa_asukoht-lasnamae","8":"pa_seisukord-ispolzovano","10":"first","11":"instock","12":"taxable","13":"shipping-taxable","14":"purchasable","15":"product-type-simple"},"_links":{"self":[{"href":"https:\/\/a-pant.ee\/ru\/wp-json\/wp\/v2\/product\/32055","targetHints":{"allow":["GET"]}}],"collection":[{"href":"https:\/\/a-pant.ee\/ru\/wp-json\/wp\/v2\/product"}],"about":[{"href":"https:\/\/a-pant.ee\/ru\/wp-json\/wp\/v2\/types\/product"}],"replies":[{"embeddable":true,"href":"https:\/\/a-pant.ee\/ru\/wp-json\/wp\/v2\/comments?post=32055"}],"wp:featuredmedia":[{"embeddable":true,"href":"https:\/\/a-pant.ee\/ru\/wp-json\/wp\/v2\/media\/32056"}],"wp:attachment":[{"href":"https:\/\/a-pant.ee\/ru\/wp-json\/wp\/v2\/media?parent=32055"}],"wp:term":[{"taxonomy":"product_brand","embeddable":true,"href":"https:\/\/a-pant.ee\/ru\/wp-json\/wp\/v2\/product_brand?post=32055"},{"taxonomy":"product_cat","embeddable":true,"href":"https:\/\/a-pant.ee\/ru\/wp-json\/wp\/v2\/product_cat?post=32055"},{"taxonomy":"product_tag","embeddable":true,"href":"https:\/\/a-pant.ee\/ru\/wp-json\/wp\/v2\/product_tag?post=32055"}],"curies":[{"name":"wp","href":"https:\/\/api.w.org\/{rel}","templated":true}]}}