{"id":32049,"date":"2026-02-04T14:08:10","date_gmt":"2026-02-04T11:08:10","guid":{"rendered":"https:\/\/a-pant.ee\/product\/akkumulyatornyy-gvozdevoj-pistolet-milwaukee-m18-ffn\/"},"modified":"2026-02-22T12:19:36","modified_gmt":"2026-02-22T09:19:36","slug":"akkumulyatornyj-gvozdevoj-pistolet-milwaukee-m18-ffn","status":"publish","type":"product","link":"https:\/\/a-pant.ee\/ru\/product\/akkumulyatornyj-gvozdevoj-pistolet-milwaukee-m18-ffn\/","title":{"rendered":"\u0410\u043a\u043a\u0443\u043c\u0443\u043b\u044f\u0442\u043e\u0440\u043d\u044b\u0439 \u0433\u0432\u043e\u0437\u0434\u0435\u0432\u043e\u0439 \u043f\u0438\u0441\u0442\u043e\u043b\u0435\u0442 Milwaukee M18 FFN"},"content":{"rendered":"\n<p> Akunaelap\u00fcstol Milwaukee M18 FFN\u00a0, heas seisu- ja t\u00f6\u00f6korras! <\/p><p> KIRJELDUS <br \/> Pinge: 18 V <br \/> Aku t\u00fc\u00fcp: Li-ion <br \/> Kaal koos akuga M18 B5: 5,1 kg <br \/> S\u00fcsteem: M18 <br \/> Tehnoloogia: FUEL <br \/><br \/> Naela l\u00e4bim\u00f5\u00f5t: 2,8-3,3 mm, nurk 30-34 kraadi, pikkus 50-90 mm. <br \/><br \/> Omas klassis parim j\u00f5udlus naelte \u00fchtlaseks sisestamiseks lehtpuidu sisse kergelt s\u00fcvistatuna. <br \/> Naelutamistehnoloogia Ready to Fire v\u00f5imaldab naelu sisestada katkematult. <br \/> Ei eelda gaasiballoone ega puhastamist ning on m\u00f5eldud vastupidavaks ja usaldusv\u00e4\u00e4rseks, v\u00e4ga v\u00e4ikese hooldusvajadusega t\u00f6\u00f6riistaks k\u00f5ige n\u00f5udlikumatele kasutajatele. Toode ei ole m\u00f5eldud kasutamiseks tootmises primaarse naelutina. <br \/> V\u00f5imalik valida kahe re\u02dbiimi vahel: naelte j\u00e4rjestikune kiire sissel\u00f6\u00f6mine ja naelte sissel\u00f6\u00f6mine \u00fckshaaval suurema t\u00e4psuse tagamiseks. <br \/> T\u00f6\u00f6riistavaba kiire ja lihtne s\u00fcgavuse reguleerimine, et tagada naelte sissel\u00f6\u00f6mine kergelt s\u00fcvistatuna. <br \/> T\u00fchjaltl\u00f6\u00f6miskaitse funktsioon seiskab t\u00f6\u00f6riista, kui k\u00e4itamise ajal pole salves naelu. <br \/> Tagab maksimaalse tootlikkuse, sisestades kuni 700 naela REDLITHIUM 5,0 Ah aku \u00fche laadimise kohta. <br \/> Kasutab standardseid karkassinaelu, mis paigutatakse 30\u00b0 v\u00f5i 34\u00b0 nurga all olevasse salve. <br \/> Lihtne juurdep\u00e4\u00e4s kinnikiilunud naelte kiireks eemaldamiseks. <br \/> LED-t\u00f6\u00f6tuli valgustab t\u00f6\u00f6pinda naelte paremaks sisestamiseks. <br \/> Platvormi FUEL \u00fclesehitus n\u00e4itab, kuidas saab akutehnoloogiate eri aspekte omavahel sobitada. MILWAUKEE\u00ae harjadeta mootor POWERSTATE\u00ae, aku REDLITHIUM ja elektroonikas\u00fcsteem REDLINK PLUS tagavad suurep\u00e4rase v\u00f5imsuse, t\u00f6\u00f6aja ja vastupidavuse. <br \/> Paindlik akus\u00fcsteem: toimib k\u00f5igi MILWAUKEE\u00ae M18 akudega <\/p>\n","protected":false},"excerpt":{"rendered":"<p>Akunaelap\u00fcstol Milwaukee M18 FFN\u00a0, heas seisu- ja t\u00f6\u00f6korras! KIRJELDUS Pinge: 18 V Aku t\u00fc\u00fcp: Li-ion Kaal koos akuga M18 B5: 5,1 kg S\u00fcsteem: M18 Tehnoloogia: FUEL Naela l\u00e4bim\u00f5\u00f5t: 2,8-3,3 mm, nurk 30-34 kraadi, pikkus 50-90 mm. Omas klassis parim j\u00f5udlus naelte \u00fchtlaseks sisestamiseks lehtpuidu sisse kergelt s\u00fcvistatuna. Naelutamistehnoloogia Ready to Fire v\u00f5imaldab naelu sisestada katkematult. [&hellip;]<\/p>\n","protected":false},"featured_media":32050,"comment_status":"closed","ping_status":"open","template":"","meta":{"inline_featured_image":false},"product_brand":[],"product_cat":[224,236],"product_tag":[],"class_list":{"0":"post-32049","1":"product","2":"type-product","3":"status-publish","4":"has-post-thumbnail","6":"product_cat-gazovye-pistolety","7":"product_cat-pnevmaticheskij-instrument","8":"pa_asukoht-lasnamae","9":"pa_seisukord-ispolzovano","11":"first","12":"instock","13":"taxable","14":"shipping-taxable","15":"purchasable","16":"product-type-simple"},"_links":{"self":[{"href":"https:\/\/a-pant.ee\/ru\/wp-json\/wp\/v2\/product\/32049","targetHints":{"allow":["GET"]}}],"collection":[{"href":"https:\/\/a-pant.ee\/ru\/wp-json\/wp\/v2\/product"}],"about":[{"href":"https:\/\/a-pant.ee\/ru\/wp-json\/wp\/v2\/types\/product"}],"replies":[{"embeddable":true,"href":"https:\/\/a-pant.ee\/ru\/wp-json\/wp\/v2\/comments?post=32049"}],"wp:featuredmedia":[{"embeddable":true,"href":"https:\/\/a-pant.ee\/ru\/wp-json\/wp\/v2\/media\/32050"}],"wp:attachment":[{"href":"https:\/\/a-pant.ee\/ru\/wp-json\/wp\/v2\/media?parent=32049"}],"wp:term":[{"taxonomy":"product_brand","embeddable":true,"href":"https:\/\/a-pant.ee\/ru\/wp-json\/wp\/v2\/product_brand?post=32049"},{"taxonomy":"product_cat","embeddable":true,"href":"https:\/\/a-pant.ee\/ru\/wp-json\/wp\/v2\/product_cat?post=32049"},{"taxonomy":"product_tag","embeddable":true,"href":"https:\/\/a-pant.ee\/ru\/wp-json\/wp\/v2\/product_tag?post=32049"}],"curies":[{"name":"wp","href":"https:\/\/api.w.org\/{rel}","templated":true}]}}