{"id":32043,"date":"2026-02-04T14:05:01","date_gmt":"2026-02-04T11:05:01","guid":{"rendered":"https:\/\/a-pant.ee\/product\/pnevmaticheskiy-steppler-makita-at1150a\/"},"modified":"2026-02-22T12:19:42","modified_gmt":"2026-02-22T09:19:42","slug":"pnevmaticheskij-stepler-makita-at1150a","status":"publish","type":"product","link":"https:\/\/a-pant.ee\/ru\/product\/pnevmaticheskij-stepler-makita-at1150a\/","title":{"rendered":"\u041f\u043d\u0435\u0432\u043c\u0430\u0442\u0438\u0447\u0435\u0441\u043a\u0438\u0439 \u0441\u0442\u0435\u043f\u043b\u0435\u0440 Makita AT1150A"},"content":{"rendered":"\n<p> Suru\u00f5hu klambrip\u00fcss Makita AT1150A\u00a0, heas seisu- ja t\u00f6\u00f6korras! <\/p><p> KIRJELDUS <\/p><p> Suru\u00f5hu klambrip\u00fcstol; klambri laiusele 25mm, haara pikkusele 25-50mm <br \/> Klambriselja laius 11 mm. S\u00fcgavuse reguleerimine. Sisset\u00f5mbe\u00f5hu filtreerimine. P\u00e4\u00e4stikust laskmine ja otsale vajutades laskmine.Klambrip\u00fcss keskmisele klambrile. S\u00fcgavuse reguleerimise v\u00f5imalus. Lihtne eemaldada kinnikiilunud klambreid. Kummist k\u00e4epide \u2013 mugav haare. \u00d5hu v\u00e4ljalaskesuuna muutmise v\u00f5imalus 360 kraadi. <\/p><ul><li> T\u00f6\u00f6r\u00f5hk 4.4 \u2013 8,3 bar <\/li><li> Klambri m\u00f5\u00f5dud 11 x 25-50 mm <\/li><li> Traadit\u00fc\u00fcp 16 Ga <\/li><li> Magasini maht140 <\/li><li> Glue Collation <\/li><li> T\u00f6\u00f6riistav\u00f5ti <\/li><li> \u00d5li <\/li><li> Kaitseprillid <\/li><li> Depth Adjustment <\/li><li> Heliv\u00f5imsuse tase (LWA)98 dB(A) <\/li><li> Helir\u00f5hu tase (LpA)85 dB(A) <\/li><li> M\u00e4\u00e4ramatu m\u00fcra (K faktor)3 dB(A) <\/li><li> Vibratsioonitase (3 teljel)2,5 m\/sec\u00b2 <\/li><li> M\u00e4\u00e4ramatu vibratsioon (K faktor)1,5 m\/sec\u00b2 <\/li><li> Netokaal2.3 kg <\/li><\/ul>\n","protected":false},"excerpt":{"rendered":"<p>Suru\u00f5hu klambrip\u00fcss Makita AT1150A\u00a0, heas seisu- ja t\u00f6\u00f6korras! KIRJELDUS Suru\u00f5hu klambrip\u00fcstol; klambri laiusele 25mm, haara pikkusele 25-50mm Klambriselja laius 11 mm. S\u00fcgavuse reguleerimine. Sisset\u00f5mbe\u00f5hu filtreerimine. P\u00e4\u00e4stikust laskmine ja otsale vajutades laskmine.Klambrip\u00fcss keskmisele klambrile. S\u00fcgavuse reguleerimise v\u00f5imalus. Lihtne eemaldada kinnikiilunud klambreid. Kummist k\u00e4epide \u2013 mugav haare. \u00d5hu v\u00e4ljalaskesuuna muutmise v\u00f5imalus 360 kraadi. T\u00f6\u00f6r\u00f5hk 4.4 \u2013 8,3 [&hellip;]<\/p>\n","protected":false},"featured_media":32044,"comment_status":"closed","ping_status":"open","template":"","meta":{"inline_featured_image":false},"product_brand":[],"product_cat":[236],"product_tag":[],"class_list":{"0":"post-32043","1":"product","2":"type-product","3":"status-publish","4":"has-post-thumbnail","6":"product_cat-pnevmaticheskij-instrument","7":"pa_asukoht-lasnamae","8":"pa_seisukord-ispolzovano","10":"first","11":"instock","12":"taxable","13":"shipping-taxable","14":"purchasable","15":"product-type-simple"},"_links":{"self":[{"href":"https:\/\/a-pant.ee\/ru\/wp-json\/wp\/v2\/product\/32043","targetHints":{"allow":["GET"]}}],"collection":[{"href":"https:\/\/a-pant.ee\/ru\/wp-json\/wp\/v2\/product"}],"about":[{"href":"https:\/\/a-pant.ee\/ru\/wp-json\/wp\/v2\/types\/product"}],"replies":[{"embeddable":true,"href":"https:\/\/a-pant.ee\/ru\/wp-json\/wp\/v2\/comments?post=32043"}],"wp:featuredmedia":[{"embeddable":true,"href":"https:\/\/a-pant.ee\/ru\/wp-json\/wp\/v2\/media\/32044"}],"wp:attachment":[{"href":"https:\/\/a-pant.ee\/ru\/wp-json\/wp\/v2\/media?parent=32043"}],"wp:term":[{"taxonomy":"product_brand","embeddable":true,"href":"https:\/\/a-pant.ee\/ru\/wp-json\/wp\/v2\/product_brand?post=32043"},{"taxonomy":"product_cat","embeddable":true,"href":"https:\/\/a-pant.ee\/ru\/wp-json\/wp\/v2\/product_cat?post=32043"},{"taxonomy":"product_tag","embeddable":true,"href":"https:\/\/a-pant.ee\/ru\/wp-json\/wp\/v2\/product_tag?post=32043"}],"curies":[{"name":"wp","href":"https:\/\/api.w.org\/{rel}","templated":true}]}}