{"id":32036,"date":"2026-02-04T14:05:01","date_gmt":"2026-02-04T11:05:01","guid":{"rendered":"https:\/\/a-pant.ee\/product\/bluetooth-kolonka-jbl-go-4-korobka\/"},"modified":"2026-02-22T12:19:42","modified_gmt":"2026-02-22T09:19:42","slug":"bluetooth-kolonka-jbl-go-4-korobka","status":"publish","type":"product","link":"https:\/\/a-pant.ee\/ru\/product\/bluetooth-kolonka-jbl-go-4-korobka\/","title":{"rendered":"Bluetooth \u043a\u043e\u043b\u043e\u043d\u043a\u0430 JBL Go 4 + \u043a\u043e\u0440\u043e\u0431\u043a\u0430"},"content":{"rendered":"\n<p> Bluetooth k\u00f5lar JBL Go 4 + karp\u00a0, heas seisu- ja t\u00f6\u00f6korras! <\/p><p> KIRJELDUS <\/p><p> JBL on Ameerika \u00dchendriikides asuv heliseadmete, k\u00f5larite ja k\u00f5rvaklappide tootja. Ettev\u00f5tte asutaja James Bullough Lansing oli tuntud kui leidlik heliinsener, seega pole \u00fcllatav, et kaks tema asutatud ettev\u00f5tet, JBL ja Altec Lansing on saanud kvaliteetsete audiotehnika ettev\u00f5tete lipulaevaks. <br \/> \u00dcle seitsme aastak\u00fcmne tegutsenud ettev\u00f5te v\u00f5ib kiidelda paljude saavutustega. K\u00f5larite v\u00e4ljat\u00f6\u00f6tamine tuntud filmifirmadele nagu Metro-Goldwyn-Mayer, koost\u00f6\u00f6 Fordi autofirmaga ja arvukad auhinnad innovaatiliste toodete eest on vaid m\u00f5ned ajaloos saadud tunnustused. T\u00e4na on JBL \u00fcks tuntumaid heliseadmete tootjaid maailmas. JBL k\u00f5rvaklapid on p\u00e4lvinud tunnustuse nii professionaalide kui ka muusikahuviliste seas. Suurep\u00e4rane bass, \u00fclipikk aku kestvus \u00fche laadimisega ja l\u00e4bim\u00f5eldud disain eristab JBL-i tooteid konkurentidest. Lisaks on JBL kaasaskantavad k\u00f5larid \u00fclimalt kerged ja veekindlad ning neid saab k\u00f5ikjale kaasa v\u00f5tta. <\/p>\n","protected":false},"excerpt":{"rendered":"<p>Bluetooth k\u00f5lar JBL Go 4 + karp\u00a0, heas seisu- ja t\u00f6\u00f6korras! KIRJELDUS JBL on Ameerika \u00dchendriikides asuv heliseadmete, k\u00f5larite ja k\u00f5rvaklappide tootja. Ettev\u00f5tte asutaja James Bullough Lansing oli tuntud kui leidlik heliinsener, seega pole \u00fcllatav, et kaks tema asutatud ettev\u00f5tet, JBL ja Altec Lansing on saanud kvaliteetsete audiotehnika ettev\u00f5tete lipulaevaks. \u00dcle seitsme aastak\u00fcmne tegutsenud ettev\u00f5te [&hellip;]<\/p>\n","protected":false},"featured_media":32037,"comment_status":"closed","ping_status":"open","template":"","meta":{"inline_featured_image":false},"product_brand":[],"product_cat":[167],"product_tag":[],"class_list":{"0":"post-32036","1":"product","2":"type-product","3":"status-publish","4":"has-post-thumbnail","6":"product_cat-kolonki","7":"pa_asukoht-lasnamae","8":"pa_seisukord-ispolzovano","10":"first","11":"outofstock","12":"taxable","13":"shipping-taxable","14":"purchasable","15":"product-type-simple"},"_links":{"self":[{"href":"https:\/\/a-pant.ee\/ru\/wp-json\/wp\/v2\/product\/32036","targetHints":{"allow":["GET"]}}],"collection":[{"href":"https:\/\/a-pant.ee\/ru\/wp-json\/wp\/v2\/product"}],"about":[{"href":"https:\/\/a-pant.ee\/ru\/wp-json\/wp\/v2\/types\/product"}],"replies":[{"embeddable":true,"href":"https:\/\/a-pant.ee\/ru\/wp-json\/wp\/v2\/comments?post=32036"}],"wp:featuredmedia":[{"embeddable":true,"href":"https:\/\/a-pant.ee\/ru\/wp-json\/wp\/v2\/media\/32037"}],"wp:attachment":[{"href":"https:\/\/a-pant.ee\/ru\/wp-json\/wp\/v2\/media?parent=32036"}],"wp:term":[{"taxonomy":"product_brand","embeddable":true,"href":"https:\/\/a-pant.ee\/ru\/wp-json\/wp\/v2\/product_brand?post=32036"},{"taxonomy":"product_cat","embeddable":true,"href":"https:\/\/a-pant.ee\/ru\/wp-json\/wp\/v2\/product_cat?post=32036"},{"taxonomy":"product_tag","embeddable":true,"href":"https:\/\/a-pant.ee\/ru\/wp-json\/wp\/v2\/product_tag?post=32036"}],"curies":[{"name":"wp","href":"https:\/\/api.w.org\/{rel}","templated":true}]}}