{"id":32030,"date":"2026-02-04T14:05:01","date_gmt":"2026-02-04T11:05:01","guid":{"rendered":"https:\/\/a-pant.ee\/product\/pylesos-xiaomi-mi-robot-vacuum-mop-essential\/"},"modified":"2026-02-22T12:19:42","modified_gmt":"2026-02-22T09:19:42","slug":"pylesos-xiaomi-mi-robot-vacuum-mop-p-zaryadka-korobka","status":"publish","type":"product","link":"https:\/\/a-pant.ee\/ru\/product\/pylesos-xiaomi-mi-robot-vacuum-mop-p-zaryadka-korobka\/","title":{"rendered":"\u041f\u044b\u043b\u0435\u0441\u043e\u0441 Xiaomi Mi Robot Vacuum Mop P + \u0437\u0430\u0440\u044f\u0434\u043a\u0430 + \u043a\u043e\u0440\u043e\u0431\u043a\u0430"},"content":{"rendered":"\n<p> Tolmuimeja Xiaomi Mi Robot Vacuum-Mop Essential + laadija\u00a0, heas seisu- ja t\u00f6\u00f6korras! <\/p><p> KIRJELDUS <\/p><p> Suure 2200 Pa imemisv\u00f5imsusega robottolmuimeja, mis peseb ka p\u00f5randaid. <\/p><p> Xiaomi Mi Mop Essential on tugeva 2200 Pa imemisv\u00f5imsusega robottolmuimeja, mis imeb tolmu ja peseb p\u00f5randaid. Robottolmuimeja kauakestev 2500 mAh aku v\u00f5imaldab puhastada 90 m2 \u00fche korraga. Seadmel on kokku neli erinevat puhastusre\u017eiimi &#8212; vaikne re\u017eiim, standardre\u017eiim, keskmise v\u00f5imsusega re\u017eiim ja suure v\u00f5imsusega re\u017eiim. Tolmuvaba \u00f5hu tagab kolmekihiline filtris\u00fcsteem, mis filtreerib t\u00f5husalt tolmu. M\u00e4rgpuhastus eemaldab tolmu ja mustuse j\u00e4ljed, j\u00e4ttes p\u00f5randad puhtaks. Elektrooniline veepaak ning seadme kolm reguleeritavat veetaset kaitsevad p\u00f5randat liigse niiskuse eest. <\/p><ul><li> Seade suudab \u00fcletada kuni 1,7 cm k\u00f5rguseid takistusi. <\/li><li> Tolmuimejat on v\u00f5imalik juhtida l\u00e4bi Mi Home rakenduse. <\/li><\/ul>\n","protected":false},"excerpt":{"rendered":"<p>Tolmuimeja Xiaomi Mi Robot Vacuum-Mop Essential + laadija\u00a0, heas seisu- ja t\u00f6\u00f6korras! KIRJELDUS Suure 2200 Pa imemisv\u00f5imsusega robottolmuimeja, mis peseb ka p\u00f5randaid. Xiaomi Mi Mop Essential on tugeva 2200 Pa imemisv\u00f5imsusega robottolmuimeja, mis imeb tolmu ja peseb p\u00f5randaid. Robottolmuimeja kauakestev 2500 mAh aku v\u00f5imaldab puhastada 90 m2 \u00fche korraga. Seadmel on kokku neli erinevat puhastusre\u017eiimi [&hellip;]<\/p>\n","protected":false},"featured_media":32031,"comment_status":"closed","ping_status":"open","template":"","meta":{"inline_featured_image":false},"product_brand":[],"product_cat":[166],"product_tag":[],"class_list":{"0":"post-32030","1":"product","2":"type-product","3":"status-publish","4":"has-post-thumbnail","6":"product_cat-bytovaya-tehnika","7":"pa_asukoht-lasnamae","8":"pa_seisukord-ispolzovano","10":"first","11":"instock","12":"taxable","13":"shipping-taxable","14":"purchasable","15":"product-type-simple"},"_links":{"self":[{"href":"https:\/\/a-pant.ee\/ru\/wp-json\/wp\/v2\/product\/32030","targetHints":{"allow":["GET"]}}],"collection":[{"href":"https:\/\/a-pant.ee\/ru\/wp-json\/wp\/v2\/product"}],"about":[{"href":"https:\/\/a-pant.ee\/ru\/wp-json\/wp\/v2\/types\/product"}],"replies":[{"embeddable":true,"href":"https:\/\/a-pant.ee\/ru\/wp-json\/wp\/v2\/comments?post=32030"}],"wp:featuredmedia":[{"embeddable":true,"href":"https:\/\/a-pant.ee\/ru\/wp-json\/wp\/v2\/media\/32031"}],"wp:attachment":[{"href":"https:\/\/a-pant.ee\/ru\/wp-json\/wp\/v2\/media?parent=32030"}],"wp:term":[{"taxonomy":"product_brand","embeddable":true,"href":"https:\/\/a-pant.ee\/ru\/wp-json\/wp\/v2\/product_brand?post=32030"},{"taxonomy":"product_cat","embeddable":true,"href":"https:\/\/a-pant.ee\/ru\/wp-json\/wp\/v2\/product_cat?post=32030"},{"taxonomy":"product_tag","embeddable":true,"href":"https:\/\/a-pant.ee\/ru\/wp-json\/wp\/v2\/product_tag?post=32030"}],"curies":[{"name":"wp","href":"https:\/\/api.w.org\/{rel}","templated":true}]}}