{"id":32025,"date":"2026-02-04T14:05:01","date_gmt":"2026-02-04T11:05:01","guid":{"rendered":"https:\/\/a-pant.ee\/product\/velosiped-aggressor-all-tera\/"},"modified":"2026-02-22T12:19:41","modified_gmt":"2026-02-22T09:19:41","slug":"velosiped-aggressor-all-tera","status":"publish","type":"product","link":"https:\/\/a-pant.ee\/ru\/product\/velosiped-aggressor-all-tera\/","title":{"rendered":"\u0412\u0435\u043b\u043e\u0441\u0438\u043f\u0435\u0434 Aggressor All Tera"},"content":{"rendered":"\n<p> Jalgrattas Aggressor All Tera\u00a0, heas seisu- ja t\u00f6\u00f6korras! <\/p><p> KIRJELDUS <\/p><p> K\u00e4igu Kiirused 21 <\/p><p> Raam suurus M 18 &#187; Pikkusele 167-178 cm <\/p><p> Rattad 26&#8243; <\/p>\n","protected":false},"excerpt":{"rendered":"<p>Jalgrattas Aggressor All Tera\u00a0, heas seisu- ja t\u00f6\u00f6korras! KIRJELDUS K\u00e4igu Kiirused 21 Raam suurus M 18 &#187; Pikkusele 167-178 cm Rattad 26&#8243;<\/p>\n","protected":false},"featured_media":32026,"comment_status":"closed","ping_status":"open","template":"","meta":{"inline_featured_image":false},"product_brand":[],"product_cat":[216],"product_tag":[],"class_list":{"0":"post-32025","1":"product","2":"type-product","3":"status-publish","4":"has-post-thumbnail","6":"product_cat-velosipedy","7":"product_shipping_class-oversize","8":"pa_asukoht-mustamae","9":"pa_seisukord-ispolzovano","11":"first","12":"instock","13":"taxable","14":"shipping-taxable","15":"purchasable","16":"product-type-simple"},"_links":{"self":[{"href":"https:\/\/a-pant.ee\/ru\/wp-json\/wp\/v2\/product\/32025","targetHints":{"allow":["GET"]}}],"collection":[{"href":"https:\/\/a-pant.ee\/ru\/wp-json\/wp\/v2\/product"}],"about":[{"href":"https:\/\/a-pant.ee\/ru\/wp-json\/wp\/v2\/types\/product"}],"replies":[{"embeddable":true,"href":"https:\/\/a-pant.ee\/ru\/wp-json\/wp\/v2\/comments?post=32025"}],"wp:featuredmedia":[{"embeddable":true,"href":"https:\/\/a-pant.ee\/ru\/wp-json\/wp\/v2\/media\/32026"}],"wp:attachment":[{"href":"https:\/\/a-pant.ee\/ru\/wp-json\/wp\/v2\/media?parent=32025"}],"wp:term":[{"taxonomy":"product_brand","embeddable":true,"href":"https:\/\/a-pant.ee\/ru\/wp-json\/wp\/v2\/product_brand?post=32025"},{"taxonomy":"product_cat","embeddable":true,"href":"https:\/\/a-pant.ee\/ru\/wp-json\/wp\/v2\/product_cat?post=32025"},{"taxonomy":"product_tag","embeddable":true,"href":"https:\/\/a-pant.ee\/ru\/wp-json\/wp\/v2\/product_tag?post=32025"}],"curies":[{"name":"wp","href":"https:\/\/api.w.org\/{rel}","templated":true}]}}