{"id":32019,"date":"2026-02-04T14:05:01","date_gmt":"2026-02-04T11:05:01","guid":{"rendered":"https:\/\/a-pant.ee\/product\/kolonka-jbl-flip-4s-chernaya\/"},"modified":"2026-02-22T12:19:41","modified_gmt":"2026-02-22T09:19:41","slug":"kolonka-jbl-flip-4s-chernaya","status":"publish","type":"product","link":"https:\/\/a-pant.ee\/ru\/product\/kolonka-jbl-flip-4s-chernaya\/","title":{"rendered":"\u041a\u043e\u043b\u043e\u043d\u043a\u0430 JBL Flip 4s \u0447\u0435\u0440\u043d\u0430\u044f"},"content":{"rendered":"\n<p> K\u00f5lar JBL Flip 4s must, heas seisu- ja t\u00f6\u00f6korras! <\/p><p> KIRJELDUS <\/p><ul><li> T\u00fc\u00fcp: kaasaskantav Bluetooth-k\u00f5lar <\/li><li> V\u00f5imsus: 2 \u00d7 8 W <\/li><li> Sagedusala: 70 Hz \u2013 20 kHz <\/li><li> S\/N suhe: \u2265 80 dB <\/li><li> \u00dchenduvus: Bluetooth 4.2 <\/li><li> Aku: liitium-ioon 3000 mAh <\/li><li> M\u00e4nguaeg: kuni 12 tundi <\/li><li> Laadimisaeg: umbes 3,5 tundi <\/li><li> Veekindlus: IPX7 (v\u00f5ib sukelduda vette) <\/li><li> Funktsioonid: k\u00f5lartelefon koos m\u00fcrasummutuse ja kajasummutusega <\/li><li> Tehnoloogia: JBL Connect+ \u2013 v\u00f5imaldab \u00fchendada mitu k\u00f5larit <\/li><li> Suurus: umbes 175 \u00d7 68 \u00d7 70 mm <\/li><li> Kaal: umbes 0,51 kg <\/li><\/ul>\n","protected":false},"excerpt":{"rendered":"<p>K\u00f5lar JBL Flip 4s must, heas seisu- ja t\u00f6\u00f6korras! KIRJELDUS T\u00fc\u00fcp: kaasaskantav Bluetooth-k\u00f5lar V\u00f5imsus: 2 \u00d7 8 W Sagedusala: 70 Hz \u2013 20 kHz S\/N suhe: \u2265 80 dB \u00dchenduvus: Bluetooth 4.2 Aku: liitium-ioon 3000 mAh M\u00e4nguaeg: kuni 12 tundi Laadimisaeg: umbes 3,5 tundi Veekindlus: IPX7 (v\u00f5ib sukelduda vette) Funktsioonid: k\u00f5lartelefon koos m\u00fcrasummutuse ja kajasummutusega [&hellip;]<\/p>\n","protected":false},"featured_media":32020,"comment_status":"closed","ping_status":"open","template":"","meta":{"inline_featured_image":false},"product_brand":[],"product_cat":[167],"product_tag":[],"class_list":{"0":"post-32019","1":"product","2":"type-product","3":"status-publish","4":"has-post-thumbnail","6":"product_cat-kolonki","7":"pa_asukoht-mustamae","8":"pa_seisukord-ispolzovano","10":"first","11":"instock","12":"taxable","13":"shipping-taxable","14":"purchasable","15":"product-type-simple"},"_links":{"self":[{"href":"https:\/\/a-pant.ee\/ru\/wp-json\/wp\/v2\/product\/32019","targetHints":{"allow":["GET"]}}],"collection":[{"href":"https:\/\/a-pant.ee\/ru\/wp-json\/wp\/v2\/product"}],"about":[{"href":"https:\/\/a-pant.ee\/ru\/wp-json\/wp\/v2\/types\/product"}],"replies":[{"embeddable":true,"href":"https:\/\/a-pant.ee\/ru\/wp-json\/wp\/v2\/comments?post=32019"}],"wp:featuredmedia":[{"embeddable":true,"href":"https:\/\/a-pant.ee\/ru\/wp-json\/wp\/v2\/media\/32020"}],"wp:attachment":[{"href":"https:\/\/a-pant.ee\/ru\/wp-json\/wp\/v2\/media?parent=32019"}],"wp:term":[{"taxonomy":"product_brand","embeddable":true,"href":"https:\/\/a-pant.ee\/ru\/wp-json\/wp\/v2\/product_brand?post=32019"},{"taxonomy":"product_cat","embeddable":true,"href":"https:\/\/a-pant.ee\/ru\/wp-json\/wp\/v2\/product_cat?post=32019"},{"taxonomy":"product_tag","embeddable":true,"href":"https:\/\/a-pant.ee\/ru\/wp-json\/wp\/v2\/product_tag?post=32019"}],"curies":[{"name":"wp","href":"https:\/\/api.w.org\/{rel}","templated":true}]}}