{"id":32013,"date":"2026-02-04T14:05:01","date_gmt":"2026-02-04T11:05:01","guid":{"rendered":"https:\/\/a-pant.ee\/product\/smart-chasy-xiaomi-smart-band-9-active\/"},"modified":"2026-02-22T12:19:41","modified_gmt":"2026-02-22T09:19:41","slug":"smart-chasy-xiaomi-smart-band-9-active-zaryadka-korobka","status":"publish","type":"product","link":"https:\/\/a-pant.ee\/ru\/product\/smart-chasy-xiaomi-smart-band-9-active-zaryadka-korobka\/","title":{"rendered":"\u0421\u043c\u0430\u0440\u0442-\u0447\u0430\u0441\u044b Xiaomi Smart Band 9 Active + \u0417\u0430\u0440\u044f\u0434\u043a\u0430 + \u041a\u043e\u0440\u043e\u0431\u043a\u0430"},"content":{"rendered":"\n<p> Nutikellad Xiaomi Smart Band 9 Active + Laadija + Karp\u00a0, heas seisu- ja t\u00f6\u00f6korras! <\/p><p> KIRJELDUS <\/p><ul><li> M\u00f5\u00f5dud: 45,9 \u00d7 26,94 \u00d7 9,99 mm <\/li><li> Kaal: 16,5 g (ilma rihmata) <\/li><li> Rihma materjal: TPU, pikkus 135\u2013215 mm <\/li><li> Ekraan: 1,47\u2033 TFT, eraldusv\u00f5ime 172 \u00d7 320 pikslit <\/li><li> Ekraani heledus: \u00fcle 450 niti <\/li><li> V\u00e4rskendussagedus: 60 Hz <\/li><li> Aku: 300 mAh, Li\u2011Po <\/li><li> Laadimisaeg: alla 120 minutit <\/li><li> Aku kestvus: kuni 18 p\u00e4eva <\/li><li> Juhtmevaba \u00fchendus: Bluetooth 5.3 <\/li><li> Veekindlus: 5 ATM (sukeldumiseni kuni ~50 m) <\/li><li> Andurid: PPG pulsisensor, kiirendusm\u00f5\u00f5tur <\/li><li> Treeningre\u017eiimid: 50 re\u017eiimi <\/li><li> Tervise j\u00e4lgimine: pidev pulsimonitor, SpO\u2082, uneanal\u00fc\u00fcs <\/li><li> \u00dchilduvus: Android 8.0+ ja iOS 12+ <\/li><li> Rakendus: Mi Fitness <\/li><\/ul>\n","protected":false},"excerpt":{"rendered":"<p>Nutikellad Xiaomi Smart Band 9 Active + Laadija + Karp\u00a0, heas seisu- ja t\u00f6\u00f6korras! KIRJELDUS M\u00f5\u00f5dud: 45,9 \u00d7 26,94 \u00d7 9,99 mm Kaal: 16,5 g (ilma rihmata) Rihma materjal: TPU, pikkus 135\u2013215 mm Ekraan: 1,47\u2033 TFT, eraldusv\u00f5ime 172 \u00d7 320 pikslit Ekraani heledus: \u00fcle 450 niti V\u00e4rskendussagedus: 60 Hz Aku: 300 mAh, Li\u2011Po Laadimisaeg: alla [&hellip;]<\/p>\n","protected":false},"featured_media":32014,"comment_status":"closed","ping_status":"open","template":"","meta":{"inline_featured_image":false},"product_brand":[],"product_cat":[176],"product_tag":[],"class_list":{"0":"post-32013","1":"product","2":"type-product","3":"status-publish","4":"has-post-thumbnail","6":"product_cat-smart-chasy","7":"pa_asukoht-mustamae","8":"pa_seisukord-ispolzovano","10":"first","11":"instock","12":"taxable","13":"shipping-taxable","14":"purchasable","15":"product-type-simple"},"_links":{"self":[{"href":"https:\/\/a-pant.ee\/ru\/wp-json\/wp\/v2\/product\/32013","targetHints":{"allow":["GET"]}}],"collection":[{"href":"https:\/\/a-pant.ee\/ru\/wp-json\/wp\/v2\/product"}],"about":[{"href":"https:\/\/a-pant.ee\/ru\/wp-json\/wp\/v2\/types\/product"}],"replies":[{"embeddable":true,"href":"https:\/\/a-pant.ee\/ru\/wp-json\/wp\/v2\/comments?post=32013"}],"wp:featuredmedia":[{"embeddable":true,"href":"https:\/\/a-pant.ee\/ru\/wp-json\/wp\/v2\/media\/32014"}],"wp:attachment":[{"href":"https:\/\/a-pant.ee\/ru\/wp-json\/wp\/v2\/media?parent=32013"}],"wp:term":[{"taxonomy":"product_brand","embeddable":true,"href":"https:\/\/a-pant.ee\/ru\/wp-json\/wp\/v2\/product_brand?post=32013"},{"taxonomy":"product_cat","embeddable":true,"href":"https:\/\/a-pant.ee\/ru\/wp-json\/wp\/v2\/product_cat?post=32013"},{"taxonomy":"product_tag","embeddable":true,"href":"https:\/\/a-pant.ee\/ru\/wp-json\/wp\/v2\/product_tag?post=32013"}],"curies":[{"name":"wp","href":"https:\/\/api.w.org\/{rel}","templated":true}]}}