{"id":32007,"date":"2026-02-04T14:05:01","date_gmt":"2026-02-04T11:05:01","guid":{"rendered":"https:\/\/a-pant.ee\/product\/akudrel-makita-dtd156-akb-5-0ah\/"},"modified":"2026-02-22T12:19:41","modified_gmt":"2026-02-22T09:19:41","slug":"akudrel-makita-dtd156-akb-50ach","status":"publish","type":"product","link":"https:\/\/a-pant.ee\/ru\/product\/akudrel-makita-dtd156-akb-50ach\/","title":{"rendered":"\u0410\u043a\u0443\u0434\u0440\u0435\u043b\u044c Makita DTD156 + AK\u0411 5,0A\u0427"},"content":{"rendered":"\n<p> Akutrell Makita DTD156 + AKU 5,0AH, heas seisu- ja t\u00f6\u00f6korras! <\/p><p> KIRJELDUS <\/p><ul><li> T\u00fc\u00fcp: akutoitega l\u00f6\u00f6kmutterv\u00f5ti <\/li><li> Pinge: 18 V <\/li><li> Maksimaalne p\u00f6\u00f6rdemoment: 155 N\u00b7m <\/li><li> T\u00fchik\u00e4igu kiirus: 0\u20132\u202f500 p\/min <\/li><li> L\u00f6\u00f6kide arv minutis: 0\u20133\u202f000 l\u00f6\u00f6ki\/min <\/li><li> Kinnitusotsik: kuuskant 6,35 mm (1\/4\u2033) <\/li><li> Keermed\/kinnitusv\u00f5ime: M4\u2013M14 <\/li><li> L\u00f6\u00f6giosa korpus: alumiinium <\/li><li> K\u00e4epide: kummi pealispind mugavaks haaramiseks <\/li><li> Valgus: sisseehitatud LED-t\u00f6\u00f6valgusti, eelvalgus ja j\u00e4relluminestsents <\/li><li> Pidur: elektrooniline <\/li><li> P\u00f6\u00f6ramise suuna valik: olemas <\/li><li> Aku kaitse: \u00fclekoormuse, kuumenemise ja t\u00e4ieliku t\u00fchjenemise eest <\/li><li> Pikkus: umbes 143 mm <\/li><li> Kaal: umbes 1,3\u20131,6 kg ilma akuta <\/li><li> Vibratsioonitase: 10,0 m\/s\u00b2 <\/li><li> M\u00fcra tase: helir\u00f5hk 92 dB(A), heliv\u00f5imsus 103 dB(A) <\/li><\/ul>\n","protected":false},"excerpt":{"rendered":"<p>Akutrell Makita DTD156 + AKU 5,0AH, heas seisu- ja t\u00f6\u00f6korras! KIRJELDUS T\u00fc\u00fcp: akutoitega l\u00f6\u00f6kmutterv\u00f5ti Pinge: 18 V Maksimaalne p\u00f6\u00f6rdemoment: 155 N\u00b7m T\u00fchik\u00e4igu kiirus: 0\u20132\u202f500 p\/min L\u00f6\u00f6kide arv minutis: 0\u20133\u202f000 l\u00f6\u00f6ki\/min Kinnitusotsik: kuuskant 6,35 mm (1\/4\u2033) Keermed\/kinnitusv\u00f5ime: M4\u2013M14 L\u00f6\u00f6giosa korpus: alumiinium K\u00e4epide: kummi pealispind mugavaks haaramiseks Valgus: sisseehitatud LED-t\u00f6\u00f6valgusti, eelvalgus ja j\u00e4relluminestsents Pidur: elektrooniline P\u00f6\u00f6ramise suuna [&hellip;]<\/p>\n","protected":false},"featured_media":32008,"comment_status":"closed","ping_status":"open","template":"","meta":{"inline_featured_image":false},"product_brand":[],"product_cat":[221],"product_tag":[],"class_list":{"0":"post-32007","1":"product","2":"type-product","3":"status-publish","4":"has-post-thumbnail","6":"product_cat-akkumulyatornye-dreli","7":"pa_asukoht-mustamae","8":"pa_seisukord-ispolzovano","10":"first","11":"instock","12":"taxable","13":"shipping-taxable","14":"purchasable","15":"product-type-simple"},"_links":{"self":[{"href":"https:\/\/a-pant.ee\/ru\/wp-json\/wp\/v2\/product\/32007","targetHints":{"allow":["GET"]}}],"collection":[{"href":"https:\/\/a-pant.ee\/ru\/wp-json\/wp\/v2\/product"}],"about":[{"href":"https:\/\/a-pant.ee\/ru\/wp-json\/wp\/v2\/types\/product"}],"replies":[{"embeddable":true,"href":"https:\/\/a-pant.ee\/ru\/wp-json\/wp\/v2\/comments?post=32007"}],"wp:featuredmedia":[{"embeddable":true,"href":"https:\/\/a-pant.ee\/ru\/wp-json\/wp\/v2\/media\/32008"}],"wp:attachment":[{"href":"https:\/\/a-pant.ee\/ru\/wp-json\/wp\/v2\/media?parent=32007"}],"wp:term":[{"taxonomy":"product_brand","embeddable":true,"href":"https:\/\/a-pant.ee\/ru\/wp-json\/wp\/v2\/product_brand?post=32007"},{"taxonomy":"product_cat","embeddable":true,"href":"https:\/\/a-pant.ee\/ru\/wp-json\/wp\/v2\/product_cat?post=32007"},{"taxonomy":"product_tag","embeddable":true,"href":"https:\/\/a-pant.ee\/ru\/wp-json\/wp\/v2\/product_tag?post=32007"}],"curies":[{"name":"wp","href":"https:\/\/api.w.org\/{rel}","templated":true}]}}