{"id":32001,"date":"2026-02-04T14:05:01","date_gmt":"2026-02-04T11:05:01","guid":{"rendered":"https:\/\/a-pant.ee\/product\/vozdyshnyy-kompressor-daewoo-170\/"},"modified":"2026-02-22T12:19:41","modified_gmt":"2026-02-22T09:19:41","slug":"vozdushnyj-kompressor-daewoo-170","status":"publish","type":"product","link":"https:\/\/a-pant.ee\/ru\/product\/vozdushnyj-kompressor-daewoo-170\/","title":{"rendered":"\u0412\u043e\u0437\u0434\u0443\u0448\u043d\u044b\u0439 \u043a\u043e\u043c\u043f\u0440\u0435\u0441\u0441\u043e\u0440 Daewoo 170"},"content":{"rendered":"\n<p> \u00d5hukompressor Daewoo 170\u00a0, heas seisu- ja t\u00f6\u00f6korras! <\/p><p> KIRJELDUS <\/p><ul><li> T\u00fc\u00fcp: kolvipump (\u00f5livaba) <\/li><li> \u00d5huvool: 170 l\/min <\/li><li> Paagi maht: 3 liitrit <\/li><li> Maksimaalne r\u00f5hk: 8 bar <\/li><li> V\u00f5imsus: 0,9\u20131,0 kW <\/li><li> Pinge: 230 V <\/li><li> Mootori p\u00f6\u00f6rded: ligikaudu 2800 p\/min <\/li><li> Silindrite arv: 2 <\/li><li> M\u00fcra tase: umbes 60 dB <\/li><li> \u00dclekande t\u00fc\u00fcp: otsene (ilma rihmata) <\/li><li> Manomeeter: 1 tk <\/li><li> Kaitse: \u00fclekoormuse ja \u00fclekuumenemise eest, automaatne r\u00f5hu langetamine <\/li><li> Jalad: 4 vibratsiooni summutavat jalga <\/li><li> Jahutus: jahutusservad <\/li><\/ul>\n","protected":false},"excerpt":{"rendered":"<p>\u00d5hukompressor Daewoo 170\u00a0, heas seisu- ja t\u00f6\u00f6korras! KIRJELDUS T\u00fc\u00fcp: kolvipump (\u00f5livaba) \u00d5huvool: 170 l\/min Paagi maht: 3 liitrit Maksimaalne r\u00f5hk: 8 bar V\u00f5imsus: 0,9\u20131,0 kW Pinge: 230 V Mootori p\u00f6\u00f6rded: ligikaudu 2800 p\/min Silindrite arv: 2 M\u00fcra tase: umbes 60 dB \u00dclekande t\u00fc\u00fcp: otsene (ilma rihmata) Manomeeter: 1 tk Kaitse: \u00fclekoormuse ja \u00fclekuumenemise eest, automaatne [&hellip;]<\/p>\n","protected":false},"featured_media":32002,"comment_status":"closed","ping_status":"closed","template":"","meta":{"inline_featured_image":false},"product_brand":[],"product_cat":[236],"product_tag":[],"class_list":{"0":"post-32001","1":"product","2":"type-product","3":"status-publish","4":"has-post-thumbnail","6":"product_cat-pnevmaticheskij-instrument","7":"product_shipping_class-oversize","8":"pa_asukoht-mustamae","9":"pa_seisukord-ispolzovano","11":"first","12":"instock","13":"taxable","14":"shipping-taxable","15":"purchasable","16":"product-type-simple"},"_links":{"self":[{"href":"https:\/\/a-pant.ee\/ru\/wp-json\/wp\/v2\/product\/32001","targetHints":{"allow":["GET"]}}],"collection":[{"href":"https:\/\/a-pant.ee\/ru\/wp-json\/wp\/v2\/product"}],"about":[{"href":"https:\/\/a-pant.ee\/ru\/wp-json\/wp\/v2\/types\/product"}],"replies":[{"embeddable":true,"href":"https:\/\/a-pant.ee\/ru\/wp-json\/wp\/v2\/comments?post=32001"}],"wp:featuredmedia":[{"embeddable":true,"href":"https:\/\/a-pant.ee\/ru\/wp-json\/wp\/v2\/media\/32002"}],"wp:attachment":[{"href":"https:\/\/a-pant.ee\/ru\/wp-json\/wp\/v2\/media?parent=32001"}],"wp:term":[{"taxonomy":"product_brand","embeddable":true,"href":"https:\/\/a-pant.ee\/ru\/wp-json\/wp\/v2\/product_brand?post=32001"},{"taxonomy":"product_cat","embeddable":true,"href":"https:\/\/a-pant.ee\/ru\/wp-json\/wp\/v2\/product_cat?post=32001"},{"taxonomy":"product_tag","embeddable":true,"href":"https:\/\/a-pant.ee\/ru\/wp-json\/wp\/v2\/product_tag?post=32001"}],"curies":[{"name":"wp","href":"https:\/\/api.w.org\/{rel}","templated":true}]}}