{"id":31988,"date":"2026-02-04T14:05:01","date_gmt":"2026-02-04T11:05:01","guid":{"rendered":"https:\/\/a-pant.ee\/product\/tsirkuljarnaya-pila-makita-hs7601\/"},"modified":"2026-02-22T12:19:40","modified_gmt":"2026-02-22T09:19:40","slug":"czirkulyarnaya-pila-makita-hs7601","status":"publish","type":"product","link":"https:\/\/a-pant.ee\/ru\/product\/czirkulyarnaya-pila-makita-hs7601\/","title":{"rendered":"\u0426\u0438\u0440\u043a\u0443\u043b\u044f\u0440\u043d\u0430\u044f \u043f\u0438\u043b\u0430 Makita HS7601"},"content":{"rendered":"\n<p> Ketassaag Makita HS7601, heas seisu- ja t\u00f6\u00f6korras! <\/p><p> KIRJELDUS <\/p><ul><li> T\u00fc\u00fcp: Ketassaag <\/li><li> V\u00f5imsus: 1200 W <\/li><li> Ketta l\u00e4bim\u00f5\u00f5t: 190 mm <\/li><li> Kinnitusava diameeter: 30 mm <\/li><li> T\u00fchik\u00e4igu kiirus: 5200 p\/min <\/li><li> L\u00f5ikes\u00fcgavus: <ul><li> 90\u00b0 juures: kuni 66 mm <\/li><li> 45\u00b0 juures: kuni 46 mm <\/li><\/ul><\/li><li> Kallutusnurk: kuni 45\u00b0 <\/li><li> Alusplaat: Valualumiinium <\/li><li> Tolmuv\u00e4ljalase: V\u00f5imalus \u00fchendada tolmuimeja <\/li><li> K\u00e4epide: Kummist kate mugavaks hoidmiseks <\/li><li> Kaabli pikkus: 2,5 m <\/li><li> Kaal: umbes 3,8\u20134,0 kg <\/li><li> Kaitse: Topeltisolatsioon <\/li><li> M\u00f5\u00f5tmed: ligikaudu 309 \u00d7 232 \u00d7 255 mm <\/li><\/ul>\n","protected":false},"excerpt":{"rendered":"<p>Ketassaag Makita HS7601, heas seisu- ja t\u00f6\u00f6korras! KIRJELDUS T\u00fc\u00fcp: Ketassaag V\u00f5imsus: 1200 W Ketta l\u00e4bim\u00f5\u00f5t: 190 mm Kinnitusava diameeter: 30 mm T\u00fchik\u00e4igu kiirus: 5200 p\/min L\u00f5ikes\u00fcgavus: 90\u00b0 juures: kuni 66 mm 45\u00b0 juures: kuni 46 mm Kallutusnurk: kuni 45\u00b0 Alusplaat: Valualumiinium Tolmuv\u00e4ljalase: V\u00f5imalus \u00fchendada tolmuimeja K\u00e4epide: Kummist kate mugavaks hoidmiseks Kaabli pikkus: 2,5 m Kaal: [&hellip;]<\/p>\n","protected":false},"featured_media":31989,"comment_status":"closed","ping_status":"closed","template":"","meta":{"inline_featured_image":false},"product_brand":[],"product_cat":[230],"product_tag":[],"class_list":{"0":"post-31988","1":"product","2":"type-product","3":"status-publish","4":"has-post-thumbnail","6":"product_cat-czirkulyarnye-pily","7":"pa_asukoht-mustamae","8":"pa_seisukord-ispolzovano","10":"first","11":"outofstock","12":"taxable","13":"shipping-taxable","14":"purchasable","15":"product-type-simple"},"_links":{"self":[{"href":"https:\/\/a-pant.ee\/ru\/wp-json\/wp\/v2\/product\/31988","targetHints":{"allow":["GET"]}}],"collection":[{"href":"https:\/\/a-pant.ee\/ru\/wp-json\/wp\/v2\/product"}],"about":[{"href":"https:\/\/a-pant.ee\/ru\/wp-json\/wp\/v2\/types\/product"}],"replies":[{"embeddable":true,"href":"https:\/\/a-pant.ee\/ru\/wp-json\/wp\/v2\/comments?post=31988"}],"wp:featuredmedia":[{"embeddable":true,"href":"https:\/\/a-pant.ee\/ru\/wp-json\/wp\/v2\/media\/31989"}],"wp:attachment":[{"href":"https:\/\/a-pant.ee\/ru\/wp-json\/wp\/v2\/media?parent=31988"}],"wp:term":[{"taxonomy":"product_brand","embeddable":true,"href":"https:\/\/a-pant.ee\/ru\/wp-json\/wp\/v2\/product_brand?post=31988"},{"taxonomy":"product_cat","embeddable":true,"href":"https:\/\/a-pant.ee\/ru\/wp-json\/wp\/v2\/product_cat?post=31988"},{"taxonomy":"product_tag","embeddable":true,"href":"https:\/\/a-pant.ee\/ru\/wp-json\/wp\/v2\/product_tag?post=31988"}],"curies":[{"name":"wp","href":"https:\/\/api.w.org\/{rel}","templated":true}]}}