{"id":31982,"date":"2026-02-04T14:05:01","date_gmt":"2026-02-04T11:05:01","guid":{"rendered":"https:\/\/a-pant.ee\/product\/besprovodnaya-kolonka-jbl-go-2\/"},"modified":"2026-02-22T12:19:40","modified_gmt":"2026-02-22T09:19:40","slug":"besprovodnaya-kolonka-jbl-go-2","status":"publish","type":"product","link":"https:\/\/a-pant.ee\/ru\/product\/besprovodnaya-kolonka-jbl-go-2\/","title":{"rendered":"\u0411\u0435\u0441\u043f\u0440\u043e\u0432\u043e\u0434\u043d\u0430\u044f \u043a\u043e\u043b\u043e\u043d\u043a\u0430 JBL Go 2"},"content":{"rendered":"\n<p> Juhtmevaba k\u00f5lar JBL Go 2, heas seisu- ja t\u00f6\u00f6korras! <\/p><p> KIRJELDUS <\/p><p> Juhtmevaba k\u00f5lar\u00a0JBL Go 2. 3 W v\u00f5imsus, MP3 tugi, Bluetooth ja 3.5 mm AUX sisend. Niiskus- ja tolmukindel. Aku kestab kuni 5 tundi, laadimisaeg 2,5 tundi. V\u00e4ike ja mugav igap\u00e4evaseks kasutamiseks. <\/p>\n","protected":false},"excerpt":{"rendered":"<p>Juhtmevaba k\u00f5lar JBL Go 2, heas seisu- ja t\u00f6\u00f6korras! KIRJELDUS Juhtmevaba k\u00f5lar\u00a0JBL Go 2. 3 W v\u00f5imsus, MP3 tugi, Bluetooth ja 3.5 mm AUX sisend. Niiskus- ja tolmukindel. Aku kestab kuni 5 tundi, laadimisaeg 2,5 tundi. V\u00e4ike ja mugav igap\u00e4evaseks kasutamiseks.<\/p>\n","protected":false},"featured_media":31983,"comment_status":"closed","ping_status":"open","template":"","meta":{"inline_featured_image":false},"product_brand":[],"product_cat":[167],"product_tag":[],"class_list":{"0":"post-31982","1":"product","2":"type-product","3":"status-publish","4":"has-post-thumbnail","6":"product_cat-kolonki","7":"pa_asukoht-lasnamae","8":"pa_seisukord-ispolzovano","10":"first","11":"instock","12":"taxable","13":"shipping-taxable","14":"purchasable","15":"product-type-simple"},"_links":{"self":[{"href":"https:\/\/a-pant.ee\/ru\/wp-json\/wp\/v2\/product\/31982","targetHints":{"allow":["GET"]}}],"collection":[{"href":"https:\/\/a-pant.ee\/ru\/wp-json\/wp\/v2\/product"}],"about":[{"href":"https:\/\/a-pant.ee\/ru\/wp-json\/wp\/v2\/types\/product"}],"replies":[{"embeddable":true,"href":"https:\/\/a-pant.ee\/ru\/wp-json\/wp\/v2\/comments?post=31982"}],"wp:featuredmedia":[{"embeddable":true,"href":"https:\/\/a-pant.ee\/ru\/wp-json\/wp\/v2\/media\/31983"}],"wp:attachment":[{"href":"https:\/\/a-pant.ee\/ru\/wp-json\/wp\/v2\/media?parent=31982"}],"wp:term":[{"taxonomy":"product_brand","embeddable":true,"href":"https:\/\/a-pant.ee\/ru\/wp-json\/wp\/v2\/product_brand?post=31982"},{"taxonomy":"product_cat","embeddable":true,"href":"https:\/\/a-pant.ee\/ru\/wp-json\/wp\/v2\/product_cat?post=31982"},{"taxonomy":"product_tag","embeddable":true,"href":"https:\/\/a-pant.ee\/ru\/wp-json\/wp\/v2\/product_tag?post=31982"}],"curies":[{"name":"wp","href":"https:\/\/api.w.org\/{rel}","templated":true}]}}