{"id":31976,"date":"2026-02-04T14:05:01","date_gmt":"2026-02-04T11:05:01","guid":{"rendered":"https:\/\/a-pant.ee\/product\/planshet-rtk-fix-g1-pro\/"},"modified":"2026-02-22T12:19:40","modified_gmt":"2026-02-22T09:19:40","slug":"planshet-rtk-fix-g1-pro","status":"publish","type":"product","link":"https:\/\/a-pant.ee\/ru\/product\/planshet-rtk-fix-g1-pro\/","title":{"rendered":"\u041f\u043b\u0430\u043d\u0448\u0435\u0442 RTK FIX G1 Pro"},"content":{"rendered":"\n<p> Tahvelarvuti RTK FIX G1 Pro, heas seisu- ja t\u00f6\u00f6korras! <\/p><p> KIRJELDUS <\/p><p> Mudel: RTK FIX G1 Pro <\/p><p> Seade t\u00fc\u00fcp: RTK GNSS vastuv\u00f5tja ja andmekoguja <\/p><p> Operatsioonis\u00fcsteem: Android 10 <\/p><p> GNSS mooduli valikud: <\/p><p> Ublox F9P \u2014 184 kanalit <\/p><p> Comnav K803 \u2014 965 kanalit <\/p><p> Toetatud satelliits\u00fcsteemid: GPS, GLONASS, Galileo, BeiDou (vastavalt moodulile) <\/p><p> \u00dchendused: <\/p><p> Bluetooth 4.2 (standard) <\/p><p> Bluetooth 5.1 (pikamaa versioon) <\/p><p> 4G modem koos 3G ja 2G toega <\/p><p> SIM-kaardid: 2 \u00d7 nano-SIM <\/p><p> Aku: vahetatav, 9000 mAh <\/p><p> T\u00e4iendavad omadused: <\/p><p> Koosk\u00f5las erinevate geodeetiliste tarkvaralahendustega <\/p><p> Saab kasutada Rover komplektina GNSS antenniga <\/p><p> V\u00f5imalik kinnitus m\u00f5\u00f5duvarrele <\/p><p> Eelinstallitud Google Mail ja Google Drive kiireks andmejagamiseks <\/p>\n","protected":false},"excerpt":{"rendered":"<p>Tahvelarvuti RTK FIX G1 Pro, heas seisu- ja t\u00f6\u00f6korras! KIRJELDUS Mudel: RTK FIX G1 Pro Seade t\u00fc\u00fcp: RTK GNSS vastuv\u00f5tja ja andmekoguja Operatsioonis\u00fcsteem: Android 10 GNSS mooduli valikud: Ublox F9P \u2014 184 kanalit Comnav K803 \u2014 965 kanalit Toetatud satelliits\u00fcsteemid: GPS, GLONASS, Galileo, BeiDou (vastavalt moodulile) \u00dchendused: Bluetooth 4.2 (standard) Bluetooth 5.1 (pikamaa versioon) 4G [&hellip;]<\/p>\n","protected":false},"featured_media":31977,"comment_status":"closed","ping_status":"open","template":"","meta":{"inline_featured_image":false},"product_brand":[],"product_cat":[180],"product_tag":[],"class_list":{"0":"post-31976","1":"product","2":"type-product","3":"status-publish","4":"has-post-thumbnail","6":"product_cat-planshety","7":"pa_asukoht-mustamae","8":"pa_seisukord-ispolzovano","10":"first","11":"instock","12":"taxable","13":"shipping-taxable","14":"purchasable","15":"product-type-simple"},"_links":{"self":[{"href":"https:\/\/a-pant.ee\/ru\/wp-json\/wp\/v2\/product\/31976","targetHints":{"allow":["GET"]}}],"collection":[{"href":"https:\/\/a-pant.ee\/ru\/wp-json\/wp\/v2\/product"}],"about":[{"href":"https:\/\/a-pant.ee\/ru\/wp-json\/wp\/v2\/types\/product"}],"replies":[{"embeddable":true,"href":"https:\/\/a-pant.ee\/ru\/wp-json\/wp\/v2\/comments?post=31976"}],"wp:featuredmedia":[{"embeddable":true,"href":"https:\/\/a-pant.ee\/ru\/wp-json\/wp\/v2\/media\/31977"}],"wp:attachment":[{"href":"https:\/\/a-pant.ee\/ru\/wp-json\/wp\/v2\/media?parent=31976"}],"wp:term":[{"taxonomy":"product_brand","embeddable":true,"href":"https:\/\/a-pant.ee\/ru\/wp-json\/wp\/v2\/product_brand?post=31976"},{"taxonomy":"product_cat","embeddable":true,"href":"https:\/\/a-pant.ee\/ru\/wp-json\/wp\/v2\/product_cat?post=31976"},{"taxonomy":"product_tag","embeddable":true,"href":"https:\/\/a-pant.ee\/ru\/wp-json\/wp\/v2\/product_tag?post=31976"}],"curies":[{"name":"wp","href":"https:\/\/api.w.org\/{rel}","templated":true}]}}