{"id":31970,"date":"2026-02-04T14:05:01","date_gmt":"2026-02-04T11:05:01","guid":{"rendered":"https:\/\/a-pant.ee\/product\/bluetooth-naushniki-redmi-buds-4-lite\/"},"modified":"2026-02-22T12:19:40","modified_gmt":"2026-02-22T09:19:40","slug":"bluetooth-naushniki-redmi-buds-4-lite","status":"publish","type":"product","link":"https:\/\/a-pant.ee\/ru\/product\/bluetooth-naushniki-redmi-buds-4-lite\/","title":{"rendered":"Bluetooth \u041d\u0430\u0443\u0448\u043d\u0438\u043a\u0438 Redmi Buds 4 Lite"},"content":{"rendered":"\n<p> Bluetooth K\u00f5rvaklappid Redmi Buds 4 Lite, heas seisu- ja t\u00f6\u00f6korras! <\/p><p> KIRJELDUS <\/p><ul><li> T\u00fc\u00fcp:K\u00f5rvasisesed <\/li><li> Juhtmevaba:Jah <\/li><li> Seadmega \u00fchendamine:Bluetooth <\/li><li> Aktiivne m\u00fcrasummutus:Ei <\/li><li> Mikrofon:Jah <\/li><li> Heli reguleerimise v\u00f5imalus:Ei <\/li><li> K\u00f5nele vastamise\/keeldumise nupp:Jah <\/li><li> T\u00f6\u00f6aeg (kuni):5 h <\/li><li> Takistus: <\/li><\/ul>\n","protected":false},"excerpt":{"rendered":"<p>Bluetooth K\u00f5rvaklappid Redmi Buds 4 Lite, heas seisu- ja t\u00f6\u00f6korras! KIRJELDUS T\u00fc\u00fcp:K\u00f5rvasisesed Juhtmevaba:Jah Seadmega \u00fchendamine:Bluetooth Aktiivne m\u00fcrasummutus:Ei Mikrofon:Jah Heli reguleerimise v\u00f5imalus:Ei K\u00f5nele vastamise\/keeldumise nupp:Jah T\u00f6\u00f6aeg (kuni):5 h Takistus:<\/p>\n","protected":false},"featured_media":31971,"comment_status":"closed","ping_status":"open","template":"","meta":{"inline_featured_image":false},"product_brand":[],"product_cat":[168],"product_tag":[],"class_list":{"0":"post-31970","1":"product","2":"type-product","3":"status-publish","4":"has-post-thumbnail","6":"product_cat-naushniki","7":"pa_asukoht-mustamae","8":"pa_seisukord-ispolzovano","10":"first","11":"instock","12":"taxable","13":"shipping-taxable","14":"purchasable","15":"product-type-simple"},"_links":{"self":[{"href":"https:\/\/a-pant.ee\/ru\/wp-json\/wp\/v2\/product\/31970","targetHints":{"allow":["GET"]}}],"collection":[{"href":"https:\/\/a-pant.ee\/ru\/wp-json\/wp\/v2\/product"}],"about":[{"href":"https:\/\/a-pant.ee\/ru\/wp-json\/wp\/v2\/types\/product"}],"replies":[{"embeddable":true,"href":"https:\/\/a-pant.ee\/ru\/wp-json\/wp\/v2\/comments?post=31970"}],"wp:featuredmedia":[{"embeddable":true,"href":"https:\/\/a-pant.ee\/ru\/wp-json\/wp\/v2\/media\/31971"}],"wp:attachment":[{"href":"https:\/\/a-pant.ee\/ru\/wp-json\/wp\/v2\/media?parent=31970"}],"wp:term":[{"taxonomy":"product_brand","embeddable":true,"href":"https:\/\/a-pant.ee\/ru\/wp-json\/wp\/v2\/product_brand?post=31970"},{"taxonomy":"product_cat","embeddable":true,"href":"https:\/\/a-pant.ee\/ru\/wp-json\/wp\/v2\/product_cat?post=31970"},{"taxonomy":"product_tag","embeddable":true,"href":"https:\/\/a-pant.ee\/ru\/wp-json\/wp\/v2\/product_tag?post=31970"}],"curies":[{"name":"wp","href":"https:\/\/api.w.org\/{rel}","templated":true}]}}