{"id":31964,"date":"2026-02-04T14:05:01","date_gmt":"2026-02-04T11:05:01","guid":{"rendered":"https:\/\/a-pant.ee\/product\/benzopila-parkside-pbks-53-c3-prinadlezhnosti\/"},"modified":"2026-02-22T12:19:40","modified_gmt":"2026-02-22T09:19:40","slug":"benzopila-parkside-pbks-53-c3-prinadlezhnosti","status":"publish","type":"product","link":"https:\/\/a-pant.ee\/ru\/product\/benzopila-parkside-pbks-53-c3-prinadlezhnosti\/","title":{"rendered":"\u0411\u0435\u043d\u0437\u043e\u043f\u0438\u043b\u0430 Parkside PBKS 53 C3 + \u043f\u0440\u0438\u043d\u0430\u0434\u043b\u0435\u0436\u043d\u043e\u0441\u0442\u0438"},"content":{"rendered":"\n<p> Motorsaag Parkside PBKS 53 C3 + tarvikud, heas seisu- ja t\u00f6\u00f6korras! <\/p><p> KIRJELDUS <\/p><p> V\u00f5imas kahetaktiline bensiinimootor (53 cm\u00b3) v\u00f5imsusega 2 kW (2,7 hj) <\/p><p> Vibratsioonivastane s\u00fcsteem mugavaks t\u00f6\u00f6ks <\/p><p> Kiire ja t\u00f6\u00f6kindel k\u00e4ivitusmehhanism <\/p><p> Automaatne ketim\u00e4\u00e4rimine sujuvaks t\u00f6\u00f6tamiseks <\/p><p> Tagasil\u00f6\u00f6gipidur kasutaja ohutuse suurendamiseks <\/p><p> Vastupidav juhtplaat pikkusega 44 cm (18 tolli) <\/p><p> Keti kiirus kuni 22,1 m\/s kiireks l\u00f5ikamiseks <\/p><p> Ergonoomiline ja tugev konstruktsioon <\/p><p> Mugav keti ja juhtplaadi hooldus <\/p>\n","protected":false},"excerpt":{"rendered":"<p>Motorsaag Parkside PBKS 53 C3 + tarvikud, heas seisu- ja t\u00f6\u00f6korras! KIRJELDUS V\u00f5imas kahetaktiline bensiinimootor (53 cm\u00b3) v\u00f5imsusega 2 kW (2,7 hj) Vibratsioonivastane s\u00fcsteem mugavaks t\u00f6\u00f6ks Kiire ja t\u00f6\u00f6kindel k\u00e4ivitusmehhanism Automaatne ketim\u00e4\u00e4rimine sujuvaks t\u00f6\u00f6tamiseks Tagasil\u00f6\u00f6gipidur kasutaja ohutuse suurendamiseks Vastupidav juhtplaat pikkusega 44 cm (18 tolli) Keti kiirus kuni 22,1 m\/s kiireks l\u00f5ikamiseks Ergonoomiline ja tugev [&hellip;]<\/p>\n","protected":false},"featured_media":31965,"comment_status":"closed","ping_status":"closed","template":"","meta":{"inline_featured_image":false},"product_brand":[],"product_cat":[220],"product_tag":[],"class_list":{"0":"post-31964","1":"product","2":"type-product","3":"status-publish","4":"has-post-thumbnail","6":"product_cat-sadovye-instrumenty","7":"product_shipping_class-oversize","8":"pa_asukoht-mustamae","9":"pa_seisukord-ispolzovano","11":"first","12":"instock","13":"taxable","14":"shipping-taxable","15":"purchasable","16":"product-type-simple"},"_links":{"self":[{"href":"https:\/\/a-pant.ee\/ru\/wp-json\/wp\/v2\/product\/31964","targetHints":{"allow":["GET"]}}],"collection":[{"href":"https:\/\/a-pant.ee\/ru\/wp-json\/wp\/v2\/product"}],"about":[{"href":"https:\/\/a-pant.ee\/ru\/wp-json\/wp\/v2\/types\/product"}],"replies":[{"embeddable":true,"href":"https:\/\/a-pant.ee\/ru\/wp-json\/wp\/v2\/comments?post=31964"}],"wp:featuredmedia":[{"embeddable":true,"href":"https:\/\/a-pant.ee\/ru\/wp-json\/wp\/v2\/media\/31965"}],"wp:attachment":[{"href":"https:\/\/a-pant.ee\/ru\/wp-json\/wp\/v2\/media?parent=31964"}],"wp:term":[{"taxonomy":"product_brand","embeddable":true,"href":"https:\/\/a-pant.ee\/ru\/wp-json\/wp\/v2\/product_brand?post=31964"},{"taxonomy":"product_cat","embeddable":true,"href":"https:\/\/a-pant.ee\/ru\/wp-json\/wp\/v2\/product_cat?post=31964"},{"taxonomy":"product_tag","embeddable":true,"href":"https:\/\/a-pant.ee\/ru\/wp-json\/wp\/v2\/product_tag?post=31964"}],"curies":[{"name":"wp","href":"https:\/\/api.w.org\/{rel}","templated":true}]}}