{"id":31950,"date":"2026-02-04T14:05:01","date_gmt":"2026-02-04T11:05:01","guid":{"rendered":"https:\/\/a-pant.ee\/product\/bluetooth-naushniki-jbl-vibe-buds\/"},"modified":"2026-02-22T12:19:39","modified_gmt":"2026-02-22T09:19:39","slug":"bluetooth-naushniki-jbl-vibe-buds-usb-korobka","status":"publish","type":"product","link":"https:\/\/a-pant.ee\/ru\/product\/bluetooth-naushniki-jbl-vibe-buds-usb-korobka\/","title":{"rendered":"Bluetooth \u043d\u0430\u0443\u0448\u043d\u0438\u043a\u0438 JBL Vibe buds + USB + \u043a\u043e\u0440\u043e\u0431\u043a\u0430"},"content":{"rendered":"\n<p> Bluetooth k\u00f5rvaklapid JBL Vibe buds + USB + karp\u00a0, heas seisu- ja t\u00f6\u00f6korras! <\/p><p> KIRJELDUS <\/p><p> JBL Vibe Buds Black on stiilsed ja kompaktsed juhtmevabad k\u00f5rvaklapid, mis \u00fchendavad mugavuse, k\u00f5rgekvaliteedilise heli ja kaasaegsed tehnoloogiad. JBL Deep Bass funktsioon tagab v\u00f5imsa ja rikkaliku heli, mis sobib suurep\u00e4raselt muusika, filmide ja k\u00f5nede jaoks. T\u00e4nu ergonoomilisele disainile ja kompaktsele suurusele p\u00fcsivad k\u00f5rvaklapid kindlalt paigal ega p\u00f5hjusta ebamugavust ka pikaajalisel kandmisel. Aku t\u00f6\u00f6aeg on kuni 8 tundi, laadimiskarbiga lisandub veel 24 tundi, pakkudes teile t\u00e4ielikku vabadust kogu p\u00e4eva jooksul. IP54 tolmu- ja pritsmekaitse teeb need k\u00f5rvaklapid usaldusv\u00e4\u00e4rseks kaaslaseks igas olukorras. <\/p>\n","protected":false},"excerpt":{"rendered":"<p>Bluetooth k\u00f5rvaklapid JBL Vibe buds + USB + karp\u00a0, heas seisu- ja t\u00f6\u00f6korras! KIRJELDUS JBL Vibe Buds Black on stiilsed ja kompaktsed juhtmevabad k\u00f5rvaklapid, mis \u00fchendavad mugavuse, k\u00f5rgekvaliteedilise heli ja kaasaegsed tehnoloogiad. JBL Deep Bass funktsioon tagab v\u00f5imsa ja rikkaliku heli, mis sobib suurep\u00e4raselt muusika, filmide ja k\u00f5nede jaoks. T\u00e4nu ergonoomilisele disainile ja kompaktsele suurusele [&hellip;]<\/p>\n","protected":false},"featured_media":31951,"comment_status":"closed","ping_status":"open","template":"","meta":{"inline_featured_image":false},"product_brand":[],"product_cat":[168],"product_tag":[],"class_list":{"0":"post-31950","1":"product","2":"type-product","3":"status-publish","4":"has-post-thumbnail","6":"product_cat-naushniki","7":"pa_asukoht-lasnamae","8":"pa_seisukord-ispolzovano","10":"first","11":"instock","12":"taxable","13":"shipping-taxable","14":"purchasable","15":"product-type-simple"},"_links":{"self":[{"href":"https:\/\/a-pant.ee\/ru\/wp-json\/wp\/v2\/product\/31950","targetHints":{"allow":["GET"]}}],"collection":[{"href":"https:\/\/a-pant.ee\/ru\/wp-json\/wp\/v2\/product"}],"about":[{"href":"https:\/\/a-pant.ee\/ru\/wp-json\/wp\/v2\/types\/product"}],"replies":[{"embeddable":true,"href":"https:\/\/a-pant.ee\/ru\/wp-json\/wp\/v2\/comments?post=31950"}],"wp:featuredmedia":[{"embeddable":true,"href":"https:\/\/a-pant.ee\/ru\/wp-json\/wp\/v2\/media\/31951"}],"wp:attachment":[{"href":"https:\/\/a-pant.ee\/ru\/wp-json\/wp\/v2\/media?parent=31950"}],"wp:term":[{"taxonomy":"product_brand","embeddable":true,"href":"https:\/\/a-pant.ee\/ru\/wp-json\/wp\/v2\/product_brand?post=31950"},{"taxonomy":"product_cat","embeddable":true,"href":"https:\/\/a-pant.ee\/ru\/wp-json\/wp\/v2\/product_cat?post=31950"},{"taxonomy":"product_tag","embeddable":true,"href":"https:\/\/a-pant.ee\/ru\/wp-json\/wp\/v2\/product_tag?post=31950"}],"curies":[{"name":"wp","href":"https:\/\/api.w.org\/{rel}","templated":true}]}}