{"id":31931,"date":"2026-02-04T13:59:39","date_gmt":"2026-02-04T10:59:39","guid":{"rendered":"https:\/\/a-pant.ee\/product\/samokat-gpad-storm-x-zaryadka\/"},"modified":"2026-02-22T12:19:45","modified_gmt":"2026-02-22T09:19:45","slug":"samokat-gpad-storm-x-zaryadka","status":"publish","type":"product","link":"https:\/\/a-pant.ee\/ru\/product\/samokat-gpad-storm-x-zaryadka\/","title":{"rendered":"\u0421\u0430\u043c\u043e\u043a\u0430\u0442 Gpad Storm X + \u0417\u0430\u0440\u044f\u0434\u043a\u0430"},"content":{"rendered":"\n<p> T\u00f5ukerattas Gpad Storm X + Laadija\u00a0, heas seisu- ja t\u00f6\u00f6korras! <\/p><p> KIRJELDUS <\/p><ul><li> Mudel: GPad Storm x <\/li><li> Mootori v\u00f5imsus: umbes 600\u2009W <\/li><li> Maksimaalne kiirus: kuni 25\u2009km\/h <\/li><li> S\u00f5iduulatus \u00fche laadimisega: kuni 55\u2009km <\/li><li> Akupinge: 52\u2009V <\/li><li> Aku mahtuvus: ligikaudu 946\u2009Wh <\/li><li> Ratta l\u00e4bim\u00f5\u00f5t: 10\u2033 (10 tolli) <\/li><li> Maksimaalne kasutaja kaal: kuni 120\u2009kg <\/li><li> T\u00e4islaadimise aeg: umbes 11 tundi <\/li><li> Piduris\u00fcsteem: mehaanilised ketaspidurid <\/li><li> Juhirooli k\u00f5rgus: reguleeritav <\/li><li> Kaal: umbes 35\u2009kg <\/li><li> Kasutustingimused: kuni ~20% t\u00f5us <\/li><li> Kaitseklass: IP54 <\/li><\/ul>\n","protected":false},"excerpt":{"rendered":"<p>T\u00f5ukerattas Gpad Storm X + Laadija\u00a0, heas seisu- ja t\u00f6\u00f6korras! KIRJELDUS Mudel: GPad Storm x Mootori v\u00f5imsus: umbes 600\u2009W Maksimaalne kiirus: kuni 25\u2009km\/h S\u00f5iduulatus \u00fche laadimisega: kuni 55\u2009km Akupinge: 52\u2009V Aku mahtuvus: ligikaudu 946\u2009Wh Ratta l\u00e4bim\u00f5\u00f5t: 10\u2033 (10 tolli) Maksimaalne kasutaja kaal: kuni 120\u2009kg T\u00e4islaadimise aeg: umbes 11 tundi Piduris\u00fcsteem: mehaanilised ketaspidurid Juhirooli k\u00f5rgus: reguleeritav [&hellip;]<\/p>\n","protected":false},"featured_media":31932,"comment_status":"closed","ping_status":"open","template":"","meta":{"inline_featured_image":false},"product_brand":[],"product_cat":[215],"product_tag":[],"class_list":{"0":"post-31931","1":"product","2":"type-product","3":"status-publish","4":"has-post-thumbnail","6":"product_cat-elektricheskie-samokaty","7":"product_shipping_class-oversize","8":"pa_asukoht-mustamae","9":"pa_seisukord-ispolzovano","11":"first","12":"instock","13":"taxable","14":"shipping-taxable","15":"purchasable","16":"product-type-simple"},"_links":{"self":[{"href":"https:\/\/a-pant.ee\/ru\/wp-json\/wp\/v2\/product\/31931","targetHints":{"allow":["GET"]}}],"collection":[{"href":"https:\/\/a-pant.ee\/ru\/wp-json\/wp\/v2\/product"}],"about":[{"href":"https:\/\/a-pant.ee\/ru\/wp-json\/wp\/v2\/types\/product"}],"replies":[{"embeddable":true,"href":"https:\/\/a-pant.ee\/ru\/wp-json\/wp\/v2\/comments?post=31931"}],"wp:featuredmedia":[{"embeddable":true,"href":"https:\/\/a-pant.ee\/ru\/wp-json\/wp\/v2\/media\/31932"}],"wp:attachment":[{"href":"https:\/\/a-pant.ee\/ru\/wp-json\/wp\/v2\/media?parent=31931"}],"wp:term":[{"taxonomy":"product_brand","embeddable":true,"href":"https:\/\/a-pant.ee\/ru\/wp-json\/wp\/v2\/product_brand?post=31931"},{"taxonomy":"product_cat","embeddable":true,"href":"https:\/\/a-pant.ee\/ru\/wp-json\/wp\/v2\/product_cat?post=31931"},{"taxonomy":"product_tag","embeddable":true,"href":"https:\/\/a-pant.ee\/ru\/wp-json\/wp\/v2\/product_tag?post=31931"}],"curies":[{"name":"wp","href":"https:\/\/api.w.org\/{rel}","templated":true}]}}