{"id":31925,"date":"2026-02-04T13:59:39","date_gmt":"2026-02-04T10:59:39","guid":{"rendered":"https:\/\/a-pant.ee\/product\/telefon-samsung-galaxy-a52s-128gb\/"},"modified":"2026-02-22T12:19:45","modified_gmt":"2026-02-22T09:19:45","slug":"telefon-samsung-galaxy-a52s-128gb","status":"publish","type":"product","link":"https:\/\/a-pant.ee\/ru\/product\/telefon-samsung-galaxy-a52s-128gb\/","title":{"rendered":"\u0422\u0435\u043b\u0435\u0444\u043e\u043d Samsung Galaxy A52s 128GB"},"content":{"rendered":"\n<p> Telefon Samsung Galaxy A52s 128GB\u00a0, heas seisu- ja t\u00f6\u00f6korras! <\/p><p> KIRJELDUS <\/p><ul><li> Mudel: Galaxy A52s (128 GB) <\/li><li> Ekraan: 6,5 tolli, Super AMOLED, eraldusv\u00f5ime 2400 \u00d7 1080 pikslit, v\u00e4rskendussagedus 120 Hz <\/li><li> Protsessor: Snapdragon 778G (8 tuuma, 2,4 GHz) <\/li><li> RAM-m\u00e4lu: 6 GB <\/li><li> Sisem\u00e4lu: 128 GB, microSD-tugi kuni 1 TB <\/li><li> Tagakaamera: 64 MP (lainurk, OIS) + 12 MP (\u00fclilainurk) + 5 MP (makro) + 5 MP (s\u00fcgavusandur) <\/li><li> Esikaamera: 32 MP <\/li><li> Aku: 4500 mAh, kiirlaadimine 25 W <\/li><li> Vee- ja tolmukindlus: IP67 <\/li><li> M\u00f5\u00f5tmed: 159,9 \u00d7 75,1 \u00d7 8,4 mm <\/li><li> Kaal: 189 g <\/li><\/ul>\n","protected":false},"excerpt":{"rendered":"<p>Telefon Samsung Galaxy A52s 128GB\u00a0, heas seisu- ja t\u00f6\u00f6korras! KIRJELDUS Mudel: Galaxy A52s (128 GB) Ekraan: 6,5 tolli, Super AMOLED, eraldusv\u00f5ime 2400 \u00d7 1080 pikslit, v\u00e4rskendussagedus 120 Hz Protsessor: Snapdragon 778G (8 tuuma, 2,4 GHz) RAM-m\u00e4lu: 6 GB Sisem\u00e4lu: 128 GB, microSD-tugi kuni 1 TB Tagakaamera: 64 MP (lainurk, OIS) + 12 MP (\u00fclilainurk) + [&hellip;]<\/p>\n","protected":false},"featured_media":31926,"comment_status":"closed","ping_status":"closed","template":"","meta":{"inline_featured_image":false},"product_brand":[],"product_cat":[171],"product_tag":[],"class_list":{"0":"post-31925","1":"product","2":"type-product","3":"status-publish","4":"has-post-thumbnail","6":"product_cat-mobilnye-telefony","7":"pa_asukoht-mustamae","8":"pa_seisukord-ispolzovano","10":"first","11":"outofstock","12":"taxable","13":"shipping-taxable","14":"purchasable","15":"product-type-simple"},"_links":{"self":[{"href":"https:\/\/a-pant.ee\/ru\/wp-json\/wp\/v2\/product\/31925","targetHints":{"allow":["GET"]}}],"collection":[{"href":"https:\/\/a-pant.ee\/ru\/wp-json\/wp\/v2\/product"}],"about":[{"href":"https:\/\/a-pant.ee\/ru\/wp-json\/wp\/v2\/types\/product"}],"replies":[{"embeddable":true,"href":"https:\/\/a-pant.ee\/ru\/wp-json\/wp\/v2\/comments?post=31925"}],"wp:featuredmedia":[{"embeddable":true,"href":"https:\/\/a-pant.ee\/ru\/wp-json\/wp\/v2\/media\/31926"}],"wp:attachment":[{"href":"https:\/\/a-pant.ee\/ru\/wp-json\/wp\/v2\/media?parent=31925"}],"wp:term":[{"taxonomy":"product_brand","embeddable":true,"href":"https:\/\/a-pant.ee\/ru\/wp-json\/wp\/v2\/product_brand?post=31925"},{"taxonomy":"product_cat","embeddable":true,"href":"https:\/\/a-pant.ee\/ru\/wp-json\/wp\/v2\/product_cat?post=31925"},{"taxonomy":"product_tag","embeddable":true,"href":"https:\/\/a-pant.ee\/ru\/wp-json\/wp\/v2\/product_tag?post=31925"}],"curies":[{"name":"wp","href":"https:\/\/api.w.org\/{rel}","templated":true}]}}