{"id":31906,"date":"2026-02-04T13:59:39","date_gmt":"2026-02-04T10:59:39","guid":{"rendered":"https:\/\/a-pant.ee\/product\/lentochniy-shurupovert-senco-ds5550-ac\/"},"modified":"2026-02-22T12:19:44","modified_gmt":"2026-02-22T09:19:44","slug":"lentochnyj-shurupovert-senco-ds5550-ac","status":"publish","type":"product","link":"https:\/\/a-pant.ee\/ru\/product\/lentochnyj-shurupovert-senco-ds5550-ac\/","title":{"rendered":"\u041b\u0435\u043d\u0442\u043e\u0447\u043d\u044b\u0439 \u0448\u0443\u0440\u0443\u043f\u043e\u0432\u0435\u0440\u0442 Senco DS5550-AC"},"content":{"rendered":"\n<p><strong> Lintkruvikeeraja Senco DS5550-AC <\/strong> , vajab seadistamist <\/p><p> KIRJELDUS <\/p><ul><li><strong> Pinge: <\/strong> 230\u202fV, 50\u202fHz <\/li><li><strong> Kiirus: <\/strong> 5000 p\/min <\/li><li><strong> M\u00f5\u00f5detav p\u00f6\u00f6rdemoment: <\/strong> 7\u202fNm <\/li><li><strong> Kruvi pikkus: <\/strong> 25\u201355\u202fmm <\/li><li><strong> Kruvi diameeter: <\/strong> 3,5\u20135,5\u202fmm <\/li><li><strong> Bitipikkus: <\/strong> 174\u202fmm <\/li><li><strong> Kaal: <\/strong> 2,51\u202fkg <\/li><li><strong> M\u00fcra tase: <\/strong> 84\u202fdB <\/li><li><strong> Vibratsioon: <\/strong> 0,3\u202fm\/s\u00b2 <\/li><li><strong> Omadus: <\/strong> \u201ecorner-fit\u201c tehnoloogia nurkades kinnitamiseks <\/li><\/ul>\n","protected":false},"excerpt":{"rendered":"<p>Lintkruvikeeraja Senco DS5550-AC , vajab seadistamist KIRJELDUS Pinge: 230\u202fV, 50\u202fHz Kiirus: 5000 p\/min M\u00f5\u00f5detav p\u00f6\u00f6rdemoment: 7\u202fNm Kruvi pikkus: 25\u201355\u202fmm Kruvi diameeter: 3,5\u20135,5\u202fmm Bitipikkus: 174\u202fmm Kaal: 2,51\u202fkg M\u00fcra tase: 84\u202fdB Vibratsioon: 0,3\u202fm\/s\u00b2 Omadus: \u201ecorner-fit\u201c tehnoloogia nurkades kinnitamiseks<\/p>\n","protected":false},"featured_media":31907,"comment_status":"closed","ping_status":"open","template":"","meta":{"inline_featured_image":false},"product_brand":[],"product_cat":[231],"product_tag":[],"class_list":{"0":"post-31906","1":"product","2":"type-product","3":"status-publish","4":"has-post-thumbnail","6":"product_cat-shurupoverty","7":"pa_asukoht-lasnamae","8":"pa_seisukord-ispolzovano","10":"first","11":"instock","12":"taxable","13":"shipping-taxable","14":"purchasable","15":"product-type-simple"},"_links":{"self":[{"href":"https:\/\/a-pant.ee\/ru\/wp-json\/wp\/v2\/product\/31906","targetHints":{"allow":["GET"]}}],"collection":[{"href":"https:\/\/a-pant.ee\/ru\/wp-json\/wp\/v2\/product"}],"about":[{"href":"https:\/\/a-pant.ee\/ru\/wp-json\/wp\/v2\/types\/product"}],"replies":[{"embeddable":true,"href":"https:\/\/a-pant.ee\/ru\/wp-json\/wp\/v2\/comments?post=31906"}],"wp:featuredmedia":[{"embeddable":true,"href":"https:\/\/a-pant.ee\/ru\/wp-json\/wp\/v2\/media\/31907"}],"wp:attachment":[{"href":"https:\/\/a-pant.ee\/ru\/wp-json\/wp\/v2\/media?parent=31906"}],"wp:term":[{"taxonomy":"product_brand","embeddable":true,"href":"https:\/\/a-pant.ee\/ru\/wp-json\/wp\/v2\/product_brand?post=31906"},{"taxonomy":"product_cat","embeddable":true,"href":"https:\/\/a-pant.ee\/ru\/wp-json\/wp\/v2\/product_cat?post=31906"},{"taxonomy":"product_tag","embeddable":true,"href":"https:\/\/a-pant.ee\/ru\/wp-json\/wp\/v2\/product_tag?post=31906"}],"curies":[{"name":"wp","href":"https:\/\/api.w.org\/{rel}","templated":true}]}}