{"id":31900,"date":"2026-02-04T13:59:39","date_gmt":"2026-02-04T10:59:39","guid":{"rendered":"https:\/\/a-pant.ee\/product\/udlinitel-25m-3g-2-5mm\/"},"modified":"2026-02-22T12:19:44","modified_gmt":"2026-02-22T09:19:44","slug":"udlinitel-25m-3g-25mm","status":"publish","type":"product","link":"https:\/\/a-pant.ee\/ru\/product\/udlinitel-25m-3g-25mm\/","title":{"rendered":"\u0423\u0434\u043b\u0438\u043d\u0438\u0442\u0435\u043b\u044c 25\u043c  3g 2,5mm"},"content":{"rendered":"\n<p><strong> Pikendusjuhe \u00a025m 3g 2,5mm <\/strong> , \u00a0t\u00f6\u00f6korras! <\/p><p> KIRJELDUS <\/p><ul><li><strong> T\u00fc\u00fcp: <\/strong> kaablikerija \/ pikendusjuhe <\/li><li><strong> Mudel: <\/strong> YLK-GC-50BG <\/li><li><strong> Kaabli pikkus: <\/strong> 25 m <\/li><li><strong> Kaabli t\u00fc\u00fcp: <\/strong> H05VV-F 3G2.5 mm\u00b2 (3 soontega, iga\u00fcks 2,5 mm\u00b2) <\/li><li><strong> Nimipinge: <\/strong> 250 V <\/li><li><strong> Maksimaalne v\u00f5imsus: <\/strong><ul><li> T\u00e4ielikult kerituna: <strong> 1200 W <\/strong><\/li><li> T\u00e4ielikult lahtikerituna: <strong> 3600 W <\/strong><\/li><\/ul><\/li><li><strong> Kaitse: <\/strong> termokaitse (soojusl\u00fcliti, mis katkestab \u00fclekuumenemisel) <\/li><li><strong> Kasutamine: <\/strong> ainult kuivades ja h\u00e4sti kaitstud tingimustes <\/li><\/ul>\n","protected":false},"excerpt":{"rendered":"<p>Pikendusjuhe \u00a025m 3g 2,5mm , \u00a0t\u00f6\u00f6korras! KIRJELDUS T\u00fc\u00fcp: kaablikerija \/ pikendusjuhe Mudel: YLK-GC-50BG Kaabli pikkus: 25 m Kaabli t\u00fc\u00fcp: H05VV-F 3G2.5 mm\u00b2 (3 soontega, iga\u00fcks 2,5 mm\u00b2) Nimipinge: 250 V Maksimaalne v\u00f5imsus: T\u00e4ielikult kerituna: 1200 W T\u00e4ielikult lahtikerituna: 3600 W Kaitse: termokaitse (soojusl\u00fcliti, mis katkestab \u00fclekuumenemisel) Kasutamine: ainult kuivades ja h\u00e4sti kaitstud tingimustes<\/p>\n","protected":false},"featured_media":31901,"comment_status":"closed","ping_status":"open","template":"","meta":{"inline_featured_image":false},"product_brand":[],"product_cat":[223],"product_tag":[],"class_list":{"0":"post-31900","1":"product","2":"type-product","3":"status-publish","4":"has-post-thumbnail","6":"product_cat-vsyo-dlya-instrumenta","7":"pa_asukoht-lasnamae","8":"pa_seisukord-ispolzovano","10":"first","11":"instock","12":"taxable","13":"shipping-taxable","14":"purchasable","15":"product-type-simple"},"_links":{"self":[{"href":"https:\/\/a-pant.ee\/ru\/wp-json\/wp\/v2\/product\/31900","targetHints":{"allow":["GET"]}}],"collection":[{"href":"https:\/\/a-pant.ee\/ru\/wp-json\/wp\/v2\/product"}],"about":[{"href":"https:\/\/a-pant.ee\/ru\/wp-json\/wp\/v2\/types\/product"}],"replies":[{"embeddable":true,"href":"https:\/\/a-pant.ee\/ru\/wp-json\/wp\/v2\/comments?post=31900"}],"wp:featuredmedia":[{"embeddable":true,"href":"https:\/\/a-pant.ee\/ru\/wp-json\/wp\/v2\/media\/31901"}],"wp:attachment":[{"href":"https:\/\/a-pant.ee\/ru\/wp-json\/wp\/v2\/media?parent=31900"}],"wp:term":[{"taxonomy":"product_brand","embeddable":true,"href":"https:\/\/a-pant.ee\/ru\/wp-json\/wp\/v2\/product_brand?post=31900"},{"taxonomy":"product_cat","embeddable":true,"href":"https:\/\/a-pant.ee\/ru\/wp-json\/wp\/v2\/product_cat?post=31900"},{"taxonomy":"product_tag","embeddable":true,"href":"https:\/\/a-pant.ee\/ru\/wp-json\/wp\/v2\/product_tag?post=31900"}],"curies":[{"name":"wp","href":"https:\/\/api.w.org\/{rel}","templated":true}]}}