{"id":31888,"date":"2026-02-04T13:59:39","date_gmt":"2026-02-04T10:59:39","guid":{"rendered":"https:\/\/a-pant.ee\/product\/kustorez-makita-uh5261-2\/"},"modified":"2026-02-22T12:19:44","modified_gmt":"2026-02-22T09:19:44","slug":"kustorez-makita-uh5261-2","status":"publish","type":"product","link":"https:\/\/a-pant.ee\/ru\/product\/kustorez-makita-uh5261-2\/","title":{"rendered":"\u041a\u0443\u0441\u0442\u043e\u0440\u0435\u0437 Makita UH5261"},"content":{"rendered":"\n<p><strong> Elektriline hekil\u00f5ikur Makita UH5261\u00a0 <\/strong> \u00a0t\u00f6\u00f6korras! <\/p><p> KIRJELDUS <\/p><ul><li><strong> T\u00fc\u00fcp: <\/strong> elektriline hekik\u00e4\u00e4r <\/li><li><strong> V\u00f5imsus: <\/strong> 400 W <\/li><li><strong> Tera pikkus: <\/strong> 520 mm <\/li><li><strong> Maks. oksa paksus: <\/strong> umbes 15 mm <\/li><li><strong> L\u00f6\u00f6kide sagedus: <\/strong> 1600 l\u00f6\u00f6ki\/min <\/li><li><strong> T\u00f6\u00f6riista pikkus: <\/strong> 921 mm <\/li><li><strong> Kaal: <\/strong> umbes 3,0 kg <\/li><li><strong> Helir\u00f5hu tase: <\/strong> 82 dB(A) <\/li><li><strong> Heliv\u00f5imsuse tase: <\/strong> 93 dB(A) <\/li><li><strong> Vibratsioon: <\/strong> 6,7 m\/s\u00b2 <\/li><li><strong> Juhtme pikkus: <\/strong> umbes 0,3 m <\/li><li><strong> Omadused: <\/strong><ul><li> Elektriline mootoripidur <\/li><li> Kahe k\u00e4epidemega turval\u00fcliti <\/li><li> Tera kaitsekate <\/li><li> Mugav ergonoomiline k\u00e4epide <\/li><\/ul><\/li><\/ul><p> \u00a0 <\/p>\n","protected":false},"excerpt":{"rendered":"<p>Elektriline hekil\u00f5ikur Makita UH5261\u00a0 \u00a0t\u00f6\u00f6korras! KIRJELDUS T\u00fc\u00fcp: elektriline hekik\u00e4\u00e4r V\u00f5imsus: 400 W Tera pikkus: 520 mm Maks. oksa paksus: umbes 15 mm L\u00f6\u00f6kide sagedus: 1600 l\u00f6\u00f6ki\/min T\u00f6\u00f6riista pikkus: 921 mm Kaal: umbes 3,0 kg Helir\u00f5hu tase: 82 dB(A) Heliv\u00f5imsuse tase: 93 dB(A) Vibratsioon: 6,7 m\/s\u00b2 Juhtme pikkus: umbes 0,3 m Omadused: Elektriline mootoripidur Kahe k\u00e4epidemega [&hellip;]<\/p>\n","protected":false},"featured_media":31889,"comment_status":"closed","ping_status":"closed","template":"","meta":{"inline_featured_image":false},"product_brand":[],"product_cat":[220],"product_tag":[],"class_list":{"0":"post-31888","1":"product","2":"type-product","3":"status-publish","4":"has-post-thumbnail","6":"product_cat-sadovye-instrumenty","7":"product_shipping_class-oversize","8":"pa_asukoht-lasnamae","9":"pa_seisukord-ispolzovano","11":"first","12":"outofstock","13":"taxable","14":"shipping-taxable","15":"purchasable","16":"product-type-simple"},"_links":{"self":[{"href":"https:\/\/a-pant.ee\/ru\/wp-json\/wp\/v2\/product\/31888","targetHints":{"allow":["GET"]}}],"collection":[{"href":"https:\/\/a-pant.ee\/ru\/wp-json\/wp\/v2\/product"}],"about":[{"href":"https:\/\/a-pant.ee\/ru\/wp-json\/wp\/v2\/types\/product"}],"replies":[{"embeddable":true,"href":"https:\/\/a-pant.ee\/ru\/wp-json\/wp\/v2\/comments?post=31888"}],"wp:featuredmedia":[{"embeddable":true,"href":"https:\/\/a-pant.ee\/ru\/wp-json\/wp\/v2\/media\/31889"}],"wp:attachment":[{"href":"https:\/\/a-pant.ee\/ru\/wp-json\/wp\/v2\/media?parent=31888"}],"wp:term":[{"taxonomy":"product_brand","embeddable":true,"href":"https:\/\/a-pant.ee\/ru\/wp-json\/wp\/v2\/product_brand?post=31888"},{"taxonomy":"product_cat","embeddable":true,"href":"https:\/\/a-pant.ee\/ru\/wp-json\/wp\/v2\/product_cat?post=31888"},{"taxonomy":"product_tag","embeddable":true,"href":"https:\/\/a-pant.ee\/ru\/wp-json\/wp\/v2\/product_tag?post=31888"}],"curies":[{"name":"wp","href":"https:\/\/api.w.org\/{rel}","templated":true}]}}