{"id":31882,"date":"2026-02-04T13:59:39","date_gmt":"2026-02-04T10:59:39","guid":{"rendered":"https:\/\/a-pant.ee\/product\/perforator-makita-hr2630\/"},"modified":"2026-02-22T12:19:44","modified_gmt":"2026-02-22T09:19:44","slug":"perforator-makita-hr2630","status":"publish","type":"product","link":"https:\/\/a-pant.ee\/ru\/product\/perforator-makita-hr2630\/","title":{"rendered":"\u041f\u0435\u0440\u0444\u043e\u0440\u0430\u0442\u043e\u0440 Makita HR2630"},"content":{"rendered":"\n<p><strong> Puurvasar Makita HR2630 <\/strong> , \u00a0t\u00f6\u00f6korras! <\/p><p> KIRJELDUS <\/p><ul><li><strong> V\u00f5imsus <\/strong> : 800\u202fW <\/li><li><strong> Padrun <\/strong> : SDS-Plus <\/li><li><strong> L\u00f6\u00f6gienergia <\/strong> : 2,4\u202fJ <\/li><li><strong> T\u00fchik\u00e4igu p\u00f6\u00f6rded <\/strong> : 0\u20131200 p\/min <\/li><li><strong> L\u00f6\u00f6gisagedus <\/strong> : kuni 4600 l\u00f6\u00f6ki\/min <\/li><li><strong> Maks. puurimisv\u00f5ime <\/strong> : betoon \u2014 26\u202fmm, puit \u2014 32\u202fmm, metall \u2014 13\u202fmm <\/li><li><strong> T\u00f6\u00f6re\u017eiimid <\/strong> : puurimine, puurimine l\u00f6\u00f6giga, meiseldamine <\/li><li><strong> Kaal <\/strong> : umbes 2,8\u202fkg <\/li><li><strong> Juhtme pikkus <\/strong> : ~2,5\u202fm <\/li><li><strong> M\u00f5\u00f5tmed <\/strong> : ~361 \u00d7 77 \u00d7 209\u202fmm <\/li><\/ul>\n","protected":false},"excerpt":{"rendered":"<p>Puurvasar Makita HR2630 , \u00a0t\u00f6\u00f6korras! KIRJELDUS V\u00f5imsus : 800\u202fW Padrun : SDS-Plus L\u00f6\u00f6gienergia : 2,4\u202fJ T\u00fchik\u00e4igu p\u00f6\u00f6rded : 0\u20131200 p\/min L\u00f6\u00f6gisagedus : kuni 4600 l\u00f6\u00f6ki\/min Maks. puurimisv\u00f5ime : betoon \u2014 26\u202fmm, puit \u2014 32\u202fmm, metall \u2014 13\u202fmm T\u00f6\u00f6re\u017eiimid : puurimine, puurimine l\u00f6\u00f6giga, meiseldamine Kaal : umbes 2,8\u202fkg Juhtme pikkus : ~2,5\u202fm M\u00f5\u00f5tmed : ~361 \u00d7 [&hellip;]<\/p>\n","protected":false},"featured_media":31883,"comment_status":"closed","ping_status":"open","template":"","meta":{"inline_featured_image":false},"product_brand":[],"product_cat":[239],"product_tag":[],"class_list":{"0":"post-31882","1":"product","2":"type-product","3":"status-publish","4":"has-post-thumbnail","6":"product_cat-perforatory-i-dreli","7":"pa_asukoht-lasnamae","8":"pa_seisukord-ispolzovano","10":"first","11":"instock","12":"taxable","13":"shipping-taxable","14":"purchasable","15":"product-type-simple"},"_links":{"self":[{"href":"https:\/\/a-pant.ee\/ru\/wp-json\/wp\/v2\/product\/31882","targetHints":{"allow":["GET"]}}],"collection":[{"href":"https:\/\/a-pant.ee\/ru\/wp-json\/wp\/v2\/product"}],"about":[{"href":"https:\/\/a-pant.ee\/ru\/wp-json\/wp\/v2\/types\/product"}],"replies":[{"embeddable":true,"href":"https:\/\/a-pant.ee\/ru\/wp-json\/wp\/v2\/comments?post=31882"}],"wp:featuredmedia":[{"embeddable":true,"href":"https:\/\/a-pant.ee\/ru\/wp-json\/wp\/v2\/media\/31883"}],"wp:attachment":[{"href":"https:\/\/a-pant.ee\/ru\/wp-json\/wp\/v2\/media?parent=31882"}],"wp:term":[{"taxonomy":"product_brand","embeddable":true,"href":"https:\/\/a-pant.ee\/ru\/wp-json\/wp\/v2\/product_brand?post=31882"},{"taxonomy":"product_cat","embeddable":true,"href":"https:\/\/a-pant.ee\/ru\/wp-json\/wp\/v2\/product_cat?post=31882"},{"taxonomy":"product_tag","embeddable":true,"href":"https:\/\/a-pant.ee\/ru\/wp-json\/wp\/v2\/product_tag?post=31882"}],"curies":[{"name":"wp","href":"https:\/\/api.w.org\/{rel}","templated":true}]}}