{"id":31875,"date":"2026-02-04T13:59:39","date_gmt":"2026-02-04T10:59:39","guid":{"rendered":"https:\/\/a-pant.ee\/product\/smartfon-apple-iphone-12-64gb-face-id-ne-rabotayet\/"},"modified":"2026-02-22T12:19:44","modified_gmt":"2026-02-22T09:19:44","slug":"smartfon-apple-iphone-12-64gb-aku-96-face-id-ne-rabotaet","status":"publish","type":"product","link":"https:\/\/a-pant.ee\/ru\/product\/smartfon-apple-iphone-12-64gb-aku-96-face-id-ne-rabotaet\/","title":{"rendered":"\u0421\u043c\u0430\u0440\u0442\u0444\u043e\u043d Apple Iphone 12 64gb \u0430\u043a\u0443 96% Face ID \u043d\u0435 \u0440\u0430\u0431\u043e\u0442\u0430\u0435\u0442"},"content":{"rendered":"\n<p> \u00a0 <strong> Nutitelefon Apple Iphone 12 64gb aku 96% Face ID ei t\u00f6\u00f6ta aku ei ole oriiginaal <\/strong> , t\u00f6\u00f6korras! <\/p><p> KIRJELDUS <\/p><ul><li><strong> Ekraan: <\/strong> 6,1 tolli OLED (Super Retina XDR), resolutsioon 2532\u00d71170 pikslit, tihedus umbes 460 ppi. <\/li><li><strong> Korpus: <\/strong> alumiiniumraam, klaas (Ceramic Shield ees), kaal umbes 162 g. <\/li><li><strong> M\u00f5\u00f5tmed: <\/strong> 146,7 \u00d7 71,5 \u00d7 7,4 mm. <\/li><li><strong> Protsessor: <\/strong> Apple A14 Bionic (6-tuumaline CPU, 4-tuumaline GPU, 16-tuumaline Neural Engine). <\/li><li><strong> M\u00e4lu: <\/strong> 64 GB <\/li><li><strong> Tagakaamerad: <\/strong><ul><li> P\u00f5hikaamera \u2013 12 MP, \u0192\/1.6, optiline pildistabilisaator (OIS). <\/li><li> Ultra-lainurkkaamera \u2013 12 MP, \u0192\/2.4, 120\u00b0 vaatenurk. <\/li><\/ul><\/li><li><strong> Esikaamera: <\/strong> 12 MP, \u0192\/2.2. <\/li><li><strong> Video: <\/strong> kuni 4K 60 fps, HDR ja Dolby Vision tugi. <\/li><li><strong> \u00dchendused: <\/strong> 5G, Wi-Fi 6, Bluetooth 5.0, NFC. <\/li><li><strong> Vees- ja tolmukindlus: <\/strong> IP68 (kuni 6 m s\u00fcgavusel 30 minutit). <\/li><li><strong> Aku: <\/strong> kuni 17 tundi videotaasesitust; kiirlaadimine \u2013 50 % umbes 30 minutiga (20 W adapteriga); MagSafe ja Qi juhtmevaba laadimine. <\/li><li><strong> Operatsioonis\u00fcsteem: <\/strong> iOS 14 (uuendatav uusimatele iOS-versioonidele). <\/li><\/ul>\n","protected":false},"excerpt":{"rendered":"<p>\u00a0 Nutitelefon Apple Iphone 12 64gb aku 96% Face ID ei t\u00f6\u00f6ta aku ei ole oriiginaal , t\u00f6\u00f6korras! KIRJELDUS Ekraan: 6,1 tolli OLED (Super Retina XDR), resolutsioon 2532\u00d71170 pikslit, tihedus umbes 460 ppi. Korpus: alumiiniumraam, klaas (Ceramic Shield ees), kaal umbes 162 g. M\u00f5\u00f5tmed: 146,7 \u00d7 71,5 \u00d7 7,4 mm. Protsessor: Apple A14 Bionic (6-tuumaline [&hellip;]<\/p>\n","protected":false},"featured_media":31876,"comment_status":"closed","ping_status":"open","template":"","meta":{"inline_featured_image":false},"product_brand":[],"product_cat":[171],"product_tag":[],"class_list":{"0":"post-31875","1":"product","2":"type-product","3":"status-publish","4":"has-post-thumbnail","6":"product_cat-mobilnye-telefony","7":"pa_asukoht-lasnamae","8":"pa_seisukord-ispolzovano","10":"first","11":"instock","12":"taxable","13":"shipping-taxable","14":"purchasable","15":"product-type-simple"},"_links":{"self":[{"href":"https:\/\/a-pant.ee\/ru\/wp-json\/wp\/v2\/product\/31875","targetHints":{"allow":["GET"]}}],"collection":[{"href":"https:\/\/a-pant.ee\/ru\/wp-json\/wp\/v2\/product"}],"about":[{"href":"https:\/\/a-pant.ee\/ru\/wp-json\/wp\/v2\/types\/product"}],"replies":[{"embeddable":true,"href":"https:\/\/a-pant.ee\/ru\/wp-json\/wp\/v2\/comments?post=31875"}],"wp:featuredmedia":[{"embeddable":true,"href":"https:\/\/a-pant.ee\/ru\/wp-json\/wp\/v2\/media\/31876"}],"wp:attachment":[{"href":"https:\/\/a-pant.ee\/ru\/wp-json\/wp\/v2\/media?parent=31875"}],"wp:term":[{"taxonomy":"product_brand","embeddable":true,"href":"https:\/\/a-pant.ee\/ru\/wp-json\/wp\/v2\/product_brand?post=31875"},{"taxonomy":"product_cat","embeddable":true,"href":"https:\/\/a-pant.ee\/ru\/wp-json\/wp\/v2\/product_cat?post=31875"},{"taxonomy":"product_tag","embeddable":true,"href":"https:\/\/a-pant.ee\/ru\/wp-json\/wp\/v2\/product_tag?post=31875"}],"curies":[{"name":"wp","href":"https:\/\/api.w.org\/{rel}","templated":true}]}}