{"id":31860,"date":"2026-02-04T13:59:39","date_gmt":"2026-02-04T10:59:39","guid":{"rendered":"https:\/\/a-pant.ee\/product\/uglovaya-tsirkuljarnaya-pila-metabo-kgs-216-m\/"},"modified":"2026-02-22T12:19:43","modified_gmt":"2026-02-22T09:19:43","slug":"torczovochnaya-pila-metabo-kgs-216-m","status":"publish","type":"product","link":"https:\/\/a-pant.ee\/ru\/product\/torczovochnaya-pila-metabo-kgs-216-m\/","title":{"rendered":"\u0422\u043e\u0440\u0446\u043e\u0432\u043e\u0447\u043d\u0430\u044f \u043f\u0438\u043b\u0430 Metabo KGS 216 M"},"content":{"rendered":"\n<p> Jarkamissaag Metabo KGS 216 M, heas seisu- ja t\u00f6\u00f6korras! <\/p><p> KIRJELDUS <\/p><p> Mudel: KGS 216 M <\/p><p> Mootori v\u00f5imsus: 1200 W <\/p><p> Kettsaagide ketta l\u00e4bim\u00f5\u00f5t: 216 mm <\/p><p> Maksimaalne l\u00f5ike laius 90\u00b0-ga: kuni umbes 305 mm <\/p><p> Maksimaalne l\u00f5ike s\u00fcgavus 90\u00b0-ga: kuni umbes 65 mm <\/p><p> Maksimaalne l\u00f5ike laius 45\u00b0-ga: kuni umbes 205 mm <\/p><p> Maksimaalne l\u00f5ike s\u00fcgavus 45\u00b0-ga: kuni umbes 36 mm <\/p><p> P\u00f6\u00f6rdlaua nurk (vasak\/parem): kuni 47\u00b0 \/ 47\u00b0 <\/p><p> Saepea kallutus nurk (vasak\/parem): kuni 47\u00b0 \/ 2\u00b0 <\/p><p> Toitepinge: ~240 V (v\u00f5rgutoitega mudel) <\/p><p> T\u00fchik\u00e4igu kiirus: kuni umbes 5000 p\/min <\/p>\n","protected":false},"excerpt":{"rendered":"<p>Jarkamissaag Metabo KGS 216 M, heas seisu- ja t\u00f6\u00f6korras! KIRJELDUS Mudel: KGS 216 M Mootori v\u00f5imsus: 1200 W Kettsaagide ketta l\u00e4bim\u00f5\u00f5t: 216 mm Maksimaalne l\u00f5ike laius 90\u00b0-ga: kuni umbes 305 mm Maksimaalne l\u00f5ike s\u00fcgavus 90\u00b0-ga: kuni umbes 65 mm Maksimaalne l\u00f5ike laius 45\u00b0-ga: kuni umbes 205 mm Maksimaalne l\u00f5ike s\u00fcgavus 45\u00b0-ga: kuni umbes 36 mm [&hellip;]<\/p>\n","protected":false},"featured_media":31861,"comment_status":"closed","ping_status":"closed","template":"","meta":{"inline_featured_image":false},"product_brand":[],"product_cat":[230],"product_tag":[],"class_list":{"0":"post-31860","1":"product","2":"type-product","3":"status-publish","4":"has-post-thumbnail","6":"product_cat-czirkulyarnye-pily","7":"pa_asukoht-mustamae","8":"pa_seisukord-ispolzovano","10":"first","11":"outofstock","12":"taxable","13":"shipping-taxable","14":"purchasable","15":"product-type-simple"},"_links":{"self":[{"href":"https:\/\/a-pant.ee\/ru\/wp-json\/wp\/v2\/product\/31860","targetHints":{"allow":["GET"]}}],"collection":[{"href":"https:\/\/a-pant.ee\/ru\/wp-json\/wp\/v2\/product"}],"about":[{"href":"https:\/\/a-pant.ee\/ru\/wp-json\/wp\/v2\/types\/product"}],"replies":[{"embeddable":true,"href":"https:\/\/a-pant.ee\/ru\/wp-json\/wp\/v2\/comments?post=31860"}],"wp:featuredmedia":[{"embeddable":true,"href":"https:\/\/a-pant.ee\/ru\/wp-json\/wp\/v2\/media\/31861"}],"wp:attachment":[{"href":"https:\/\/a-pant.ee\/ru\/wp-json\/wp\/v2\/media?parent=31860"}],"wp:term":[{"taxonomy":"product_brand","embeddable":true,"href":"https:\/\/a-pant.ee\/ru\/wp-json\/wp\/v2\/product_brand?post=31860"},{"taxonomy":"product_cat","embeddable":true,"href":"https:\/\/a-pant.ee\/ru\/wp-json\/wp\/v2\/product_cat?post=31860"},{"taxonomy":"product_tag","embeddable":true,"href":"https:\/\/a-pant.ee\/ru\/wp-json\/wp\/v2\/product_tag?post=31860"}],"curies":[{"name":"wp","href":"https:\/\/api.w.org\/{rel}","templated":true}]}}