{"id":31845,"date":"2026-02-04T13:59:39","date_gmt":"2026-02-04T10:59:39","guid":{"rendered":"https:\/\/a-pant.ee\/product\/mobilnyy-telefon-apple-iphone-se-64gb\/"},"modified":"2026-02-22T12:19:43","modified_gmt":"2026-02-22T09:19:43","slug":"mobilnyj-telefon-apple-iphone-se-64gb-akku-87-chehol","status":"publish","type":"product","link":"https:\/\/a-pant.ee\/ru\/product\/mobilnyj-telefon-apple-iphone-se-64gb-akku-87-chehol\/","title":{"rendered":"\u041c\u043e\u0431\u0438\u043b\u044c\u043d\u044b\u0439 \u0442\u0435\u043b\u0435\u0444\u043e\u043d Apple iPhone SE 64GB \u0430\u043a\u043a\u0443 87% + \u0447\u0435\u0445\u043e\u043b"},"content":{"rendered":"\n<p> Mobiiltelefon Apple iPhone SE 64GB Aku 87% + kaane, t\u00f6\u00f6korras! <\/p><p> Telefonil on kriimustused. <\/p><p> KIRJELDUS <\/p><ul><li> Ekraan: 4,7 tolli, Retina HD, IPS LCD, eraldusv\u00f5ime 1334\u00d7750 pikslit <\/li><li> Protsessor: Apple A13 Bionic, 6-tuumaline <\/li><li> RAM: 3 GB <\/li><li> Salvestusruum: 64 GB <\/li><li> Tagakaamera: 12 MP, f\/1.8, autofookus, optiline pildistabilisaator, digitaalne suum kuni 5x, 4K video salvestus (kuni 60 kaadrit\/s) <\/li><li> Esikaamera: 7 MP, f\/2.2, Full HD video <\/li><li> Biomeetria: Touch ID s\u00f5rmej\u00e4ljelugeja (nupus) <\/li><li> Operatsioonis\u00fcsteem: iOS (uuendatav uusimate versioonideni) <\/li><li> Traadita \u00fchendused: Wi\u2011Fi 6, Bluetooth 5.0, NFC <\/li><li> Navigatsioon: GPS, GLONASS, Galileo, QZSS <\/li><li> Tolmu- ja veekindlus: IP67 (kuni 1 m s\u00fcgavus 30 minutiks) <\/li><li> Aku: kuni 13 tundi videotaasesitust, toetab 18 W kiirlaadimist ja juhtmevaba Qi-laadimist <\/li><li> \u00dchendus: Lightning <\/li><\/ul>\n","protected":false},"excerpt":{"rendered":"<p>Mobiiltelefon Apple iPhone SE 64GB Aku 87% + kaane, t\u00f6\u00f6korras! Telefonil on kriimustused. KIRJELDUS Ekraan: 4,7 tolli, Retina HD, IPS LCD, eraldusv\u00f5ime 1334\u00d7750 pikslit Protsessor: Apple A13 Bionic, 6-tuumaline RAM: 3 GB Salvestusruum: 64 GB Tagakaamera: 12 MP, f\/1.8, autofookus, optiline pildistabilisaator, digitaalne suum kuni 5x, 4K video salvestus (kuni 60 kaadrit\/s) Esikaamera: 7 MP, [&hellip;]<\/p>\n","protected":false},"featured_media":31846,"comment_status":"closed","ping_status":"closed","template":"","meta":{"inline_featured_image":false},"product_brand":[],"product_cat":[171],"product_tag":[],"class_list":{"0":"post-31845","1":"product","2":"type-product","3":"status-publish","4":"has-post-thumbnail","6":"product_cat-mobilnye-telefony","7":"pa_asukoht-mustamae","8":"pa_seisukord-ispolzovano","10":"first","11":"outofstock","12":"taxable","13":"shipping-taxable","14":"purchasable","15":"product-type-simple"},"_links":{"self":[{"href":"https:\/\/a-pant.ee\/ru\/wp-json\/wp\/v2\/product\/31845","targetHints":{"allow":["GET"]}}],"collection":[{"href":"https:\/\/a-pant.ee\/ru\/wp-json\/wp\/v2\/product"}],"about":[{"href":"https:\/\/a-pant.ee\/ru\/wp-json\/wp\/v2\/types\/product"}],"replies":[{"embeddable":true,"href":"https:\/\/a-pant.ee\/ru\/wp-json\/wp\/v2\/comments?post=31845"}],"wp:featuredmedia":[{"embeddable":true,"href":"https:\/\/a-pant.ee\/ru\/wp-json\/wp\/v2\/media\/31846"}],"wp:attachment":[{"href":"https:\/\/a-pant.ee\/ru\/wp-json\/wp\/v2\/media?parent=31845"}],"wp:term":[{"taxonomy":"product_brand","embeddable":true,"href":"https:\/\/a-pant.ee\/ru\/wp-json\/wp\/v2\/product_brand?post=31845"},{"taxonomy":"product_cat","embeddable":true,"href":"https:\/\/a-pant.ee\/ru\/wp-json\/wp\/v2\/product_cat?post=31845"},{"taxonomy":"product_tag","embeddable":true,"href":"https:\/\/a-pant.ee\/ru\/wp-json\/wp\/v2\/product_tag?post=31845"}],"curies":[{"name":"wp","href":"https:\/\/api.w.org\/{rel}","templated":true}]}}