{"id":31819,"date":"2026-02-04T13:59:39","date_gmt":"2026-02-04T10:59:39","guid":{"rendered":"https:\/\/a-pant.ee\/product\/bluetooth-kolonka-harman-kardon-onyx-studio-9\/"},"modified":"2026-02-22T12:19:42","modified_gmt":"2026-02-22T09:19:42","slug":"bluetooth-kolonka-harman-kardon-onyx-studio-9-kabel","status":"publish","type":"product","link":"https:\/\/a-pant.ee\/ru\/product\/bluetooth-kolonka-harman-kardon-onyx-studio-9-kabel\/","title":{"rendered":"Bluetooth \u043a\u043e\u043b\u043e\u043d\u043a\u0430 Harman\/Kardon Onyx studio 9 + \u043a\u0430\u0431\u0435\u043b\u044c"},"content":{"rendered":"\n<p> Bluetooth k\u00f5lar Harman\/Kardon Onyx studio 9 + kaabel\u00a0, heas seisu- ja t\u00f6\u00f6korras! <\/p><p> KIRJELDUS <\/p><p> Selle \u00fcksuse kohta: Smrette heli: traadita kaasaskantav k\u00f5lar pakub kristallselge h\u00e4\u00e4le reprodutseerimist, heledaid k\u00f5rgusi ja s\u00fcgavat bossi \/ ringlussev\u00f5etud alumiiniumk\u00e4epidemeid \u00fchendab liikuvuse ja stiilse disaini Mugav nutik\u00f5lar: USB -laadimisport v\u00f5imaldab teil mobiilseadmeid laadida, samal ajal kui k\u00f5lar pakub kuni 8 tundi taastumist ja seda on lihtne kanda Heli v\u00f5imendus: \u00fchendage 2 onyx stuudio 9, et saada t\u00e4iustatud heli v\u00f5i kasutada auracasti m\u00f5ne Bluetooth -k\u00f5lari sidumiseks, sealhulgas muud kaubam\u00e4rgid s\u00fcnkroonitud kuulamiskogemuse saamiseks Isereguleeriv: Onyx stuudios 9 kalibreerib see oma keskkonda automaatselt rikkaliku joovastava heli saamiseks Isikliku juhtimise juhtimine Harman Kardon One abil on k\u00f5ik h\u00f5lpsasti seadistamine, EQ parameetrite kohandamine ja k\u00f5igi \u00fchilduvate Bluetooth -k\u00f5larite juhtimine \u00fche kasutaja liideses <\/p>\n","protected":false},"excerpt":{"rendered":"<p>Bluetooth k\u00f5lar Harman\/Kardon Onyx studio 9 + kaabel\u00a0, heas seisu- ja t\u00f6\u00f6korras! KIRJELDUS Selle \u00fcksuse kohta: Smrette heli: traadita kaasaskantav k\u00f5lar pakub kristallselge h\u00e4\u00e4le reprodutseerimist, heledaid k\u00f5rgusi ja s\u00fcgavat bossi \/ ringlussev\u00f5etud alumiiniumk\u00e4epidemeid \u00fchendab liikuvuse ja stiilse disaini Mugav nutik\u00f5lar: USB -laadimisport v\u00f5imaldab teil mobiilseadmeid laadida, samal ajal kui k\u00f5lar pakub kuni 8 tundi taastumist [&hellip;]<\/p>\n","protected":false},"featured_media":31820,"comment_status":"closed","ping_status":"open","template":"","meta":{"inline_featured_image":false},"product_brand":[],"product_cat":[167],"product_tag":[],"class_list":{"0":"post-31819","1":"product","2":"type-product","3":"status-publish","4":"has-post-thumbnail","6":"product_cat-kolonki","7":"pa_asukoht-lasnamae","8":"pa_seisukord-ispolzovano","10":"first","11":"outofstock","12":"taxable","13":"shipping-taxable","14":"purchasable","15":"product-type-simple"},"_links":{"self":[{"href":"https:\/\/a-pant.ee\/ru\/wp-json\/wp\/v2\/product\/31819","targetHints":{"allow":["GET"]}}],"collection":[{"href":"https:\/\/a-pant.ee\/ru\/wp-json\/wp\/v2\/product"}],"about":[{"href":"https:\/\/a-pant.ee\/ru\/wp-json\/wp\/v2\/types\/product"}],"replies":[{"embeddable":true,"href":"https:\/\/a-pant.ee\/ru\/wp-json\/wp\/v2\/comments?post=31819"}],"wp:featuredmedia":[{"embeddable":true,"href":"https:\/\/a-pant.ee\/ru\/wp-json\/wp\/v2\/media\/31820"}],"wp:attachment":[{"href":"https:\/\/a-pant.ee\/ru\/wp-json\/wp\/v2\/media?parent=31819"}],"wp:term":[{"taxonomy":"product_brand","embeddable":true,"href":"https:\/\/a-pant.ee\/ru\/wp-json\/wp\/v2\/product_brand?post=31819"},{"taxonomy":"product_cat","embeddable":true,"href":"https:\/\/a-pant.ee\/ru\/wp-json\/wp\/v2\/product_cat?post=31819"},{"taxonomy":"product_tag","embeddable":true,"href":"https:\/\/a-pant.ee\/ru\/wp-json\/wp\/v2\/product_tag?post=31819"}],"curies":[{"name":"wp","href":"https:\/\/api.w.org\/{rel}","templated":true}]}}