{"id":31813,"date":"2026-02-04T13:53:25","date_gmt":"2026-02-04T10:53:25","guid":{"rendered":"https:\/\/a-pant.ee\/product\/noutbuk-hp-elitebook-820-g4-zaryadka\/"},"modified":"2026-02-22T12:19:48","modified_gmt":"2026-02-22T09:19:48","slug":"noutbuk-hp-elitebook-820-g4-zaryadka","status":"publish","type":"product","link":"https:\/\/a-pant.ee\/ru\/product\/noutbuk-hp-elitebook-820-g4-zaryadka\/","title":{"rendered":"\u041d\u043e\u0443\u0442\u0431\u0443\u043a HP Elitebook 820 G4 + \u0417\u0430\u0440\u044f\u0434\u043a\u0430"},"content":{"rendered":"\n<p><strong> S\u00fclearvuti HP Elitebook 820 G4 + Laadija Korpusel on kriimustused, t <\/strong> \u00f6\u00f6korras! <\/p><p> KIRJELDUS <\/p><p> Protsessor:\u00a0Intel (R) Core i5 7200U CPU 2,50Ghz 4CPUs 2,71Ghz <\/p><p> Operatiiv m\u00e4lu: 16GB <\/p><p> Videokaart: Intel \u00ae HD Graphics 620 <\/p><p> K\u00f5vakettas: SSD Samsung MZVLW512HMJP-000H1 512GB <\/p><p> Windows: 10 Home 64 bit <\/p>\n","protected":false},"excerpt":{"rendered":"<p>S\u00fclearvuti HP Elitebook 820 G4 + Laadija Korpusel on kriimustused, t \u00f6\u00f6korras! KIRJELDUS Protsessor:\u00a0Intel (R) Core i5 7200U CPU 2,50Ghz 4CPUs 2,71Ghz Operatiiv m\u00e4lu: 16GB Videokaart: Intel \u00ae HD Graphics 620 K\u00f5vakettas: SSD Samsung MZVLW512HMJP-000H1 512GB Windows: 10 Home 64 bit<\/p>\n","protected":false},"featured_media":31814,"comment_status":"closed","ping_status":"open","template":"","meta":{"inline_featured_image":false},"product_brand":[],"product_cat":[179],"product_tag":[],"class_list":{"0":"post-31813","1":"product","2":"type-product","3":"status-publish","4":"has-post-thumbnail","6":"product_cat-noutbuki","7":"pa_asukoht-lasnamae","8":"pa_seisukord-ispolzovano","10":"first","11":"instock","12":"taxable","13":"shipping-taxable","14":"purchasable","15":"product-type-simple"},"_links":{"self":[{"href":"https:\/\/a-pant.ee\/ru\/wp-json\/wp\/v2\/product\/31813","targetHints":{"allow":["GET"]}}],"collection":[{"href":"https:\/\/a-pant.ee\/ru\/wp-json\/wp\/v2\/product"}],"about":[{"href":"https:\/\/a-pant.ee\/ru\/wp-json\/wp\/v2\/types\/product"}],"replies":[{"embeddable":true,"href":"https:\/\/a-pant.ee\/ru\/wp-json\/wp\/v2\/comments?post=31813"}],"wp:featuredmedia":[{"embeddable":true,"href":"https:\/\/a-pant.ee\/ru\/wp-json\/wp\/v2\/media\/31814"}],"wp:attachment":[{"href":"https:\/\/a-pant.ee\/ru\/wp-json\/wp\/v2\/media?parent=31813"}],"wp:term":[{"taxonomy":"product_brand","embeddable":true,"href":"https:\/\/a-pant.ee\/ru\/wp-json\/wp\/v2\/product_brand?post=31813"},{"taxonomy":"product_cat","embeddable":true,"href":"https:\/\/a-pant.ee\/ru\/wp-json\/wp\/v2\/product_cat?post=31813"},{"taxonomy":"product_tag","embeddable":true,"href":"https:\/\/a-pant.ee\/ru\/wp-json\/wp\/v2\/product_tag?post=31813"}],"curies":[{"name":"wp","href":"https:\/\/api.w.org\/{rel}","templated":true}]}}