{"id":31805,"date":"2026-02-04T13:53:25","date_gmt":"2026-02-04T10:53:25","guid":{"rendered":"https:\/\/a-pant.ee\/product\/samsung-galaxy-note-10-lite-128-6gb\/"},"modified":"2026-02-22T12:19:48","modified_gmt":"2026-02-22T09:19:48","slug":"smartfon-samsung-galaxy-note-10-lite-128-6gb","status":"publish","type":"product","link":"https:\/\/a-pant.ee\/ru\/product\/smartfon-samsung-galaxy-note-10-lite-128-6gb\/","title":{"rendered":"\u0421\u043c\u0430\u0440\u0442\u0444\u043e\u043d Samsung Galaxy Note 10 Lite 128-6gb"},"content":{"rendered":"\n<p><strong> Nutitelefon Samsung Galaxy Note 10 Lite 128-6gb On kriimustused ja ekraan on sisse p\u00f5lenud. <\/strong> \u00a0, t\u00f6\u00f6korras! <\/p><p> KIRJELDUS <\/p><ul><li><strong> Ekraan: <\/strong> 6,7 tolli, Super AMOLED, resolutsioon 2400\u00d71080 (Full HD+). <\/li><li><strong> Protsessor: <\/strong> Exynos 9810, 8 tuuma (kuni 2,7 GHz). <\/li><li><strong> RAM: <\/strong> 6 GB <\/li><li><strong> Salvestusm\u00e4lu: <\/strong> 128 GB, microSD tugi kuni 1 TB. <\/li><li><strong> Tagakaamera (kolmik): <\/strong><br \/> \u2022 12 MP (lai, f\/1.7, OIS) <br \/> \u2022 12 MP (\u00fclilai, f\/2.2) <br \/> \u2022 12 MP (teleobjektiiv, 2\u00d7 optiline suum, f\/2.4). <\/li><li><strong> Esikaamera: <\/strong> 32 MP (f\/2.2). <\/li><li><strong> Aku: <\/strong> 4500 mAh, kiire laadimine 25 W. <\/li><li><strong> Pordid: <\/strong> USB-C, 3,5 mm k\u00f5rvaklapipesa on olemas. <\/li><li><strong> S Pen: <\/strong> toetatud (Bluetooth LE). <\/li><li><strong> Operatsioonis\u00fcsteem: <\/strong> Android 10 (uuendatav kuni Android 13 \/ One UI 5). <\/li><li><strong> M\u00f5\u00f5tmed: <\/strong> 162,6 \u00d7 76,2 \u00d7 7,6 mm. <\/li><li><strong> Kaal: <\/strong> umbes 199 g. <\/li><\/ul><p> \u00a0 <\/p>\n","protected":false},"excerpt":{"rendered":"<p>Nutitelefon Samsung Galaxy Note 10 Lite 128-6gb On kriimustused ja ekraan on sisse p\u00f5lenud. \u00a0, t\u00f6\u00f6korras! KIRJELDUS Ekraan: 6,7 tolli, Super AMOLED, resolutsioon 2400\u00d71080 (Full HD+). Protsessor: Exynos 9810, 8 tuuma (kuni 2,7 GHz). RAM: 6 GB Salvestusm\u00e4lu: 128 GB, microSD tugi kuni 1 TB. Tagakaamera (kolmik): \u2022 12 MP (lai, f\/1.7, OIS) \u2022 12 [&hellip;]<\/p>\n","protected":false},"featured_media":31806,"comment_status":"closed","ping_status":"open","template":"","meta":{"inline_featured_image":false},"product_brand":[],"product_cat":[171],"product_tag":[],"class_list":{"0":"post-31805","1":"product","2":"type-product","3":"status-publish","4":"has-post-thumbnail","6":"product_cat-mobilnye-telefony","7":"pa_asukoht-lasnamae","8":"pa_seisukord-ispolzovano","10":"first","11":"instock","12":"taxable","13":"shipping-taxable","14":"purchasable","15":"product-type-simple"},"_links":{"self":[{"href":"https:\/\/a-pant.ee\/ru\/wp-json\/wp\/v2\/product\/31805","targetHints":{"allow":["GET"]}}],"collection":[{"href":"https:\/\/a-pant.ee\/ru\/wp-json\/wp\/v2\/product"}],"about":[{"href":"https:\/\/a-pant.ee\/ru\/wp-json\/wp\/v2\/types\/product"}],"replies":[{"embeddable":true,"href":"https:\/\/a-pant.ee\/ru\/wp-json\/wp\/v2\/comments?post=31805"}],"wp:featuredmedia":[{"embeddable":true,"href":"https:\/\/a-pant.ee\/ru\/wp-json\/wp\/v2\/media\/31806"}],"wp:attachment":[{"href":"https:\/\/a-pant.ee\/ru\/wp-json\/wp\/v2\/media?parent=31805"}],"wp:term":[{"taxonomy":"product_brand","embeddable":true,"href":"https:\/\/a-pant.ee\/ru\/wp-json\/wp\/v2\/product_brand?post=31805"},{"taxonomy":"product_cat","embeddable":true,"href":"https:\/\/a-pant.ee\/ru\/wp-json\/wp\/v2\/product_cat?post=31805"},{"taxonomy":"product_tag","embeddable":true,"href":"https:\/\/a-pant.ee\/ru\/wp-json\/wp\/v2\/product_tag?post=31805"}],"curies":[{"name":"wp","href":"https:\/\/api.w.org\/{rel}","templated":true}]}}