{"id":31797,"date":"2026-02-04T13:53:25","date_gmt":"2026-02-04T10:53:25","guid":{"rendered":"https:\/\/a-pant.ee\/product\/noutbuk-dell-lattitude-3390-2in1-zaryadka\/"},"modified":"2026-02-22T12:19:48","modified_gmt":"2026-02-22T09:19:48","slug":"noutbuk-dell-lattitude-3390-2in1-zaryadka","status":"publish","type":"product","link":"https:\/\/a-pant.ee\/ru\/product\/noutbuk-dell-lattitude-3390-2in1-zaryadka\/","title":{"rendered":"\u041d\u043e\u0443\u0442\u0431\u0443\u043a Dell Lattitude 3390 2in1 + \u0437\u0430\u0440\u044f\u0434\u043a\u0430"},"content":{"rendered":"\n<p> S\u00fclearvuti Dell Lattitude 3390 2in1 + laadija, heas seisu- ja t\u00f6\u00f6korras! <\/p><p> KIRJELDUS <\/p><p> Protsessor:\u00a0Intel (R) Core i3-7020U CPU 2,30Ghz 4CPUs 2,4Ghz <\/p><p> Operatiiv m\u00e4lu: 8GB (8192 MB) <\/p><p> Videokaart: Intel \u00ae HD Graphics 620 <\/p><p> K\u00f5vakettas: ADATA SU650\u00a0237GB <\/p><p> Windows: 11 Home 64 bit <\/p>\n","protected":false},"excerpt":{"rendered":"<p>S\u00fclearvuti Dell Lattitude 3390 2in1 + laadija, heas seisu- ja t\u00f6\u00f6korras! KIRJELDUS Protsessor:\u00a0Intel (R) Core i3-7020U CPU 2,30Ghz 4CPUs 2,4Ghz Operatiiv m\u00e4lu: 8GB (8192 MB) Videokaart: Intel \u00ae HD Graphics 620 K\u00f5vakettas: ADATA SU650\u00a0237GB Windows: 11 Home 64 bit<\/p>\n","protected":false},"featured_media":31798,"comment_status":"closed","ping_status":"closed","template":"","meta":{"inline_featured_image":false},"product_brand":[],"product_cat":[179],"product_tag":[],"class_list":{"0":"post-31797","1":"product","2":"type-product","3":"status-publish","4":"has-post-thumbnail","6":"product_cat-noutbuki","7":"pa_asukoht-mustamae","8":"pa_seisukord-ispolzovano","10":"first","11":"outofstock","12":"taxable","13":"shipping-taxable","14":"purchasable","15":"product-type-simple"},"_links":{"self":[{"href":"https:\/\/a-pant.ee\/ru\/wp-json\/wp\/v2\/product\/31797","targetHints":{"allow":["GET"]}}],"collection":[{"href":"https:\/\/a-pant.ee\/ru\/wp-json\/wp\/v2\/product"}],"about":[{"href":"https:\/\/a-pant.ee\/ru\/wp-json\/wp\/v2\/types\/product"}],"replies":[{"embeddable":true,"href":"https:\/\/a-pant.ee\/ru\/wp-json\/wp\/v2\/comments?post=31797"}],"wp:featuredmedia":[{"embeddable":true,"href":"https:\/\/a-pant.ee\/ru\/wp-json\/wp\/v2\/media\/31798"}],"wp:attachment":[{"href":"https:\/\/a-pant.ee\/ru\/wp-json\/wp\/v2\/media?parent=31797"}],"wp:term":[{"taxonomy":"product_brand","embeddable":true,"href":"https:\/\/a-pant.ee\/ru\/wp-json\/wp\/v2\/product_brand?post=31797"},{"taxonomy":"product_cat","embeddable":true,"href":"https:\/\/a-pant.ee\/ru\/wp-json\/wp\/v2\/product_cat?post=31797"},{"taxonomy":"product_tag","embeddable":true,"href":"https:\/\/a-pant.ee\/ru\/wp-json\/wp\/v2\/product_tag?post=31797"}],"curies":[{"name":"wp","href":"https:\/\/api.w.org\/{rel}","templated":true}]}}