{"id":31791,"date":"2026-02-04T13:53:25","date_gmt":"2026-02-04T10:53:25","guid":{"rendered":"https:\/\/a-pant.ee\/product\/portativnaya-kolonka-jbl-charge-4\/"},"modified":"2026-02-22T12:19:48","modified_gmt":"2026-02-22T09:19:48","slug":"portativnaya-kolonka-jbl-charge-4","status":"publish","type":"product","link":"https:\/\/a-pant.ee\/ru\/product\/portativnaya-kolonka-jbl-charge-4\/","title":{"rendered":"\u041f\u043e\u0440\u0442\u0430\u0442\u0438\u0432\u043d\u0430\u044f \u043a\u043e\u043b\u043e\u043d\u043a\u0430  JBL Charge 4"},"content":{"rendered":"\n<p><strong> Juhtmevaba k\u00f5lar JBL Charge 4 <\/strong> , heas seisu- ja t\u00f6\u00f6korras! <\/p><p> KIRJELDUS <\/p><p><strong> V\u00f5imsus: <\/strong> 30 W <br \/><strong> Aku: <\/strong> 7500 mAh, kuni 20 tundi m\u00e4nguaega <br \/><strong> Laadimine: <\/strong> USB-C, aeg ~4 tundi <br \/><strong> Powerbank: <\/strong> olemas (v\u00f5imalik laadida telefoni) <br \/><strong> Bluetooth 4.2 <\/strong> , AUX-sisend <br \/><strong> Kaitse: <\/strong> IPX7 (veekindel, v\u00f5ib vette kasta) <br \/><strong> M\u00f5\u00f5tmed: <\/strong> 22 \u00d7 9,5 \u00d7 9,3 cm <br \/><strong> Kaal: <\/strong> ~960 g <br \/><strong> Heli: <\/strong> mono, tugeva bassiga <br \/><strong> JBL Connect+ funktsioon: <\/strong> \u00fchendab kuni 100 k\u00f5larit <\/p><p> \u00a0 <\/p>\n","protected":false},"excerpt":{"rendered":"<p>Juhtmevaba k\u00f5lar JBL Charge 4 , heas seisu- ja t\u00f6\u00f6korras! KIRJELDUS V\u00f5imsus: 30 W Aku: 7500 mAh, kuni 20 tundi m\u00e4nguaega Laadimine: USB-C, aeg ~4 tundi Powerbank: olemas (v\u00f5imalik laadida telefoni) Bluetooth 4.2 , AUX-sisend Kaitse: IPX7 (veekindel, v\u00f5ib vette kasta) M\u00f5\u00f5tmed: 22 \u00d7 9,5 \u00d7 9,3 cm Kaal: ~960 g Heli: mono, tugeva bassiga [&hellip;]<\/p>\n","protected":false},"featured_media":31792,"comment_status":"closed","ping_status":"open","template":"","meta":{"inline_featured_image":false},"product_brand":[],"product_cat":[167],"product_tag":[],"class_list":{"0":"post-31791","1":"product","2":"type-product","3":"status-publish","4":"has-post-thumbnail","6":"product_cat-kolonki","7":"pa_asukoht-lasnamae","8":"pa_seisukord-ispolzovano","10":"first","11":"instock","12":"taxable","13":"shipping-taxable","14":"purchasable","15":"product-type-simple"},"_links":{"self":[{"href":"https:\/\/a-pant.ee\/ru\/wp-json\/wp\/v2\/product\/31791","targetHints":{"allow":["GET"]}}],"collection":[{"href":"https:\/\/a-pant.ee\/ru\/wp-json\/wp\/v2\/product"}],"about":[{"href":"https:\/\/a-pant.ee\/ru\/wp-json\/wp\/v2\/types\/product"}],"replies":[{"embeddable":true,"href":"https:\/\/a-pant.ee\/ru\/wp-json\/wp\/v2\/comments?post=31791"}],"wp:featuredmedia":[{"embeddable":true,"href":"https:\/\/a-pant.ee\/ru\/wp-json\/wp\/v2\/media\/31792"}],"wp:attachment":[{"href":"https:\/\/a-pant.ee\/ru\/wp-json\/wp\/v2\/media?parent=31791"}],"wp:term":[{"taxonomy":"product_brand","embeddable":true,"href":"https:\/\/a-pant.ee\/ru\/wp-json\/wp\/v2\/product_brand?post=31791"},{"taxonomy":"product_cat","embeddable":true,"href":"https:\/\/a-pant.ee\/ru\/wp-json\/wp\/v2\/product_cat?post=31791"},{"taxonomy":"product_tag","embeddable":true,"href":"https:\/\/a-pant.ee\/ru\/wp-json\/wp\/v2\/product_tag?post=31791"}],"curies":[{"name":"wp","href":"https:\/\/api.w.org\/{rel}","templated":true}]}}