{"id":31784,"date":"2026-02-04T13:53:25","date_gmt":"2026-02-04T10:53:25","guid":{"rendered":"https:\/\/a-pant.ee\/product\/besprovodnaya-kolonka-jbl-tune-2\/"},"modified":"2026-02-22T12:19:48","modified_gmt":"2026-02-22T09:19:48","slug":"besprovodnaya-kolonka-jbl-tune-2","status":"publish","type":"product","link":"https:\/\/a-pant.ee\/ru\/product\/besprovodnaya-kolonka-jbl-tune-2\/","title":{"rendered":"\u0411\u0435\u0441\u043f\u0440\u043e\u0432\u043e\u0434\u043d\u0430\u044f \u043a\u043e\u043b\u043e\u043d\u043a\u0430 JBL Tune 2"},"content":{"rendered":"\n<p><strong> Juhtmevaba k\u00f5lar JBL Tune 2 <\/strong> \u00a0, \u00a0t\u00f6\u00f6korras! <\/p><p> KIRJELDUS <\/p><ul><li> Raadio: DAB, DAB+, FM <\/li><li> Bluetooth muusika esitamiseks <\/li><li> V\u00f5imsus: 5 W RMS <\/li><li> Aku kestvus: kuni 12 tundi <\/li><li> Veekindlus: IPX7 <\/li><li> Aku laadimisaeg: umbes 3,5 tundi <\/li><li> Ekraan ja 5 eelseadistatavat jaama nuppu <\/li><li> M\u00f5\u00f5tmed: 180 \u00d7 70 \u00d7 72 mm <\/li><li> Kaal: ~540 g <\/li><\/ul>\n","protected":false},"excerpt":{"rendered":"<p>Juhtmevaba k\u00f5lar JBL Tune 2 \u00a0, \u00a0t\u00f6\u00f6korras! KIRJELDUS Raadio: DAB, DAB+, FM Bluetooth muusika esitamiseks V\u00f5imsus: 5 W RMS Aku kestvus: kuni 12 tundi Veekindlus: IPX7 Aku laadimisaeg: umbes 3,5 tundi Ekraan ja 5 eelseadistatavat jaama nuppu M\u00f5\u00f5tmed: 180 \u00d7 70 \u00d7 72 mm Kaal: ~540 g<\/p>\n","protected":false},"featured_media":31785,"comment_status":"closed","ping_status":"open","template":"","meta":{"inline_featured_image":false},"product_brand":[],"product_cat":[167],"product_tag":[],"class_list":{"0":"post-31784","1":"product","2":"type-product","3":"status-publish","4":"has-post-thumbnail","6":"product_cat-kolonki","7":"pa_asukoht-lasnamae","8":"pa_seisukord-ispolzovano","10":"first","11":"outofstock","12":"taxable","13":"shipping-taxable","14":"purchasable","15":"product-type-simple"},"_links":{"self":[{"href":"https:\/\/a-pant.ee\/ru\/wp-json\/wp\/v2\/product\/31784","targetHints":{"allow":["GET"]}}],"collection":[{"href":"https:\/\/a-pant.ee\/ru\/wp-json\/wp\/v2\/product"}],"about":[{"href":"https:\/\/a-pant.ee\/ru\/wp-json\/wp\/v2\/types\/product"}],"replies":[{"embeddable":true,"href":"https:\/\/a-pant.ee\/ru\/wp-json\/wp\/v2\/comments?post=31784"}],"wp:featuredmedia":[{"embeddable":true,"href":"https:\/\/a-pant.ee\/ru\/wp-json\/wp\/v2\/media\/31785"}],"wp:attachment":[{"href":"https:\/\/a-pant.ee\/ru\/wp-json\/wp\/v2\/media?parent=31784"}],"wp:term":[{"taxonomy":"product_brand","embeddable":true,"href":"https:\/\/a-pant.ee\/ru\/wp-json\/wp\/v2\/product_brand?post=31784"},{"taxonomy":"product_cat","embeddable":true,"href":"https:\/\/a-pant.ee\/ru\/wp-json\/wp\/v2\/product_cat?post=31784"},{"taxonomy":"product_tag","embeddable":true,"href":"https:\/\/a-pant.ee\/ru\/wp-json\/wp\/v2\/product_tag?post=31784"}],"curies":[{"name":"wp","href":"https:\/\/api.w.org\/{rel}","templated":true}]}}