{"id":31778,"date":"2026-02-04T13:53:25","date_gmt":"2026-02-04T10:53:25","guid":{"rendered":"https:\/\/a-pant.ee\/product\/akudrel-matrix-akn-14-4-2g\/"},"modified":"2026-02-22T12:19:48","modified_gmt":"2026-02-22T09:19:48","slug":"akudrel-matrix-akn-144-2g-aku-12ach-zaryadka","status":"publish","type":"product","link":"https:\/\/a-pant.ee\/ru\/product\/akudrel-matrix-akn-144-2g-aku-12ach-zaryadka\/","title":{"rendered":"\u0410\u043a\u0443\u0434\u0440\u0435\u043b\u044c  Matrix AKN 14,4-2G + \u0410\u043a\u0443 1,2\u0410\u0447 + \u0417\u0430\u0440\u044f\u0434\u043a\u0430"},"content":{"rendered":"\n<p><strong> Akutrell Matrix AKN 14,4-2G + aku 1,2Ah + Laadija <\/strong> , \u00a0t\u00f6\u00f6korras! <\/p><p> KIRJELDUS <\/p><ul><li> inge: 14,4 V <\/li><li> Aku t\u00fc\u00fcp: Li-Ion <\/li><li> Mahtuvus: umbes 1,2 Ah <\/li><li> Kiirused: 0\u2013400 \/ 0\u20131400 p\/min <\/li><li> P\u00f6\u00f6rdemoment: kuni 30 Nm <\/li><li> Padrun: kiirkinnitus, 1\u201310 mm <\/li><li> Puureerimine: puit \u2014 kuni 25 mm, metall \u2014 kuni 13 mm <\/li><li> Kaal: umbes 1,4 kg <\/li><\/ul><p> \u00a0 <\/p>\n","protected":false},"excerpt":{"rendered":"<p>Akutrell Matrix AKN 14,4-2G + aku 1,2Ah + Laadija , \u00a0t\u00f6\u00f6korras! KIRJELDUS inge: 14,4 V Aku t\u00fc\u00fcp: Li-Ion Mahtuvus: umbes 1,2 Ah Kiirused: 0\u2013400 \/ 0\u20131400 p\/min P\u00f6\u00f6rdemoment: kuni 30 Nm Padrun: kiirkinnitus, 1\u201310 mm Puureerimine: puit \u2014 kuni 25 mm, metall \u2014 kuni 13 mm Kaal: umbes 1,4 kg \u00a0<\/p>\n","protected":false},"featured_media":31779,"comment_status":"closed","ping_status":"open","template":"","meta":{"inline_featured_image":false},"product_brand":[],"product_cat":[221],"product_tag":[],"class_list":{"0":"post-31778","1":"product","2":"type-product","3":"status-publish","4":"has-post-thumbnail","6":"product_cat-akkumulyatornye-dreli","7":"pa_asukoht-lasnamae","8":"pa_seisukord-ispolzovano","10":"first","11":"instock","12":"taxable","13":"shipping-taxable","14":"purchasable","15":"product-type-simple"},"_links":{"self":[{"href":"https:\/\/a-pant.ee\/ru\/wp-json\/wp\/v2\/product\/31778","targetHints":{"allow":["GET"]}}],"collection":[{"href":"https:\/\/a-pant.ee\/ru\/wp-json\/wp\/v2\/product"}],"about":[{"href":"https:\/\/a-pant.ee\/ru\/wp-json\/wp\/v2\/types\/product"}],"replies":[{"embeddable":true,"href":"https:\/\/a-pant.ee\/ru\/wp-json\/wp\/v2\/comments?post=31778"}],"wp:featuredmedia":[{"embeddable":true,"href":"https:\/\/a-pant.ee\/ru\/wp-json\/wp\/v2\/media\/31779"}],"wp:attachment":[{"href":"https:\/\/a-pant.ee\/ru\/wp-json\/wp\/v2\/media?parent=31778"}],"wp:term":[{"taxonomy":"product_brand","embeddable":true,"href":"https:\/\/a-pant.ee\/ru\/wp-json\/wp\/v2\/product_brand?post=31778"},{"taxonomy":"product_cat","embeddable":true,"href":"https:\/\/a-pant.ee\/ru\/wp-json\/wp\/v2\/product_cat?post=31778"},{"taxonomy":"product_tag","embeddable":true,"href":"https:\/\/a-pant.ee\/ru\/wp-json\/wp\/v2\/product_tag?post=31778"}],"curies":[{"name":"wp","href":"https:\/\/api.w.org\/{rel}","templated":true}]}}