{"id":31772,"date":"2026-02-04T13:53:25","date_gmt":"2026-02-04T10:53:25","guid":{"rendered":"https:\/\/a-pant.ee\/product\/akudrel-blackdecker-eps12\/"},"modified":"2026-02-22T12:19:47","modified_gmt":"2026-02-22T09:19:47","slug":"akudrel-blackdecker-eps12-aku-zaryadka","status":"publish","type":"product","link":"https:\/\/a-pant.ee\/ru\/product\/akudrel-blackdecker-eps12-aku-zaryadka\/","title":{"rendered":"\u0410\u043a\u0443\u0434\u0440\u0435\u043b\u044c Black&#038;Decker EPS12 + \u0410\u043a\u0443 + \u0417\u0430\u0440\u044f\u0434\u043a\u0430"},"content":{"rendered":"\n<p><strong> Akutrell Black&amp;Decker EPS12 + Aku + Laadij <\/strong> a, \u00a0t\u00f6\u00f6korras! <\/p><p> KIRJELDUS <\/p><ul><li> Pinge: 12 V <\/li><li> Aku mahtuvus: 1,2 Ah (Ni-Cd) <\/li><li> P\u00f6\u00f6rdemoment: kuni 11 Nm <\/li><li> P\u00f6\u00f6rlemiskiirus: 0\u2013750 p\/min <\/li><li> Padrun: kiirkinnitus, kuni 10 mm <\/li><li> Puureerimine: puit \u2014 kuni 25 mm, metall \u2014 kuni 10 mm <\/li><li> Kaal: umbes 1,4 kg <\/li><\/ul><p> \u00a0 <\/p>\n","protected":false},"excerpt":{"rendered":"<p>Akutrell Black&amp;Decker EPS12 + Aku + Laadij a, \u00a0t\u00f6\u00f6korras! KIRJELDUS Pinge: 12 V Aku mahtuvus: 1,2 Ah (Ni-Cd) P\u00f6\u00f6rdemoment: kuni 11 Nm P\u00f6\u00f6rlemiskiirus: 0\u2013750 p\/min Padrun: kiirkinnitus, kuni 10 mm Puureerimine: puit \u2014 kuni 25 mm, metall \u2014 kuni 10 mm Kaal: umbes 1,4 kg \u00a0<\/p>\n","protected":false},"featured_media":31773,"comment_status":"closed","ping_status":"open","template":"","meta":{"inline_featured_image":false},"product_brand":[],"product_cat":[221],"product_tag":[],"class_list":{"0":"post-31772","1":"product","2":"type-product","3":"status-publish","4":"has-post-thumbnail","6":"product_cat-akkumulyatornye-dreli","7":"pa_asukoht-lasnamae","8":"pa_seisukord-ispolzovano","10":"first","11":"instock","12":"taxable","13":"shipping-taxable","14":"purchasable","15":"product-type-simple"},"_links":{"self":[{"href":"https:\/\/a-pant.ee\/ru\/wp-json\/wp\/v2\/product\/31772","targetHints":{"allow":["GET"]}}],"collection":[{"href":"https:\/\/a-pant.ee\/ru\/wp-json\/wp\/v2\/product"}],"about":[{"href":"https:\/\/a-pant.ee\/ru\/wp-json\/wp\/v2\/types\/product"}],"replies":[{"embeddable":true,"href":"https:\/\/a-pant.ee\/ru\/wp-json\/wp\/v2\/comments?post=31772"}],"wp:featuredmedia":[{"embeddable":true,"href":"https:\/\/a-pant.ee\/ru\/wp-json\/wp\/v2\/media\/31773"}],"wp:attachment":[{"href":"https:\/\/a-pant.ee\/ru\/wp-json\/wp\/v2\/media?parent=31772"}],"wp:term":[{"taxonomy":"product_brand","embeddable":true,"href":"https:\/\/a-pant.ee\/ru\/wp-json\/wp\/v2\/product_brand?post=31772"},{"taxonomy":"product_cat","embeddable":true,"href":"https:\/\/a-pant.ee\/ru\/wp-json\/wp\/v2\/product_cat?post=31772"},{"taxonomy":"product_tag","embeddable":true,"href":"https:\/\/a-pant.ee\/ru\/wp-json\/wp\/v2\/product_tag?post=31772"}],"curies":[{"name":"wp","href":"https:\/\/api.w.org\/{rel}","templated":true}]}}