{"id":31766,"date":"2026-02-04T13:53:25","date_gmt":"2026-02-04T10:53:25","guid":{"rendered":"https:\/\/a-pant.ee\/product\/kolonka-sharp-ht-sb147\/"},"modified":"2026-02-22T12:19:47","modified_gmt":"2026-02-22T09:19:47","slug":"kolonka-sharp-ht-sb147-pult-provod","status":"publish","type":"product","link":"https:\/\/a-pant.ee\/ru\/product\/kolonka-sharp-ht-sb147-pult-provod\/","title":{"rendered":"\u041a\u043e\u043b\u043e\u043d\u043a\u0430 Sharp HT-SB147 + \u043f\u0443\u043b\u044c\u0442 + \u043f\u0440\u043e\u0432\u043e\u0434"},"content":{"rendered":"\n<p> K\u00f5lar Sharp HT-SB147 + pult + juhe, heas seisu- ja t\u00f6\u00f6korras! <\/p><p> KIRJENDUS <\/p><p> Brand: Sharp <br \/> Tootenimi: HT-SB147 <br \/> Product code: HT-SB147 <br \/> EAN\/UPC code: 4974019172019 <br \/> 2.0 kanalid 150 W <br \/> Heli tagasikanal (ARC) <br \/> Soundbar-k\u00f5lari RMS-v\u00f5imsus: 150 W K\u00f5larite arv: 2 <br \/> Must Sisseehitatud ekraan <br \/> Juhtmega \u00fchendatud &amp; juhtmevaba Bluetooth 4.2 <\/p>\n","protected":false},"excerpt":{"rendered":"<p>K\u00f5lar Sharp HT-SB147 + pult + juhe, heas seisu- ja t\u00f6\u00f6korras! KIRJENDUS Brand: Sharp Tootenimi: HT-SB147 Product code: HT-SB147 EAN\/UPC code: 4974019172019 2.0 kanalid 150 W Heli tagasikanal (ARC) Soundbar-k\u00f5lari RMS-v\u00f5imsus: 150 W K\u00f5larite arv: 2 Must Sisseehitatud ekraan Juhtmega \u00fchendatud &amp; juhtmevaba Bluetooth 4.2<\/p>\n","protected":false},"featured_media":31767,"comment_status":"closed","ping_status":"open","template":"","meta":{"inline_featured_image":false},"product_brand":[],"product_cat":[167],"product_tag":[],"class_list":{"0":"post-31766","1":"product","2":"type-product","3":"status-publish","4":"has-post-thumbnail","6":"product_cat-kolonki","7":"pa_asukoht-mustamae","8":"pa_seisukord-ispolzovano","10":"first","11":"instock","12":"taxable","13":"shipping-taxable","14":"purchasable","15":"product-type-simple"},"_links":{"self":[{"href":"https:\/\/a-pant.ee\/ru\/wp-json\/wp\/v2\/product\/31766","targetHints":{"allow":["GET"]}}],"collection":[{"href":"https:\/\/a-pant.ee\/ru\/wp-json\/wp\/v2\/product"}],"about":[{"href":"https:\/\/a-pant.ee\/ru\/wp-json\/wp\/v2\/types\/product"}],"replies":[{"embeddable":true,"href":"https:\/\/a-pant.ee\/ru\/wp-json\/wp\/v2\/comments?post=31766"}],"wp:featuredmedia":[{"embeddable":true,"href":"https:\/\/a-pant.ee\/ru\/wp-json\/wp\/v2\/media\/31767"}],"wp:attachment":[{"href":"https:\/\/a-pant.ee\/ru\/wp-json\/wp\/v2\/media?parent=31766"}],"wp:term":[{"taxonomy":"product_brand","embeddable":true,"href":"https:\/\/a-pant.ee\/ru\/wp-json\/wp\/v2\/product_brand?post=31766"},{"taxonomy":"product_cat","embeddable":true,"href":"https:\/\/a-pant.ee\/ru\/wp-json\/wp\/v2\/product_cat?post=31766"},{"taxonomy":"product_tag","embeddable":true,"href":"https:\/\/a-pant.ee\/ru\/wp-json\/wp\/v2\/product_tag?post=31766"}],"curies":[{"name":"wp","href":"https:\/\/api.w.org\/{rel}","templated":true}]}}