{"id":31758,"date":"2026-02-04T13:53:25","date_gmt":"2026-02-04T10:53:25","guid":{"rendered":"https:\/\/a-pant.ee\/product\/motorniy-zabivshchik-stolbov-chpd78-1\/"},"modified":"2026-02-22T12:19:47","modified_gmt":"2026-02-22T09:19:47","slug":"motornyj-zabivshhik-stolbov-chpd78-1-chemodan-komplektuyushhie","status":"publish","type":"product","link":"https:\/\/a-pant.ee\/ru\/product\/motornyj-zabivshhik-stolbov-chpd78-1-chemodan-komplektuyushhie\/","title":{"rendered":"\u041c\u043e\u0442\u043e\u0440\u043d\u044b\u0439 \u0437\u0430\u0431\u0438\u0432\u0449\u0438\u043a \u0441\u0442\u043e\u043b\u0431\u043e\u0432 CHPD78\u20111 + \u0427\u0435\u043c\u043e\u0434\u0430\u043d + \u041a\u043e\u043c\u043f\u043b\u0435\u043a\u0442\u0443\u044e\u0449\u0438\u0435"},"content":{"rendered":"\n<p><strong> Bensiinimootoriga postil\u00f6\u00f6ja CHPD78\u20111 + Kohver + lisatarviku <\/strong> , heas seisu- ja t\u00f6\u00f6korras! <\/p><p> KIRJELDUS <\/p><ul><li> T\u00fc\u00fcp: bensiinimootoriga vaiade v\u00f5i postide l\u00f6\u00f6ja (post driver) <\/li><li> Tootja: Christie Engineering (Austraalia) <\/li><li> Mootor: Honda GX35T, 4-taktiline, 35 cm\u00b3 <\/li><li> V\u00f5imsus: 1,0 kW (\u2248 1,3 hj) @ 7000 p\/min <\/li><li> L\u00f6\u00f6kide sagedus: umbes 1720 l\u00f6\u00f6ki minutis <\/li><li> L\u00f6\u00f6gienergia: ligikaudu 26 J <\/li><li> Adapteri l\u00e4bim\u00f5\u00f5t: 78 mm (sobib postidele kuni 76 mm) <\/li><li> Kaal: umbes 15,5 kg <\/li><li> K\u00fctusekulu: ~0,7 l\/h <\/li><li> M\u00fcratase: \u00fcle 100 dB <\/li><li> Vibratsioon: umbes 9 m\/s\u00b2 <\/li><\/ul>\n","protected":false},"excerpt":{"rendered":"<p>Bensiinimootoriga postil\u00f6\u00f6ja CHPD78\u20111 + Kohver + lisatarviku , heas seisu- ja t\u00f6\u00f6korras! KIRJELDUS T\u00fc\u00fcp: bensiinimootoriga vaiade v\u00f5i postide l\u00f6\u00f6ja (post driver) Tootja: Christie Engineering (Austraalia) Mootor: Honda GX35T, 4-taktiline, 35 cm\u00b3 V\u00f5imsus: 1,0 kW (\u2248 1,3 hj) @ 7000 p\/min L\u00f6\u00f6kide sagedus: umbes 1720 l\u00f6\u00f6ki minutis L\u00f6\u00f6gienergia: ligikaudu 26 J Adapteri l\u00e4bim\u00f5\u00f5t: 78 mm (sobib [&hellip;]<\/p>\n","protected":false},"featured_media":31759,"comment_status":"closed","ping_status":"closed","template":"","meta":{"inline_featured_image":false},"product_brand":[],"product_cat":[246],"product_tag":[],"class_list":{"0":"post-31758","1":"product","2":"type-product","3":"status-publish","4":"has-post-thumbnail","6":"product_cat-instrumenty-drugoe","7":"product_shipping_class-oversize","8":"pa_asukoht-lasnamae","9":"pa_seisukord-ispolzovano","11":"first","12":"instock","13":"taxable","14":"shipping-taxable","15":"purchasable","16":"product-type-simple"},"_links":{"self":[{"href":"https:\/\/a-pant.ee\/ru\/wp-json\/wp\/v2\/product\/31758","targetHints":{"allow":["GET"]}}],"collection":[{"href":"https:\/\/a-pant.ee\/ru\/wp-json\/wp\/v2\/product"}],"about":[{"href":"https:\/\/a-pant.ee\/ru\/wp-json\/wp\/v2\/types\/product"}],"replies":[{"embeddable":true,"href":"https:\/\/a-pant.ee\/ru\/wp-json\/wp\/v2\/comments?post=31758"}],"wp:featuredmedia":[{"embeddable":true,"href":"https:\/\/a-pant.ee\/ru\/wp-json\/wp\/v2\/media\/31759"}],"wp:attachment":[{"href":"https:\/\/a-pant.ee\/ru\/wp-json\/wp\/v2\/media?parent=31758"}],"wp:term":[{"taxonomy":"product_brand","embeddable":true,"href":"https:\/\/a-pant.ee\/ru\/wp-json\/wp\/v2\/product_brand?post=31758"},{"taxonomy":"product_cat","embeddable":true,"href":"https:\/\/a-pant.ee\/ru\/wp-json\/wp\/v2\/product_cat?post=31758"},{"taxonomy":"product_tag","embeddable":true,"href":"https:\/\/a-pant.ee\/ru\/wp-json\/wp\/v2\/product_tag?post=31758"}],"curies":[{"name":"wp","href":"https:\/\/api.w.org\/{rel}","templated":true}]}}