{"id":31751,"date":"2026-02-04T13:53:25","date_gmt":"2026-02-04T10:53:25","guid":{"rendered":"https:\/\/a-pant.ee\/product\/shlifmashina-einhell-te-os-18-150-li\/"},"modified":"2026-02-22T12:19:47","modified_gmt":"2026-02-22T09:19:47","slug":"shlifmashina-einhell-te-os-18-150-li-aku-25ach-korobka","status":"publish","type":"product","link":"https:\/\/a-pant.ee\/ru\/product\/shlifmashina-einhell-te-os-18-150-li-aku-25ach-korobka\/","title":{"rendered":"\u0428\u043b\u0438\u0444\u043c\u0430\u0448\u0438\u043d\u0430 Einhell TE-OS 18\/150 Li + \u0410\u043a\u0443 2,5\u0410\u0447 + \u041a\u043e\u0440\u043e\u0431\u043a\u0430"},"content":{"rendered":"\n<p><b> Lihvimismasin Einhell TE-OS 18\/150 Li + \u0410\u043a\u0443 2,5Ah + Karp <\/b> , heas seisu- ja t\u00f6\u00f6korras! <\/p><p> KIRJELDUS <\/p><div><table><tbody><tr><td> Toote t\u00fc\u00fcp <\/td><td><a href=\"https:\/\/www.k-rauta.ee\/c\/tooriistad\/akutooriistad-tarvikud\/akulihvijad\/c1z?f=sx6u\" rel=\"nofollow noopener\" target=\"_blank\"> Juhtmeta taldlihvija <\/a><\/td><\/tr><tr><td> Kaubam\u00e4rk <\/td><td><a href=\"https:\/\/www.k-rauta.ee\/c\/tooriistad\/akutooriistad-tarvikud\/akulihvijad\/c1z?f=54hv\" rel=\"nofollow noopener\" target=\"_blank\"> Einhell <\/a><\/td><\/tr><tr><td> Mudel <\/td><td> TE-OS 18\/150 Li Solo <\/td><\/tr><tr><td> Kaal <\/td><td> 0.79 kg <\/td><\/tr><tr><td> Elektrilise mootori t\u00fc\u00fcp <\/td><td><a href=\"https:\/\/www.k-rauta.ee\/c\/tooriistad\/akutooriistad-tarvikud\/akulihvijad\/c1z?f=azul\" rel=\"nofollow noopener\" target=\"_blank\"> Harjadega <\/a><\/td><\/tr><tr><td> Lihvimistalla pikkus <\/td><td> 150 mm <\/td><\/tr><tr><td> Lihvimistalla laius <\/td><td> 100 mm <\/td><\/tr><\/tbody><\/table><\/div><div><table><tbody><tr><td> Liivapaberi pikkus <\/td><td> 150 mm <\/td><\/tr><tr><td> Liivapaberi laius <\/td><td> 100 mm <\/td><\/tr><tr><td> Lihvimisamplituud <\/td><td> 1.6 mm <\/td><\/tr><tr><td> P\u00f6\u00f6rete arv t\u00fchik\u00e4igul <\/td><td><a href=\"https:\/\/www.k-rauta.ee\/c\/tooriistad\/akutooriistad-tarvikud\/akulihvijad\/c1z?f=bgey\" rel=\"nofollow noopener\" target=\"_blank\"> 24000 <\/a><\/td><\/tr><tr><td> Aku kuulub komplekti <\/td><td> Olemas <\/td><\/tr><tr><td> Aku t\u00fc\u00fcp <\/td><td> Li-ion <\/td><\/tr><tr><td> N\u00f5utav akude arv <\/td><td> 1 <\/td><\/tr><tr><td> Aku pinge <\/td><td> 18 V <\/td><\/tr><\/tbody><\/table><\/div><div><table><tbody><tr><td> Saab \u00fchendada tolmuimejaga <\/td><td> Jah <\/td><\/tr><tr><td> K\u00e4epideme vibratsiooni tase <\/td><td> 6.585 m\/s\u00b2 <\/td><\/tr><tr><td> Sisseehitatud LED valgustus <\/td><td> Ei <\/td><\/tr><tr><td> Helitugevus <\/td><td> 88.2 dB <\/td><\/tr><\/tbody><\/table><\/div>\n","protected":false},"excerpt":{"rendered":"<p>Lihvimismasin Einhell TE-OS 18\/150 Li + \u0410\u043a\u0443 2,5Ah + Karp , heas seisu- ja t\u00f6\u00f6korras! KIRJELDUS Toote t\u00fc\u00fcp Juhtmeta taldlihvija Kaubam\u00e4rk Einhell Mudel TE-OS 18\/150 Li Solo Kaal 0.79 kg Elektrilise mootori t\u00fc\u00fcp Harjadega Lihvimistalla pikkus 150 mm Lihvimistalla laius 100 mm Liivapaberi pikkus 150 mm Liivapaberi laius 100 mm Lihvimisamplituud 1.6 mm P\u00f6\u00f6rete arv [&hellip;]<\/p>\n","protected":false},"featured_media":31752,"comment_status":"closed","ping_status":"open","template":"","meta":{"inline_featured_image":false},"product_brand":[],"product_cat":[233],"product_tag":[],"class_list":{"0":"post-31751","1":"product","2":"type-product","3":"status-publish","4":"has-post-thumbnail","6":"product_cat-shlifovalnyj-instrument","7":"pa_asukoht-lasnamae","8":"pa_seisukord-ispolzovano","10":"first","11":"outofstock","12":"taxable","13":"shipping-taxable","14":"purchasable","15":"product-type-simple"},"_links":{"self":[{"href":"https:\/\/a-pant.ee\/ru\/wp-json\/wp\/v2\/product\/31751","targetHints":{"allow":["GET"]}}],"collection":[{"href":"https:\/\/a-pant.ee\/ru\/wp-json\/wp\/v2\/product"}],"about":[{"href":"https:\/\/a-pant.ee\/ru\/wp-json\/wp\/v2\/types\/product"}],"replies":[{"embeddable":true,"href":"https:\/\/a-pant.ee\/ru\/wp-json\/wp\/v2\/comments?post=31751"}],"wp:featuredmedia":[{"embeddable":true,"href":"https:\/\/a-pant.ee\/ru\/wp-json\/wp\/v2\/media\/31752"}],"wp:attachment":[{"href":"https:\/\/a-pant.ee\/ru\/wp-json\/wp\/v2\/media?parent=31751"}],"wp:term":[{"taxonomy":"product_brand","embeddable":true,"href":"https:\/\/a-pant.ee\/ru\/wp-json\/wp\/v2\/product_brand?post=31751"},{"taxonomy":"product_cat","embeddable":true,"href":"https:\/\/a-pant.ee\/ru\/wp-json\/wp\/v2\/product_cat?post=31751"},{"taxonomy":"product_tag","embeddable":true,"href":"https:\/\/a-pant.ee\/ru\/wp-json\/wp\/v2\/product_tag?post=31751"}],"curies":[{"name":"wp","href":"https:\/\/api.w.org\/{rel}","templated":true}]}}