{"id":31744,"date":"2026-02-04T13:53:25","date_gmt":"2026-02-04T10:53:25","guid":{"rendered":"https:\/\/a-pant.ee\/product\/aku-bolgarka-skil-ag1e392101-2\/"},"modified":"2026-02-22T12:19:47","modified_gmt":"2026-02-22T09:19:47","slug":"aku-bolgarka-skil-ag1e392101-bez-aku","status":"publish","type":"product","link":"https:\/\/a-pant.ee\/ru\/product\/aku-bolgarka-skil-ag1e392101-bez-aku\/","title":{"rendered":"\u0410\u043a\u0443-\u0411\u043e\u043b\u0433\u0430\u0440\u043a\u0430 Skil AG1E392101 \u0411\u0435\u0437 \u0410\u043a\u0443"},"content":{"rendered":"\n<p><b> Aku-relakas Skil AG1E392101 ilma aku <\/b> , heas seisu- ja t\u00f6\u00f6korras! <\/p><p> KIRJELDUS <\/p><ul><li> T\u00fc\u00fcp: akutoitel nurgalihvija <\/li><li> Pinge: 18 V (20 V Max) <\/li><li> Ketas: kuni 125 mm, M14 spindel <\/li><li> Kiirus: kuni 8500 p\/min <\/li><li> Kaal: umbes 1.7 kg ilma akuta <\/li><\/ul>\n","protected":false},"excerpt":{"rendered":"<p>Aku-relakas Skil AG1E392101 ilma aku , heas seisu- ja t\u00f6\u00f6korras! KIRJELDUS T\u00fc\u00fcp: akutoitel nurgalihvija Pinge: 18 V (20 V Max) Ketas: kuni 125 mm, M14 spindel Kiirus: kuni 8500 p\/min Kaal: umbes 1.7 kg ilma akuta<\/p>\n","protected":false},"featured_media":31745,"comment_status":"closed","ping_status":"open","template":"","meta":{"inline_featured_image":false},"product_brand":[],"product_cat":[235],"product_tag":[],"class_list":{"0":"post-31744","1":"product","2":"type-product","3":"status-publish","4":"has-post-thumbnail","6":"product_cat-bolgarki","7":"pa_asukoht-lasnamae","8":"pa_seisukord-ispolzovano","10":"first","11":"instock","12":"taxable","13":"shipping-taxable","14":"purchasable","15":"product-type-simple"},"_links":{"self":[{"href":"https:\/\/a-pant.ee\/ru\/wp-json\/wp\/v2\/product\/31744","targetHints":{"allow":["GET"]}}],"collection":[{"href":"https:\/\/a-pant.ee\/ru\/wp-json\/wp\/v2\/product"}],"about":[{"href":"https:\/\/a-pant.ee\/ru\/wp-json\/wp\/v2\/types\/product"}],"replies":[{"embeddable":true,"href":"https:\/\/a-pant.ee\/ru\/wp-json\/wp\/v2\/comments?post=31744"}],"wp:featuredmedia":[{"embeddable":true,"href":"https:\/\/a-pant.ee\/ru\/wp-json\/wp\/v2\/media\/31745"}],"wp:attachment":[{"href":"https:\/\/a-pant.ee\/ru\/wp-json\/wp\/v2\/media?parent=31744"}],"wp:term":[{"taxonomy":"product_brand","embeddable":true,"href":"https:\/\/a-pant.ee\/ru\/wp-json\/wp\/v2\/product_brand?post=31744"},{"taxonomy":"product_cat","embeddable":true,"href":"https:\/\/a-pant.ee\/ru\/wp-json\/wp\/v2\/product_cat?post=31744"},{"taxonomy":"product_tag","embeddable":true,"href":"https:\/\/a-pant.ee\/ru\/wp-json\/wp\/v2\/product_tag?post=31744"}],"curies":[{"name":"wp","href":"https:\/\/api.w.org\/{rel}","templated":true}]}}