{"id":31731,"date":"2026-02-04T13:53:25","date_gmt":"2026-02-04T10:53:25","guid":{"rendered":"https:\/\/a-pant.ee\/product\/noutbuk-asus-r420m-zaryadka\/"},"modified":"2026-02-22T12:19:46","modified_gmt":"2026-02-22T09:19:46","slug":"noutbuk-asus-r420m-zaryadka","status":"publish","type":"product","link":"https:\/\/a-pant.ee\/ru\/product\/noutbuk-asus-r420m-zaryadka\/","title":{"rendered":"\u041d\u043e\u0443\u0442\u0431\u0443\u043a Asus R420M + \u0437\u0430\u0440\u044f\u0434\u043a\u0430"},"content":{"rendered":"\n<p> S\u00fclearvuti Asus R420M + laadija, heas seisu- ja t\u00f6\u00f6korras! <\/p><p> KIRJELDUS <\/p><p> Protsessor:\u00a0Intel(R) Celeron(R) N4000 CPU @ 1.10GHz (2 CPUs) <\/p><p> Operatiiv m\u00e4lu:\u00a04,0GB (4096 MB) <\/p><p> Videokaart: Intel \u00ae UHD Graphics 600 <\/p><p> K\u00f5vakettas: SanDisk DA4064 57GB <\/p><p> Windows: 10 Home 64 bit <\/p>\n","protected":false},"excerpt":{"rendered":"<p>S\u00fclearvuti Asus R420M + laadija, heas seisu- ja t\u00f6\u00f6korras! KIRJELDUS Protsessor:\u00a0Intel(R) Celeron(R) N4000 CPU @ 1.10GHz (2 CPUs) Operatiiv m\u00e4lu:\u00a04,0GB (4096 MB) Videokaart: Intel \u00ae UHD Graphics 600 K\u00f5vakettas: SanDisk DA4064 57GB Windows: 10 Home 64 bit<\/p>\n","protected":false},"featured_media":31732,"comment_status":"closed","ping_status":"closed","template":"","meta":{"inline_featured_image":false},"product_brand":[],"product_cat":[179],"product_tag":[],"class_list":{"0":"post-31731","1":"product","2":"type-product","3":"status-publish","4":"has-post-thumbnail","6":"product_cat-noutbuki","7":"pa_asukoht-mustamae","8":"pa_seisukord-ispolzovano","10":"first","11":"instock","12":"sale","13":"taxable","14":"shipping-taxable","15":"purchasable","16":"product-type-simple"},"_links":{"self":[{"href":"https:\/\/a-pant.ee\/ru\/wp-json\/wp\/v2\/product\/31731","targetHints":{"allow":["GET"]}}],"collection":[{"href":"https:\/\/a-pant.ee\/ru\/wp-json\/wp\/v2\/product"}],"about":[{"href":"https:\/\/a-pant.ee\/ru\/wp-json\/wp\/v2\/types\/product"}],"replies":[{"embeddable":true,"href":"https:\/\/a-pant.ee\/ru\/wp-json\/wp\/v2\/comments?post=31731"}],"wp:featuredmedia":[{"embeddable":true,"href":"https:\/\/a-pant.ee\/ru\/wp-json\/wp\/v2\/media\/31732"}],"wp:attachment":[{"href":"https:\/\/a-pant.ee\/ru\/wp-json\/wp\/v2\/media?parent=31731"}],"wp:term":[{"taxonomy":"product_brand","embeddable":true,"href":"https:\/\/a-pant.ee\/ru\/wp-json\/wp\/v2\/product_brand?post=31731"},{"taxonomy":"product_cat","embeddable":true,"href":"https:\/\/a-pant.ee\/ru\/wp-json\/wp\/v2\/product_cat?post=31731"},{"taxonomy":"product_tag","embeddable":true,"href":"https:\/\/a-pant.ee\/ru\/wp-json\/wp\/v2\/product_tag?post=31731"}],"curies":[{"name":"wp","href":"https:\/\/api.w.org\/{rel}","templated":true}]}}